{"id":3296,"date":"2023-06-19T09:48:51","date_gmt":"2023-06-19T07:48:51","guid":{"rendered":"https:\/\/ferox.pl\/heat-pumps\/fenagy\/fenagy-h600\/"},"modified":"2023-06-30T11:19:41","modified_gmt":"2023-06-30T09:19:41","slug":"fenagy-h600","status":"publish","type":"page","link":"https:\/\/ferox.pl\/en\/heat-pumps\/fenagy\/fenagy-h600\/","title":{"rendered":"Fenagy H600"},"content":{"rendered":"","protected":false},"excerpt":{"rendered":"","protected":false},"author":4,"featured_media":3067,"parent":3252,"menu_order":2,"comment_status":"closed","ping_status":"closed","template":"silnik-single-page.php","meta":{"_acf_changed":false,"footnotes":""},"class_list":["post-3296","page","type-page","status-publish","has-post-thumbnail","hentry"],"acf":[],"yoast_head":"<!-- This site is optimized with the Yoast SEO plugin v26.4 - https:\/\/yoast.com\/wordpress\/plugins\/seo\/ -->\n<title>Fenagy H600 | Ferox Energy Systems Sp. z o. o.<\/title>\n<meta name=\"robots\" content=\"index, follow, max-snippet:-1, max-image-preview:large, max-video-preview:-1\" \/>\n<link rel=\"canonical\" href=\"https:\/\/ferox.pl\/en\/heat-pumps\/fenagy\/fenagy-h600\/\" \/>\n<meta property=\"og:locale\" content=\"en_US\" \/>\n<meta property=\"og:type\" content=\"article\" \/>\n<meta property=\"og:title\" content=\"Fenagy H600 | Ferox Energy Systems Sp. z o. o.\" \/>\n<meta property=\"og:url\" content=\"https:\/\/ferox.pl\/en\/heat-pumps\/fenagy\/fenagy-h600\/\" \/>\n<meta property=\"og:site_name\" content=\"Ferox Energy Systems Sp. z o. o.\" \/>\n<meta property=\"article:modified_time\" content=\"2023-06-30T09:19:41+00:00\" \/>\n<meta property=\"og:image\" content=\"https:\/\/ferox.pl\/wp-content\/uploads\/fenagy-podstrona-600.png\" \/>\n\t<meta property=\"og:image:width\" content=\"1606\" \/>\n\t<meta property=\"og:image:height\" content=\"939\" \/>\n\t<meta property=\"og:image:type\" content=\"image\/png\" \/>\n<meta name=\"twitter:card\" content=\"summary_large_image\" \/>\n<script type=\"application\/ld+json\" class=\"yoast-schema-graph\">{\"@context\":\"https:\/\/schema.org\",\"@graph\":[{\"@type\":\"WebPage\",\"@id\":\"https:\/\/ferox.pl\/en\/heat-pumps\/fenagy\/fenagy-h600\/\",\"url\":\"https:\/\/ferox.pl\/en\/heat-pumps\/fenagy\/fenagy-h600\/\",\"name\":\"Fenagy H600 | Ferox Energy Systems Sp. z o. o.\",\"isPartOf\":{\"@id\":\"https:\/\/ferox.pl\/#website\"},\"primaryImageOfPage\":{\"@id\":\"https:\/\/ferox.pl\/en\/heat-pumps\/fenagy\/fenagy-h600\/#primaryimage\"},\"image\":{\"@id\":\"https:\/\/ferox.pl\/en\/heat-pumps\/fenagy\/fenagy-h600\/#primaryimage\"},\"thumbnailUrl\":\"https:\/\/ferox.pl\/wp-content\/uploads\/fenagy-podstrona-600.png\",\"datePublished\":\"2023-06-19T07:48:51+00:00\",\"dateModified\":\"2023-06-30T09:19:41+00:00\",\"breadcrumb\":{\"@id\":\"https:\/\/ferox.pl\/en\/heat-pumps\/fenagy\/fenagy-h600\/#breadcrumb\"},\"inLanguage\":\"en-US\",\"potentialAction\":[{\"@type\":\"ReadAction\",\"target\":[\"https:\/\/ferox.pl\/en\/heat-pumps\/fenagy\/fenagy-h600\/\"]}]},{\"@type\":\"ImageObject\",\"inLanguage\":\"en-US\",\"@id\":\"https:\/\/ferox.pl\/en\/heat-pumps\/fenagy\/fenagy-h600\/#primaryimage\",\"url\":\"https:\/\/ferox.pl\/wp-content\/uploads\/fenagy-podstrona-600.png\",\"contentUrl\":\"https:\/\/ferox.pl\/wp-content\/uploads\/fenagy-podstrona-600.png\",\"width\":1606,\"height\":939},{\"@type\":\"BreadcrumbList\",\"@id\":\"https:\/\/ferox.pl\/en\/heat-pumps\/fenagy\/fenagy-h600\/#breadcrumb\",\"itemListElement\":[{\"@type\":\"ListItem\",\"position\":1,\"name\":\"Home\",\"item\":\"https:\/\/ferox.pl\/en\/\"},{\"@type\":\"ListItem\",\"position\":2,\"name\":\"Heat pumps\",\"item\":\"https:\/\/ferox.pl\/en\/heat-pumps\/\"},{\"@type\":\"ListItem\",\"position\":3,\"name\":\"Fenagy\",\"item\":\"https:\/\/ferox.pl\/en\/heat-pumps\/fenagy\/\"},{\"@type\":\"ListItem\",\"position\":4,\"name\":\"Fenagy H600\"}]},{\"@type\":\"WebSite\",\"@id\":\"https:\/\/ferox.pl\/#website\",\"url\":\"https:\/\/ferox.pl\/\",\"name\":\"Ferox Energy Systems Sp. z o. o.\",\"description\":\"Ferox Energy Systems sp. z o. o. to firma dzia\u0142aj\u0105ca w bran\u017cy od 1997 roku. Oferujemy kompleksowe rozwi\u0105zania w zakresie uk\u0142ad\u00f3w kogeneracyjnych i trigeneracyjnych na bazie silnik\u00f3w gazowych firmy INNIO Jenbacher.\",\"potentialAction\":[{\"@type\":\"SearchAction\",\"target\":{\"@type\":\"EntryPoint\",\"urlTemplate\":\"https:\/\/ferox.pl\/?s={search_term_string}\"},\"query-input\":{\"@type\":\"PropertyValueSpecification\",\"valueRequired\":true,\"valueName\":\"search_term_string\"}}],\"inLanguage\":\"en-US\"}]}<\/script>\n<!-- \/ Yoast SEO plugin. -->","yoast_head_json":{"title":"Fenagy H600 | Ferox Energy Systems Sp. z o. o.","robots":{"index":"index","follow":"follow","max-snippet":"max-snippet:-1","max-image-preview":"max-image-preview:large","max-video-preview":"max-video-preview:-1"},"canonical":"https:\/\/ferox.pl\/en\/heat-pumps\/fenagy\/fenagy-h600\/","og_locale":"en_US","og_type":"article","og_title":"Fenagy H600 | Ferox Energy Systems Sp. z o. o.","og_url":"https:\/\/ferox.pl\/en\/heat-pumps\/fenagy\/fenagy-h600\/","og_site_name":"Ferox Energy Systems Sp. z o. o.","article_modified_time":"2023-06-30T09:19:41+00:00","og_image":[{"width":1606,"height":939,"url":"https:\/\/ferox.pl\/wp-content\/uploads\/fenagy-podstrona-600.png","type":"image\/png"}],"twitter_card":"summary_large_image","schema":{"@context":"https:\/\/schema.org","@graph":[{"@type":"WebPage","@id":"https:\/\/ferox.pl\/en\/heat-pumps\/fenagy\/fenagy-h600\/","url":"https:\/\/ferox.pl\/en\/heat-pumps\/fenagy\/fenagy-h600\/","name":"Fenagy H600 | Ferox Energy Systems Sp. z o. o.","isPartOf":{"@id":"https:\/\/ferox.pl\/#website"},"primaryImageOfPage":{"@id":"https:\/\/ferox.pl\/en\/heat-pumps\/fenagy\/fenagy-h600\/#primaryimage"},"image":{"@id":"https:\/\/ferox.pl\/en\/heat-pumps\/fenagy\/fenagy-h600\/#primaryimage"},"thumbnailUrl":"https:\/\/ferox.pl\/wp-content\/uploads\/fenagy-podstrona-600.png","datePublished":"2023-06-19T07:48:51+00:00","dateModified":"2023-06-30T09:19:41+00:00","breadcrumb":{"@id":"https:\/\/ferox.pl\/en\/heat-pumps\/fenagy\/fenagy-h600\/#breadcrumb"},"inLanguage":"en-US","potentialAction":[{"@type":"ReadAction","target":["https:\/\/ferox.pl\/en\/heat-pumps\/fenagy\/fenagy-h600\/"]}]},{"@type":"ImageObject","inLanguage":"en-US","@id":"https:\/\/ferox.pl\/en\/heat-pumps\/fenagy\/fenagy-h600\/#primaryimage","url":"https:\/\/ferox.pl\/wp-content\/uploads\/fenagy-podstrona-600.png","contentUrl":"https:\/\/ferox.pl\/wp-content\/uploads\/fenagy-podstrona-600.png","width":1606,"height":939},{"@type":"BreadcrumbList","@id":"https:\/\/ferox.pl\/en\/heat-pumps\/fenagy\/fenagy-h600\/#breadcrumb","itemListElement":[{"@type":"ListItem","position":1,"name":"Home","item":"https:\/\/ferox.pl\/en\/"},{"@type":"ListItem","position":2,"name":"Heat pumps","item":"https:\/\/ferox.pl\/en\/heat-pumps\/"},{"@type":"ListItem","position":3,"name":"Fenagy","item":"https:\/\/ferox.pl\/en\/heat-pumps\/fenagy\/"},{"@type":"ListItem","position":4,"name":"Fenagy H600"}]},{"@type":"WebSite","@id":"https:\/\/ferox.pl\/#website","url":"https:\/\/ferox.pl\/","name":"Ferox Energy Systems Sp. z o. o.","description":"Ferox Energy Systems sp. z o. o. to firma dzia\u0142aj\u0105ca w bran\u017cy od 1997 roku. Oferujemy kompleksowe rozwi\u0105zania w zakresie uk\u0142ad\u00f3w kogeneracyjnych i trigeneracyjnych na bazie silnik\u00f3w gazowych firmy INNIO Jenbacher.","potentialAction":[{"@type":"SearchAction","target":{"@type":"EntryPoint","urlTemplate":"https:\/\/ferox.pl\/?s={search_term_string}"},"query-input":{"@type":"PropertyValueSpecification","valueRequired":true,"valueName":"search_term_string"}}],"inLanguage":"en-US"}]}},"_links":{"self":[{"href":"https:\/\/ferox.pl\/en\/wp-json\/wp\/v2\/pages\/3296","targetHints":{"allow":["GET"]}}],"collection":[{"href":"https:\/\/ferox.pl\/en\/wp-json\/wp\/v2\/pages"}],"about":[{"href":"https:\/\/ferox.pl\/en\/wp-json\/wp\/v2\/types\/page"}],"author":[{"embeddable":true,"href":"https:\/\/ferox.pl\/en\/wp-json\/wp\/v2\/users\/4"}],"replies":[{"embeddable":true,"href":"https:\/\/ferox.pl\/en\/wp-json\/wp\/v2\/comments?post=3296"}],"version-history":[{"count":2,"href":"https:\/\/ferox.pl\/en\/wp-json\/wp\/v2\/pages\/3296\/revisions"}],"predecessor-version":[{"id":3298,"href":"https:\/\/ferox.pl\/en\/wp-json\/wp\/v2\/pages\/3296\/revisions\/3298"}],"up":[{"embeddable":true,"href":"https:\/\/ferox.pl\/en\/wp-json\/wp\/v2\/pages\/3252"}],"wp:featuredmedia":[{"embeddable":true,"href":"https:\/\/ferox.pl\/en\/wp-json\/wp\/v2\/media\/3067"}],"wp:attachment":[{"href":"https:\/\/ferox.pl\/en\/wp-json\/wp\/v2\/media?parent=3296"}],"curies":[{"name":"wp","href":"https:\/\/api.w.org\/{rel}","templated":true}]}}