{"id":3268,"date":"2023-06-19T09:14:42","date_gmt":"2023-06-19T07:14:42","guid":{"rendered":"https:\/\/ferox.pl\/heat-pumps\/johnson-controls\/sabroe-dualpac\/"},"modified":"2023-06-30T10:23:18","modified_gmt":"2023-06-30T08:23:18","slug":"sabroe-dualpac","status":"publish","type":"page","link":"https:\/\/ferox.pl\/en\/heat-pumps\/johnson-controls\/sabroe-dualpac\/","title":{"rendered":"Sabroe <br \/>DualPAC"},"content":{"rendered":"\n<p class=\"has-text-align-center mb-5\"><strong>The DualPAC heat pump range includes 17 different models with heating capacities from 400 kW to 3000 kW.<\/strong><\/p>\n","protected":false},"excerpt":{"rendered":"<p>The DualPAC heat pump range includes 17 different models with heating capacities from 400 kW to 3000 kW.<\/p>\n","protected":false},"author":4,"featured_media":3100,"parent":3257,"menu_order":0,"comment_status":"closed","ping_status":"closed","template":"silnik-single-page.php","meta":{"_acf_changed":false,"footnotes":""},"class_list":["post-3268","page","type-page","status-publish","has-post-thumbnail","hentry"],"acf":[],"yoast_head":"<!-- This site is optimized with the Yoast SEO plugin v26.4 - https:\/\/yoast.com\/wordpress\/plugins\/seo\/ -->\n<title>Sabroe DualPAC | Ferox Energy Systems Sp. z o. o.<\/title>\n<meta name=\"robots\" content=\"index, follow, max-snippet:-1, max-image-preview:large, max-video-preview:-1\" \/>\n<link rel=\"canonical\" href=\"https:\/\/ferox.pl\/en\/heat-pumps\/johnson-controls\/sabroe-dualpac\/\" \/>\n<meta property=\"og:locale\" content=\"en_US\" \/>\n<meta property=\"og:type\" content=\"article\" \/>\n<meta property=\"og:title\" content=\"Sabroe DualPAC | Ferox Energy Systems Sp. z o. o.\" \/>\n<meta property=\"og:description\" content=\"The DualPAC heat pump range includes 17 different models with heating capacities from 400 kW to 3000 kW.\" \/>\n<meta property=\"og:url\" content=\"https:\/\/ferox.pl\/en\/heat-pumps\/johnson-controls\/sabroe-dualpac\/\" \/>\n<meta property=\"og:site_name\" content=\"Ferox Energy Systems Sp. z o. o.\" \/>\n<meta property=\"article:modified_time\" content=\"2023-06-30T08:23:18+00:00\" \/>\n<meta property=\"og:image\" content=\"https:\/\/ferox.pl\/wp-content\/uploads\/jc-podstrona-dualpac.png\" \/>\n\t<meta property=\"og:image:width\" content=\"1606\" \/>\n\t<meta property=\"og:image:height\" content=\"939\" \/>\n\t<meta property=\"og:image:type\" content=\"image\/png\" \/>\n<meta name=\"twitter:card\" content=\"summary_large_image\" \/>\n<script type=\"application\/ld+json\" class=\"yoast-schema-graph\">{\"@context\":\"https:\/\/schema.org\",\"@graph\":[{\"@type\":\"WebPage\",\"@id\":\"https:\/\/ferox.pl\/en\/heat-pumps\/johnson-controls\/sabroe-dualpac\/\",\"url\":\"https:\/\/ferox.pl\/en\/heat-pumps\/johnson-controls\/sabroe-dualpac\/\",\"name\":\"Sabroe DualPAC | Ferox Energy Systems Sp. z o. o.\",\"isPartOf\":{\"@id\":\"https:\/\/ferox.pl\/#website\"},\"primaryImageOfPage\":{\"@id\":\"https:\/\/ferox.pl\/en\/heat-pumps\/johnson-controls\/sabroe-dualpac\/#primaryimage\"},\"image\":{\"@id\":\"https:\/\/ferox.pl\/en\/heat-pumps\/johnson-controls\/sabroe-dualpac\/#primaryimage\"},\"thumbnailUrl\":\"https:\/\/ferox.pl\/wp-content\/uploads\/jc-podstrona-dualpac.png\",\"datePublished\":\"2023-06-19T07:14:42+00:00\",\"dateModified\":\"2023-06-30T08:23:18+00:00\",\"breadcrumb\":{\"@id\":\"https:\/\/ferox.pl\/en\/heat-pumps\/johnson-controls\/sabroe-dualpac\/#breadcrumb\"},\"inLanguage\":\"en-US\",\"potentialAction\":[{\"@type\":\"ReadAction\",\"target\":[\"https:\/\/ferox.pl\/en\/heat-pumps\/johnson-controls\/sabroe-dualpac\/\"]}]},{\"@type\":\"ImageObject\",\"inLanguage\":\"en-US\",\"@id\":\"https:\/\/ferox.pl\/en\/heat-pumps\/johnson-controls\/sabroe-dualpac\/#primaryimage\",\"url\":\"https:\/\/ferox.pl\/wp-content\/uploads\/jc-podstrona-dualpac.png\",\"contentUrl\":\"https:\/\/ferox.pl\/wp-content\/uploads\/jc-podstrona-dualpac.png\",\"width\":1606,\"height\":939},{\"@type\":\"BreadcrumbList\",\"@id\":\"https:\/\/ferox.pl\/en\/heat-pumps\/johnson-controls\/sabroe-dualpac\/#breadcrumb\",\"itemListElement\":[{\"@type\":\"ListItem\",\"position\":1,\"name\":\"Home\",\"item\":\"https:\/\/ferox.pl\/en\/\"},{\"@type\":\"ListItem\",\"position\":2,\"name\":\"Heat pumps\",\"item\":\"https:\/\/ferox.pl\/en\/heat-pumps\/\"},{\"@type\":\"ListItem\",\"position\":3,\"name\":\"Johnson Controls\",\"item\":\"https:\/\/ferox.pl\/en\/heat-pumps\/johnson-controls\/\"},{\"@type\":\"ListItem\",\"position\":4,\"name\":\"Sabroe DualPAC\"}]},{\"@type\":\"WebSite\",\"@id\":\"https:\/\/ferox.pl\/#website\",\"url\":\"https:\/\/ferox.pl\/\",\"name\":\"Ferox Energy Systems Sp. z o. o.\",\"description\":\"Ferox Energy Systems sp. z o. o. to firma dzia\u0142aj\u0105ca w bran\u017cy od 1997 roku. Oferujemy kompleksowe rozwi\u0105zania w zakresie uk\u0142ad\u00f3w kogeneracyjnych i trigeneracyjnych na bazie silnik\u00f3w gazowych firmy INNIO Jenbacher.\",\"potentialAction\":[{\"@type\":\"SearchAction\",\"target\":{\"@type\":\"EntryPoint\",\"urlTemplate\":\"https:\/\/ferox.pl\/?s={search_term_string}\"},\"query-input\":{\"@type\":\"PropertyValueSpecification\",\"valueRequired\":true,\"valueName\":\"search_term_string\"}}],\"inLanguage\":\"en-US\"}]}<\/script>\n<!-- \/ Yoast SEO plugin. -->","yoast_head_json":{"title":"Sabroe DualPAC | Ferox Energy Systems Sp. z o. o.","robots":{"index":"index","follow":"follow","max-snippet":"max-snippet:-1","max-image-preview":"max-image-preview:large","max-video-preview":"max-video-preview:-1"},"canonical":"https:\/\/ferox.pl\/en\/heat-pumps\/johnson-controls\/sabroe-dualpac\/","og_locale":"en_US","og_type":"article","og_title":"Sabroe DualPAC | Ferox Energy Systems Sp. z o. o.","og_description":"The DualPAC heat pump range includes 17 different models with heating capacities from 400 kW to 3000 kW.","og_url":"https:\/\/ferox.pl\/en\/heat-pumps\/johnson-controls\/sabroe-dualpac\/","og_site_name":"Ferox Energy Systems Sp. z o. o.","article_modified_time":"2023-06-30T08:23:18+00:00","og_image":[{"width":1606,"height":939,"url":"https:\/\/ferox.pl\/wp-content\/uploads\/jc-podstrona-dualpac.png","type":"image\/png"}],"twitter_card":"summary_large_image","schema":{"@context":"https:\/\/schema.org","@graph":[{"@type":"WebPage","@id":"https:\/\/ferox.pl\/en\/heat-pumps\/johnson-controls\/sabroe-dualpac\/","url":"https:\/\/ferox.pl\/en\/heat-pumps\/johnson-controls\/sabroe-dualpac\/","name":"Sabroe DualPAC | Ferox Energy Systems Sp. z o. o.","isPartOf":{"@id":"https:\/\/ferox.pl\/#website"},"primaryImageOfPage":{"@id":"https:\/\/ferox.pl\/en\/heat-pumps\/johnson-controls\/sabroe-dualpac\/#primaryimage"},"image":{"@id":"https:\/\/ferox.pl\/en\/heat-pumps\/johnson-controls\/sabroe-dualpac\/#primaryimage"},"thumbnailUrl":"https:\/\/ferox.pl\/wp-content\/uploads\/jc-podstrona-dualpac.png","datePublished":"2023-06-19T07:14:42+00:00","dateModified":"2023-06-30T08:23:18+00:00","breadcrumb":{"@id":"https:\/\/ferox.pl\/en\/heat-pumps\/johnson-controls\/sabroe-dualpac\/#breadcrumb"},"inLanguage":"en-US","potentialAction":[{"@type":"ReadAction","target":["https:\/\/ferox.pl\/en\/heat-pumps\/johnson-controls\/sabroe-dualpac\/"]}]},{"@type":"ImageObject","inLanguage":"en-US","@id":"https:\/\/ferox.pl\/en\/heat-pumps\/johnson-controls\/sabroe-dualpac\/#primaryimage","url":"https:\/\/ferox.pl\/wp-content\/uploads\/jc-podstrona-dualpac.png","contentUrl":"https:\/\/ferox.pl\/wp-content\/uploads\/jc-podstrona-dualpac.png","width":1606,"height":939},{"@type":"BreadcrumbList","@id":"https:\/\/ferox.pl\/en\/heat-pumps\/johnson-controls\/sabroe-dualpac\/#breadcrumb","itemListElement":[{"@type":"ListItem","position":1,"name":"Home","item":"https:\/\/ferox.pl\/en\/"},{"@type":"ListItem","position":2,"name":"Heat pumps","item":"https:\/\/ferox.pl\/en\/heat-pumps\/"},{"@type":"ListItem","position":3,"name":"Johnson Controls","item":"https:\/\/ferox.pl\/en\/heat-pumps\/johnson-controls\/"},{"@type":"ListItem","position":4,"name":"Sabroe DualPAC"}]},{"@type":"WebSite","@id":"https:\/\/ferox.pl\/#website","url":"https:\/\/ferox.pl\/","name":"Ferox Energy Systems Sp. z o. o.","description":"Ferox Energy Systems sp. z o. o. to firma dzia\u0142aj\u0105ca w bran\u017cy od 1997 roku. Oferujemy kompleksowe rozwi\u0105zania w zakresie uk\u0142ad\u00f3w kogeneracyjnych i trigeneracyjnych na bazie silnik\u00f3w gazowych firmy INNIO Jenbacher.","potentialAction":[{"@type":"SearchAction","target":{"@type":"EntryPoint","urlTemplate":"https:\/\/ferox.pl\/?s={search_term_string}"},"query-input":{"@type":"PropertyValueSpecification","valueRequired":true,"valueName":"search_term_string"}}],"inLanguage":"en-US"}]}},"_links":{"self":[{"href":"https:\/\/ferox.pl\/en\/wp-json\/wp\/v2\/pages\/3268","targetHints":{"allow":["GET"]}}],"collection":[{"href":"https:\/\/ferox.pl\/en\/wp-json\/wp\/v2\/pages"}],"about":[{"href":"https:\/\/ferox.pl\/en\/wp-json\/wp\/v2\/types\/page"}],"author":[{"embeddable":true,"href":"https:\/\/ferox.pl\/en\/wp-json\/wp\/v2\/users\/4"}],"replies":[{"embeddable":true,"href":"https:\/\/ferox.pl\/en\/wp-json\/wp\/v2\/comments?post=3268"}],"version-history":[{"count":5,"href":"https:\/\/ferox.pl\/en\/wp-json\/wp\/v2\/pages\/3268\/revisions"}],"predecessor-version":[{"id":3273,"href":"https:\/\/ferox.pl\/en\/wp-json\/wp\/v2\/pages\/3268\/revisions\/3273"}],"up":[{"embeddable":true,"href":"https:\/\/ferox.pl\/en\/wp-json\/wp\/v2\/pages\/3257"}],"wp:featuredmedia":[{"embeddable":true,"href":"https:\/\/ferox.pl\/en\/wp-json\/wp\/v2\/media\/3100"}],"wp:attachment":[{"href":"https:\/\/ferox.pl\/en\/wp-json\/wp\/v2\/media?parent=3268"}],"curies":[{"name":"wp","href":"https:\/\/api.w.org\/{rel}","templated":true}]}}