{"id":3257,"date":"2023-06-19T08:31:20","date_gmt":"2023-06-19T06:31:20","guid":{"rendered":"https:\/\/ferox.pl\/heat-pumps\/johnson-controls\/"},"modified":"2023-06-30T10:09:14","modified_gmt":"2023-06-30T08:09:14","slug":"johnson-controls","status":"publish","type":"page","link":"https:\/\/ferox.pl\/en\/heat-pumps\/johnson-controls\/","title":{"rendered":"Johnson Controls"},"content":{"rendered":"\n<div class=\"wp-block-columns are-vertically-aligned-center pb-4 is-layout-flex wp-container-core-columns-is-layout-9d6595d7 wp-block-columns-is-layout-flex\">\n<div class=\"wp-block-column is-vertically-aligned-center is-layout-flow wp-block-column-is-layout-flow\">\n<h2 class=\"wp-block-heading\">Heat pumps<br>JOHNSON CONTROLS<\/h2>\n\n\n\n<p>Johnson Controls has a unique heritage in providing smart and sustainable technology, dating back to 1885. Today, they offer professional industrial refrigeration solutions with a global portfolio of proven solutions.<\/p>\n\n\n\n<p>The quality and reliability of Sabroe compressors and other refrigeration equipment means they are the ideal foundation for building larger, specialized solutions.<\/p>\n\n\n\n<p>Sabroe&#8217;s compressor technology and refrigeration know-how can be combined into many innovative new refrigeration packages.<\/p>\n<\/div>\n\n\n\n<div class=\"wp-block-column is-vertically-aligned-center is-layout-flow wp-block-column-is-layout-flow\">\n<figure class=\"wp-block-image size-full\"><img loading=\"lazy\" decoding=\"async\" width=\"659\" height=\"550\" src=\"https:\/\/ferox.pl\/wp-content\/uploads\/pompy-img-kategoria-jc.jpg\" alt=\"\" class=\"wp-image-2960\"\/><\/figure>\n<\/div>\n<\/div>\n","protected":false},"excerpt":{"rendered":"<p>Heat pumpsJOHNSON CONTROLS Johnson Controls has a unique heritage in providing smart and sustainable technology, dating back to 1885. Today, they offer professional industrial refrigeration solutions with a global portfolio of proven solutions. The quality and reliability of Sabroe compressors and other refrigeration equipment means they are the ideal foundation for building larger, specialized solutions. [&hellip;]<\/p>\n","protected":false},"author":4,"featured_media":2954,"parent":3244,"menu_order":0,"comment_status":"closed","ping_status":"closed","template":"pompy-ciepla-grid-3-page.php","meta":{"_acf_changed":false,"footnotes":""},"class_list":["post-3257","page","type-page","status-publish","has-post-thumbnail","hentry"],"acf":[],"yoast_head":"<!-- This site is optimized with the Yoast SEO plugin v26.4 - https:\/\/yoast.com\/wordpress\/plugins\/seo\/ -->\n<title>Johnson Controls | Ferox Energy Systems Sp. z o. o.<\/title>\n<meta name=\"robots\" content=\"index, follow, max-snippet:-1, max-image-preview:large, max-video-preview:-1\" \/>\n<link rel=\"canonical\" href=\"https:\/\/ferox.pl\/en\/heat-pumps\/johnson-controls\/\" \/>\n<meta property=\"og:locale\" content=\"en_US\" \/>\n<meta property=\"og:type\" content=\"article\" \/>\n<meta property=\"og:title\" content=\"Johnson Controls | Ferox Energy Systems Sp. z o. o.\" \/>\n<meta property=\"og:description\" content=\"Heat pumpsJOHNSON CONTROLS Johnson Controls has a unique heritage in providing smart and sustainable technology, dating back to 1885. Today, they offer professional industrial refrigeration solutions with a global portfolio of proven solutions. The quality and reliability of Sabroe compressors and other refrigeration equipment means they are the ideal foundation for building larger, specialized solutions. [&hellip;]\" \/>\n<meta property=\"og:url\" content=\"https:\/\/ferox.pl\/en\/heat-pumps\/johnson-controls\/\" \/>\n<meta property=\"og:site_name\" content=\"Ferox Energy Systems Sp. z o. o.\" \/>\n<meta property=\"article:modified_time\" content=\"2023-06-30T08:09:14+00:00\" \/>\n<meta property=\"og:image\" content=\"https:\/\/ferox.pl\/wp-content\/uploads\/pompa-johnson-controls.png\" \/>\n\t<meta property=\"og:image:width\" content=\"820\" \/>\n\t<meta property=\"og:image:height\" content=\"520\" \/>\n\t<meta property=\"og:image:type\" content=\"image\/png\" \/>\n<meta name=\"twitter:card\" content=\"summary_large_image\" \/>\n<script type=\"application\/ld+json\" class=\"yoast-schema-graph\">{\"@context\":\"https:\/\/schema.org\",\"@graph\":[{\"@type\":\"WebPage\",\"@id\":\"https:\/\/ferox.pl\/en\/heat-pumps\/johnson-controls\/\",\"url\":\"https:\/\/ferox.pl\/en\/heat-pumps\/johnson-controls\/\",\"name\":\"Johnson Controls | Ferox Energy Systems Sp. z o. o.\",\"isPartOf\":{\"@id\":\"https:\/\/ferox.pl\/#website\"},\"primaryImageOfPage\":{\"@id\":\"https:\/\/ferox.pl\/en\/heat-pumps\/johnson-controls\/#primaryimage\"},\"image\":{\"@id\":\"https:\/\/ferox.pl\/en\/heat-pumps\/johnson-controls\/#primaryimage\"},\"thumbnailUrl\":\"https:\/\/ferox.pl\/wp-content\/uploads\/pompa-johnson-controls.png\",\"datePublished\":\"2023-06-19T06:31:20+00:00\",\"dateModified\":\"2023-06-30T08:09:14+00:00\",\"breadcrumb\":{\"@id\":\"https:\/\/ferox.pl\/en\/heat-pumps\/johnson-controls\/#breadcrumb\"},\"inLanguage\":\"en-US\",\"potentialAction\":[{\"@type\":\"ReadAction\",\"target\":[\"https:\/\/ferox.pl\/en\/heat-pumps\/johnson-controls\/\"]}]},{\"@type\":\"ImageObject\",\"inLanguage\":\"en-US\",\"@id\":\"https:\/\/ferox.pl\/en\/heat-pumps\/johnson-controls\/#primaryimage\",\"url\":\"https:\/\/ferox.pl\/wp-content\/uploads\/pompa-johnson-controls.png\",\"contentUrl\":\"https:\/\/ferox.pl\/wp-content\/uploads\/pompa-johnson-controls.png\",\"width\":820,\"height\":520},{\"@type\":\"BreadcrumbList\",\"@id\":\"https:\/\/ferox.pl\/en\/heat-pumps\/johnson-controls\/#breadcrumb\",\"itemListElement\":[{\"@type\":\"ListItem\",\"position\":1,\"name\":\"Home\",\"item\":\"https:\/\/ferox.pl\/en\/\"},{\"@type\":\"ListItem\",\"position\":2,\"name\":\"Heat pumps\",\"item\":\"https:\/\/ferox.pl\/en\/heat-pumps\/\"},{\"@type\":\"ListItem\",\"position\":3,\"name\":\"Johnson Controls\"}]},{\"@type\":\"WebSite\",\"@id\":\"https:\/\/ferox.pl\/#website\",\"url\":\"https:\/\/ferox.pl\/\",\"name\":\"Ferox Energy Systems Sp. z o. o.\",\"description\":\"Ferox Energy Systems sp. z o. o. to firma dzia\u0142aj\u0105ca w bran\u017cy od 1997 roku. Oferujemy kompleksowe rozwi\u0105zania w zakresie uk\u0142ad\u00f3w kogeneracyjnych i trigeneracyjnych na bazie silnik\u00f3w gazowych firmy INNIO Jenbacher.\",\"potentialAction\":[{\"@type\":\"SearchAction\",\"target\":{\"@type\":\"EntryPoint\",\"urlTemplate\":\"https:\/\/ferox.pl\/?s={search_term_string}\"},\"query-input\":{\"@type\":\"PropertyValueSpecification\",\"valueRequired\":true,\"valueName\":\"search_term_string\"}}],\"inLanguage\":\"en-US\"}]}<\/script>\n<!-- \/ Yoast SEO plugin. -->","yoast_head_json":{"title":"Johnson Controls | Ferox Energy Systems Sp. z o. o.","robots":{"index":"index","follow":"follow","max-snippet":"max-snippet:-1","max-image-preview":"max-image-preview:large","max-video-preview":"max-video-preview:-1"},"canonical":"https:\/\/ferox.pl\/en\/heat-pumps\/johnson-controls\/","og_locale":"en_US","og_type":"article","og_title":"Johnson Controls | Ferox Energy Systems Sp. z o. o.","og_description":"Heat pumpsJOHNSON CONTROLS Johnson Controls has a unique heritage in providing smart and sustainable technology, dating back to 1885. Today, they offer professional industrial refrigeration solutions with a global portfolio of proven solutions. The quality and reliability of Sabroe compressors and other refrigeration equipment means they are the ideal foundation for building larger, specialized solutions. [&hellip;]","og_url":"https:\/\/ferox.pl\/en\/heat-pumps\/johnson-controls\/","og_site_name":"Ferox Energy Systems Sp. z o. o.","article_modified_time":"2023-06-30T08:09:14+00:00","og_image":[{"width":820,"height":520,"url":"https:\/\/ferox.pl\/wp-content\/uploads\/pompa-johnson-controls.png","type":"image\/png"}],"twitter_card":"summary_large_image","schema":{"@context":"https:\/\/schema.org","@graph":[{"@type":"WebPage","@id":"https:\/\/ferox.pl\/en\/heat-pumps\/johnson-controls\/","url":"https:\/\/ferox.pl\/en\/heat-pumps\/johnson-controls\/","name":"Johnson Controls | Ferox Energy Systems Sp. z o. o.","isPartOf":{"@id":"https:\/\/ferox.pl\/#website"},"primaryImageOfPage":{"@id":"https:\/\/ferox.pl\/en\/heat-pumps\/johnson-controls\/#primaryimage"},"image":{"@id":"https:\/\/ferox.pl\/en\/heat-pumps\/johnson-controls\/#primaryimage"},"thumbnailUrl":"https:\/\/ferox.pl\/wp-content\/uploads\/pompa-johnson-controls.png","datePublished":"2023-06-19T06:31:20+00:00","dateModified":"2023-06-30T08:09:14+00:00","breadcrumb":{"@id":"https:\/\/ferox.pl\/en\/heat-pumps\/johnson-controls\/#breadcrumb"},"inLanguage":"en-US","potentialAction":[{"@type":"ReadAction","target":["https:\/\/ferox.pl\/en\/heat-pumps\/johnson-controls\/"]}]},{"@type":"ImageObject","inLanguage":"en-US","@id":"https:\/\/ferox.pl\/en\/heat-pumps\/johnson-controls\/#primaryimage","url":"https:\/\/ferox.pl\/wp-content\/uploads\/pompa-johnson-controls.png","contentUrl":"https:\/\/ferox.pl\/wp-content\/uploads\/pompa-johnson-controls.png","width":820,"height":520},{"@type":"BreadcrumbList","@id":"https:\/\/ferox.pl\/en\/heat-pumps\/johnson-controls\/#breadcrumb","itemListElement":[{"@type":"ListItem","position":1,"name":"Home","item":"https:\/\/ferox.pl\/en\/"},{"@type":"ListItem","position":2,"name":"Heat pumps","item":"https:\/\/ferox.pl\/en\/heat-pumps\/"},{"@type":"ListItem","position":3,"name":"Johnson Controls"}]},{"@type":"WebSite","@id":"https:\/\/ferox.pl\/#website","url":"https:\/\/ferox.pl\/","name":"Ferox Energy Systems Sp. z o. o.","description":"Ferox Energy Systems sp. z o. o. to firma dzia\u0142aj\u0105ca w bran\u017cy od 1997 roku. Oferujemy kompleksowe rozwi\u0105zania w zakresie uk\u0142ad\u00f3w kogeneracyjnych i trigeneracyjnych na bazie silnik\u00f3w gazowych firmy INNIO Jenbacher.","potentialAction":[{"@type":"SearchAction","target":{"@type":"EntryPoint","urlTemplate":"https:\/\/ferox.pl\/?s={search_term_string}"},"query-input":{"@type":"PropertyValueSpecification","valueRequired":true,"valueName":"search_term_string"}}],"inLanguage":"en-US"}]}},"_links":{"self":[{"href":"https:\/\/ferox.pl\/en\/wp-json\/wp\/v2\/pages\/3257","targetHints":{"allow":["GET"]}}],"collection":[{"href":"https:\/\/ferox.pl\/en\/wp-json\/wp\/v2\/pages"}],"about":[{"href":"https:\/\/ferox.pl\/en\/wp-json\/wp\/v2\/types\/page"}],"author":[{"embeddable":true,"href":"https:\/\/ferox.pl\/en\/wp-json\/wp\/v2\/users\/4"}],"replies":[{"embeddable":true,"href":"https:\/\/ferox.pl\/en\/wp-json\/wp\/v2\/comments?post=3257"}],"version-history":[{"count":1,"href":"https:\/\/ferox.pl\/en\/wp-json\/wp\/v2\/pages\/3257\/revisions"}],"predecessor-version":[{"id":3259,"href":"https:\/\/ferox.pl\/en\/wp-json\/wp\/v2\/pages\/3257\/revisions\/3259"}],"up":[{"embeddable":true,"href":"https:\/\/ferox.pl\/en\/wp-json\/wp\/v2\/pages\/3244"}],"wp:featuredmedia":[{"embeddable":true,"href":"https:\/\/ferox.pl\/en\/wp-json\/wp\/v2\/media\/2954"}],"wp:attachment":[{"href":"https:\/\/ferox.pl\/en\/wp-json\/wp\/v2\/media?parent=3257"}],"curies":[{"name":"wp","href":"https:\/\/api.w.org\/{rel}","templated":true}]}}