{"id":3244,"date":"2023-06-19T08:07:41","date_gmt":"2023-06-19T06:07:41","guid":{"rendered":"https:\/\/ferox.pl\/pompy-ciepla\/"},"modified":"2023-06-30T09:59:46","modified_gmt":"2023-06-30T07:59:46","slug":"heat-pumps","status":"publish","type":"page","link":"https:\/\/ferox.pl\/en\/heat-pumps\/","title":{"rendered":"Heat pumps"},"content":{"rendered":"\n<div class=\"wp-block-columns are-vertically-aligned-center pb-4 is-layout-flex wp-container-core-columns-is-layout-9d6595d7 wp-block-columns-is-layout-flex\">\n<div class=\"wp-block-column is-vertically-aligned-center is-layout-flow wp-block-column-is-layout-flow\">\n<h2 class=\"wp-block-heading\">Industrial<br>heat pumps<\/h2>\n\n\n\n<p>The industrial heat pumps we offer, are technologically advanced devices, the use of which enables efficient use of thermal energy, which translates into financial savings, environmental protection and improved energy efficiency of industrial processes.<\/p>\n\n\n\n<p>By using low-temperature heat sources such as air water or ground, heat pumps can convert a small amount of supplied electricity into a much larger amount of thermal energy. This reduces the consumption of energy itself and operating costs, and when combined with renewable heat sources such as solar, air or water, they help reduce greenhouse gas emissions and contribute to reducing air pollution and limiting the impact on climate change.<\/p>\n\n\n\n<p>The versatility and multifunctionality of heat pumps allows them to be used in various industries.<\/p>\n<\/div>\n\n\n\n<div class=\"wp-block-column is-vertically-aligned-center is-layout-flow wp-block-column-is-layout-flow\">\n<figure class=\"wp-block-image size-full\"><img loading=\"lazy\" decoding=\"async\" width=\"659\" height=\"646\" src=\"https:\/\/ferox.pl\/wp-content\/uploads\/pompy-img.jpg\" alt=\"\" class=\"wp-image-2934\" srcset=\"https:\/\/ferox.pl\/wp-content\/uploads\/pompy-img.jpg 659w, https:\/\/ferox.pl\/wp-content\/uploads\/pompy-img-561x550.jpg 561w, https:\/\/ferox.pl\/wp-content\/uploads\/pompy-img-545x534.jpg 545w\" sizes=\"auto, (max-width: 659px) 100vw, 659px\" \/><\/figure>\n<\/div>\n<\/div>\n","protected":false},"excerpt":{"rendered":"<p>Industrialheat pumps The industrial heat pumps we offer, are technologically advanced devices, the use of which enables efficient use of thermal energy, which translates into financial savings, environmental protection and improved energy efficiency of industrial processes. By using low-temperature heat sources such as air water or ground, heat pumps can convert a small amount of [&hellip;]<\/p>\n","protected":false},"author":4,"featured_media":0,"parent":0,"menu_order":0,"comment_status":"closed","ping_status":"closed","template":"pompy-ciepla-page.php","meta":{"_acf_changed":false,"footnotes":""},"class_list":["post-3244","page","type-page","status-publish","hentry"],"acf":[],"yoast_head":"<!-- This site is optimized with the Yoast SEO plugin v26.4 - https:\/\/yoast.com\/wordpress\/plugins\/seo\/ -->\n<title>Heat pumps | Ferox Energy Systems Sp. z o. o.<\/title>\n<meta name=\"robots\" content=\"index, follow, max-snippet:-1, max-image-preview:large, max-video-preview:-1\" \/>\n<link rel=\"canonical\" href=\"https:\/\/ferox.pl\/en\/heat-pumps\/\" \/>\n<meta property=\"og:locale\" content=\"en_US\" \/>\n<meta property=\"og:type\" content=\"article\" \/>\n<meta property=\"og:title\" content=\"Heat pumps | Ferox Energy Systems Sp. z o. o.\" \/>\n<meta property=\"og:description\" content=\"Industrialheat pumps The industrial heat pumps we offer, are technologically advanced devices, the use of which enables efficient use of thermal energy, which translates into financial savings, environmental protection and improved energy efficiency of industrial processes. By using low-temperature heat sources such as air water or ground, heat pumps can convert a small amount of [&hellip;]\" \/>\n<meta property=\"og:url\" content=\"https:\/\/ferox.pl\/en\/heat-pumps\/\" \/>\n<meta property=\"og:site_name\" content=\"Ferox Energy Systems Sp. z o. o.\" \/>\n<meta property=\"article:modified_time\" content=\"2023-06-30T07:59:46+00:00\" \/>\n<meta property=\"og:image\" content=\"https:\/\/ferox.pl\/wp-content\/uploads\/pompy-img.jpg\" \/>\n<meta name=\"twitter:card\" content=\"summary_large_image\" \/>\n<meta name=\"twitter:label1\" content=\"Est. reading time\" \/>\n\t<meta name=\"twitter:data1\" content=\"1 minute\" \/>\n<script type=\"application\/ld+json\" class=\"yoast-schema-graph\">{\"@context\":\"https:\/\/schema.org\",\"@graph\":[{\"@type\":\"WebPage\",\"@id\":\"https:\/\/ferox.pl\/en\/heat-pumps\/\",\"url\":\"https:\/\/ferox.pl\/en\/heat-pumps\/\",\"name\":\"Heat pumps | Ferox Energy Systems Sp. z o. o.\",\"isPartOf\":{\"@id\":\"https:\/\/ferox.pl\/#website\"},\"primaryImageOfPage\":{\"@id\":\"https:\/\/ferox.pl\/en\/heat-pumps\/#primaryimage\"},\"image\":{\"@id\":\"https:\/\/ferox.pl\/en\/heat-pumps\/#primaryimage\"},\"thumbnailUrl\":\"https:\/\/ferox.pl\/wp-content\/uploads\/pompy-img.jpg\",\"datePublished\":\"2023-06-19T06:07:41+00:00\",\"dateModified\":\"2023-06-30T07:59:46+00:00\",\"breadcrumb\":{\"@id\":\"https:\/\/ferox.pl\/en\/heat-pumps\/#breadcrumb\"},\"inLanguage\":\"en-US\",\"potentialAction\":[{\"@type\":\"ReadAction\",\"target\":[\"https:\/\/ferox.pl\/en\/heat-pumps\/\"]}]},{\"@type\":\"ImageObject\",\"inLanguage\":\"en-US\",\"@id\":\"https:\/\/ferox.pl\/en\/heat-pumps\/#primaryimage\",\"url\":\"https:\/\/ferox.pl\/wp-content\/uploads\/pompy-img.jpg\",\"contentUrl\":\"https:\/\/ferox.pl\/wp-content\/uploads\/pompy-img.jpg\"},{\"@type\":\"BreadcrumbList\",\"@id\":\"https:\/\/ferox.pl\/en\/heat-pumps\/#breadcrumb\",\"itemListElement\":[{\"@type\":\"ListItem\",\"position\":1,\"name\":\"Home\",\"item\":\"https:\/\/ferox.pl\/en\/\"},{\"@type\":\"ListItem\",\"position\":2,\"name\":\"Heat pumps\"}]},{\"@type\":\"WebSite\",\"@id\":\"https:\/\/ferox.pl\/#website\",\"url\":\"https:\/\/ferox.pl\/\",\"name\":\"Ferox Energy Systems Sp. z o. o.\",\"description\":\"Ferox Energy Systems sp. z o. o. to firma dzia\u0142aj\u0105ca w bran\u017cy od 1997 roku. Oferujemy kompleksowe rozwi\u0105zania w zakresie uk\u0142ad\u00f3w kogeneracyjnych i trigeneracyjnych na bazie silnik\u00f3w gazowych firmy INNIO Jenbacher.\",\"potentialAction\":[{\"@type\":\"SearchAction\",\"target\":{\"@type\":\"EntryPoint\",\"urlTemplate\":\"https:\/\/ferox.pl\/?s={search_term_string}\"},\"query-input\":{\"@type\":\"PropertyValueSpecification\",\"valueRequired\":true,\"valueName\":\"search_term_string\"}}],\"inLanguage\":\"en-US\"}]}<\/script>\n<!-- \/ Yoast SEO plugin. -->","yoast_head_json":{"title":"Heat pumps | Ferox Energy Systems Sp. z o. o.","robots":{"index":"index","follow":"follow","max-snippet":"max-snippet:-1","max-image-preview":"max-image-preview:large","max-video-preview":"max-video-preview:-1"},"canonical":"https:\/\/ferox.pl\/en\/heat-pumps\/","og_locale":"en_US","og_type":"article","og_title":"Heat pumps | Ferox Energy Systems Sp. z o. o.","og_description":"Industrialheat pumps The industrial heat pumps we offer, are technologically advanced devices, the use of which enables efficient use of thermal energy, which translates into financial savings, environmental protection and improved energy efficiency of industrial processes. By using low-temperature heat sources such as air water or ground, heat pumps can convert a small amount of [&hellip;]","og_url":"https:\/\/ferox.pl\/en\/heat-pumps\/","og_site_name":"Ferox Energy Systems Sp. z o. o.","article_modified_time":"2023-06-30T07:59:46+00:00","og_image":[{"url":"https:\/\/ferox.pl\/wp-content\/uploads\/pompy-img.jpg","type":"","width":"","height":""}],"twitter_card":"summary_large_image","twitter_misc":{"Est. reading time":"1 minute"},"schema":{"@context":"https:\/\/schema.org","@graph":[{"@type":"WebPage","@id":"https:\/\/ferox.pl\/en\/heat-pumps\/","url":"https:\/\/ferox.pl\/en\/heat-pumps\/","name":"Heat pumps | Ferox Energy Systems Sp. z o. o.","isPartOf":{"@id":"https:\/\/ferox.pl\/#website"},"primaryImageOfPage":{"@id":"https:\/\/ferox.pl\/en\/heat-pumps\/#primaryimage"},"image":{"@id":"https:\/\/ferox.pl\/en\/heat-pumps\/#primaryimage"},"thumbnailUrl":"https:\/\/ferox.pl\/wp-content\/uploads\/pompy-img.jpg","datePublished":"2023-06-19T06:07:41+00:00","dateModified":"2023-06-30T07:59:46+00:00","breadcrumb":{"@id":"https:\/\/ferox.pl\/en\/heat-pumps\/#breadcrumb"},"inLanguage":"en-US","potentialAction":[{"@type":"ReadAction","target":["https:\/\/ferox.pl\/en\/heat-pumps\/"]}]},{"@type":"ImageObject","inLanguage":"en-US","@id":"https:\/\/ferox.pl\/en\/heat-pumps\/#primaryimage","url":"https:\/\/ferox.pl\/wp-content\/uploads\/pompy-img.jpg","contentUrl":"https:\/\/ferox.pl\/wp-content\/uploads\/pompy-img.jpg"},{"@type":"BreadcrumbList","@id":"https:\/\/ferox.pl\/en\/heat-pumps\/#breadcrumb","itemListElement":[{"@type":"ListItem","position":1,"name":"Home","item":"https:\/\/ferox.pl\/en\/"},{"@type":"ListItem","position":2,"name":"Heat pumps"}]},{"@type":"WebSite","@id":"https:\/\/ferox.pl\/#website","url":"https:\/\/ferox.pl\/","name":"Ferox Energy Systems Sp. z o. o.","description":"Ferox Energy Systems sp. z o. o. to firma dzia\u0142aj\u0105ca w bran\u017cy od 1997 roku. Oferujemy kompleksowe rozwi\u0105zania w zakresie uk\u0142ad\u00f3w kogeneracyjnych i trigeneracyjnych na bazie silnik\u00f3w gazowych firmy INNIO Jenbacher.","potentialAction":[{"@type":"SearchAction","target":{"@type":"EntryPoint","urlTemplate":"https:\/\/ferox.pl\/?s={search_term_string}"},"query-input":{"@type":"PropertyValueSpecification","valueRequired":true,"valueName":"search_term_string"}}],"inLanguage":"en-US"}]}},"_links":{"self":[{"href":"https:\/\/ferox.pl\/en\/wp-json\/wp\/v2\/pages\/3244","targetHints":{"allow":["GET"]}}],"collection":[{"href":"https:\/\/ferox.pl\/en\/wp-json\/wp\/v2\/pages"}],"about":[{"href":"https:\/\/ferox.pl\/en\/wp-json\/wp\/v2\/types\/page"}],"author":[{"embeddable":true,"href":"https:\/\/ferox.pl\/en\/wp-json\/wp\/v2\/users\/4"}],"replies":[{"embeddable":true,"href":"https:\/\/ferox.pl\/en\/wp-json\/wp\/v2\/comments?post=3244"}],"version-history":[{"count":3,"href":"https:\/\/ferox.pl\/en\/wp-json\/wp\/v2\/pages\/3244\/revisions"}],"predecessor-version":[{"id":3251,"href":"https:\/\/ferox.pl\/en\/wp-json\/wp\/v2\/pages\/3244\/revisions\/3251"}],"wp:attachment":[{"href":"https:\/\/ferox.pl\/en\/wp-json\/wp\/v2\/media?parent=3244"}],"curies":[{"name":"wp","href":"https:\/\/api.w.org\/{rel}","templated":true}]}}