{"id":2771,"date":"2023-04-25T08:57:02","date_gmt":"2023-04-25T06:57:02","guid":{"rendered":"https:\/\/ferox.pl\/rozwiazania-w-zakresie-mikrosieci\/"},"modified":"2023-04-26T11:25:52","modified_gmt":"2023-04-26T09:25:52","slug":"microgrid-solutions","status":"publish","type":"page","link":"https:\/\/ferox.pl\/en\/microgrid-solutions\/","title":{"rendered":"Microgrid solutions"},"content":{"rendered":"\n<p class=\"text-justify\">Microgrids are decentralized power systems containing loads and distributed energy resources (such as distributed generators, storage devices, or controllable loads) that can be operated in a controlled, coordinated way either while connected to the main power network or while islanded.<\/p>\n\n\n\n<p>Microgrids are located within a clearly defined electrical boundary and may also include thermal loads and resources.<\/p>\n\n\n\n<div class=\"wp-block-columns pt-1 is-layout-flex wp-container-core-columns-is-layout-9d6595d7 wp-block-columns-is-layout-flex\">\n<div class=\"wp-block-column is-vertically-aligned-center is-layout-flow wp-block-column-is-layout-flow\">\n<figure class=\"wp-block-image size-full\"><img loading=\"lazy\" decoding=\"async\" width=\"620\" height=\"632\" src=\"https:\/\/ferox.pl\/wp-content\/uploads\/mikrosieci_img1.jpg\" alt=\"\" class=\"wp-image-2484\" srcset=\"https:\/\/ferox.pl\/wp-content\/uploads\/mikrosieci_img1.jpg 620w, https:\/\/ferox.pl\/wp-content\/uploads\/mikrosieci_img1-540x550.jpg 540w\" sizes=\"auto, (max-width: 620px) 100vw, 620px\" \/><\/figure>\n<\/div>\n\n\n\n<div class=\"wp-block-column is-vertically-aligned-center is-layout-flow wp-block-column-is-layout-flow\">\n<h2 class=\"wp-block-heading\">What is microgrid?<\/h2>\n\n\n\n<h5 class=\"wp-block-heading\">Microgrids are small-scale power generation and distribution systems containing loads, including thermal loads, and DERs such as distributed engines, renewable energy sources, and storage systems.<\/h5>\n\n\n\n<div style=\"height:20px\" aria-hidden=\"true\" class=\"wp-block-spacer\"><\/div>\n\n\n\n<ul class=\"birdcheck wp-block-list\">\n<li>They can operate as an isolated system or with clearly defined physical and electrical boundaries when connected to the main grid.<\/li>\n\n\n\n<li>Their size typically ranges between 0.1 and 10 MW, although they can be larger in industrial and commercial applications.<\/li>\n\n\n\n<li>In the past, microgrids predominantly were used for grid access and backup power. Now and in the future, they are more focused on resilience and sustainable\/economical alternatives to the public grid.<\/li>\n<\/ul>\n<\/div>\n<\/div>\n\n\n\n<\/div><div class=\"mikrosieci_bg1 pt-5 pb-4 mb-5 mt-5\"><div class=\"container\">\n\n\n\n<h2 class=\"wp-block-heading has-text-align-center has-text-color\" style=\"color:#868d9d\">Typical microgrid scope<\/h2>\n\n\n\n<div style=\"height:25px\" aria-hidden=\"true\" class=\"wp-block-spacer\"><\/div>\n\n\n\n<div class=\"wp-block-columns is-layout-flex wp-container-core-columns-is-layout-9d6595d7 wp-block-columns-is-layout-flex\">\n<div class=\"wp-block-column is-layout-flow wp-block-column-is-layout-flow\">\n<h5 class=\"wp-block-heading\">A typical microgrid scope has a dispatchable distributed energy resource (dDER), another energy resource such as a solar PV, and a storage system such as a battery energy storage system (BESS).<\/h5>\n\n\n\n<div style=\"height:25px\" aria-hidden=\"true\" class=\"wp-block-spacer\"><\/div>\n\n\n\n<ul class=\"birdcheck wp-block-list\">\n<li>need to improve the reliability of power supply or;<\/li>\n\n\n\n<li>desire to get away from expensive centralized energy sources, especially during peak consumption hours or;<\/li>\n\n\n\n<li>need to reduce the carbon footprint produced by the company \/ community through use of cogeneration as a more efficient way of generating energy compared to centralized sources or;<\/li>\n\n\n\n<li>possibility of combining traditional local cogeneration using gaseous fuels with renewable energy sources (e.g. hydrogen, biogas, fuel cells, sun, wind, etc.).<\/li>\n<\/ul>\n<\/div>\n\n\n\n<div class=\"wp-block-column is-vertically-aligned-center is-layout-flow wp-block-column-is-layout-flow\">\n<figure class=\"wp-block-image size-full\"><img loading=\"lazy\" decoding=\"async\" width=\"518\" height=\"418\" src=\"https:\/\/ferox.pl\/wp-content\/uploads\/mikrosieci_img2.jpg\" alt=\"\" class=\"wp-image-2538\"\/><\/figure>\n<\/div>\n<\/div>\n\n\n\n<\/div><\/div><div class=\"container\">\n\n\n\n<h5 class=\"wp-block-heading\">When reliable power supply is key<\/h5>\n\n\n\n<div style=\"height:15px\" aria-hidden=\"true\" class=\"wp-block-spacer\"><\/div>\n\n\n\n<p class=\"text-justify\">Gas engine solutions are especially relevant if your microgrid supplies energy where uninterrupted power is critical (for example \u2013 hospitals, data centers, process industries, etc.).<\/p>\n\n\n\n<p class=\"text-justify\">Jenbacher gas engines ramp up to full power output in just a few minutes, providing your microgrid with necessary power, when it is needed.<\/p>\n\n\n\n<p class=\"text-justify\">At the same time, Jenbacher gas engines can be more environmentally friendly than diesel engines, due to generally lower emissions. That\u00b4s why gas engines are often used in microgrids with CHP solutions due to increasing environmental requirements. Jenbacher solutions offer fuel flexibility with engine versions that can handle different gas qualities. Also, they are suitable for high ambient temperatures and elevations.<\/p>\n\n\n\n<h5 class=\"wp-block-heading pt-4\">Optimize your energy expenses wisely<\/h5>\n\n\n\n<div style=\"height:15px\" aria-hidden=\"true\" class=\"wp-block-spacer\"><\/div>\n\n\n\n<p class=\"text-justify\">Many grid clusters on the North American continent have dynamic electricity price levels, and of course there are certain seasons of the year and hours of the day when the cost of centralized energy peaks. In many cases, these spikes seriously increase the operating costs for microgrid consumers.<\/p>\n\n\n\n<p class=\"text-justify\"><\/p>\n\n\n\n<div class=\"wp-block-columns pt-4 pb-4 is-layout-flex wp-container-core-columns-is-layout-9d6595d7 wp-block-columns-is-layout-flex\">\n<div class=\"wp-block-column is-vertically-aligned-center is-layout-flow wp-block-column-is-layout-flow\">\n<figure class=\"wp-block-image size-full\"><img loading=\"lazy\" decoding=\"async\" width=\"544\" height=\"396\" src=\"https:\/\/ferox.pl\/wp-content\/uploads\/mikrosieci_img4.jpg\" alt=\"\" class=\"wp-image-2621\"\/><\/figure>\n\n\n\n<p style=\"font-size:12px\">*Based on IEA &#8217;16 electricity generation data for the EU-28 and EIA &#8217;17 reference for average power plant heat factor.<\/p>\n\n\n\n<div class=\"odstep_mobile_1\"><\/div>\n<\/div>\n\n\n\n<div class=\"wp-block-column is-vertically-aligned-center is-layout-flow wp-block-column-is-layout-flow\">\n<h2 class=\"wp-block-heading\">Optimize your energy expenses wisely<\/h2>\n\n\n\n<h5 class=\"wp-block-heading\">The use of power generation with natural gas, and especially usage of gas engines in microgrids, allows stabilizing and better prediction for energy-related costs.Jenbacher takes the environmental agenda very seriously and we have a lot to offer to like-minded companies:<\/h5>\n<\/div>\n<\/div>\n\n\n\n<ul class=\"birdcheck wp-block-list\">\n<li><span><span style=\"color:#287d06;font-weight:700;\">COGENERATION.<\/span> Our gas engines work efficiently in Cogeneration schemes. Cogeneration, or CHP, is simultaneous production of heat and power (in addition to efficient electricity production, Jenbacher CHP systems convert the waste heat created during an engine\u2019s operation into useful hot-water or steam). It is usually more efficient compared to separate production at electrical power plants and boiler houses. Cogeneration solutions based on Jenbacher engines work with a total efficiency of up to 90% and more, maximizing conversion of gas energy into useful power. As a result, it helps your microgrid with CHP solution to be more efficient and decrease your carbon footprint.<\/span><\/li>\n\n\n\n<li><span><span style=\"color:#287d06;font-weight:700;\">TRIGENERATION.<\/span> Depending on your needs, you might want to consider using combined cooling, heat, and power (CCHP) systems, also called trigeneration systems. Such system is a combination of cogeneration plant and absorption chillers. Jenbacher engines offer an efficient solution for generating air conditioning and\/or refrigeration. Cogeneration equipment offers high efficiency and low emissions. Absorption chillers provide an economic and environmental alternative to conventional refrigeration with compression chillers. Combining those two elements enables excellent total fuel efficiency, elimination of HCFC\/CFC refrigerants, and reduces overall air emissions.<\/span><\/li>\n\n\n\n<li><span><span style=\"color:#287d06;font-weight:700;\">GREEN GASES.<\/span> Our engines do not only run efficiently on natural gas. They also work with biogas, landfill gas, wastewater gas, industrial syngas and other gases, converting greenhouse gases into useful energy and helping customers to achieve their environmental targets.<\/span><\/li>\n\n\n\n<li><span><span style=\"color:#287d06;font-weight:700;\">HYDROGEN.<\/span> Jenbacher is Ready for H2 &#8211; having launched the first hydrogen-powered engine years ago. Our gas engines can run on a mixture of gas and hydrogen as well as on pure hydrogen. Most of the already installed engines, which run on natural and other gases, can be converted to run on a hydrogen.<\/span><\/li>\n<\/ul>\n\n\n\n<div class=\"wp-block-columns pt-5 pb-2 is-layout-flex wp-container-core-columns-is-layout-9d6595d7 wp-block-columns-is-layout-flex\">\n<div class=\"wp-block-column is-layout-flow wp-block-column-is-layout-flow\">\n<figure class=\"wp-block-image size-full\"><img loading=\"lazy\" decoding=\"async\" width=\"559\" height=\"447\" src=\"https:\/\/ferox.pl\/wp-content\/uploads\/mikrosieci_img8.jpg\" alt=\"\" class=\"wp-image-2649\"\/><\/figure>\n<\/div>\n\n\n\n<div class=\"wp-block-column is-vertically-aligned-center is-layout-flow wp-block-column-is-layout-flow\">\n<h2 class=\"wp-block-heading\">Flexible and scalable integrated solutions<\/h2>\n\n\n\n<h5 class=\"wp-block-heading\">Jenbacher can work on new microgrid projects or projects dedicated to modernizing existing microgrids.<\/h5>\n\n\n\n<div style=\"height:14px\" aria-hidden=\"true\" class=\"wp-block-spacer\"><\/div>\n\n\n\n<h5 class=\"wp-block-heading\">Flexibility is the key for integration purposes. Therefore, Jenbacher solutions can be supplied as modules for installation inside a building or as integrated solutions: containerized power generation or cogeneration\/trigeneration solutions.<\/h5>\n<\/div>\n<\/div>\n\n\n\n<p>Jenbacher containers are available for Type 2, 3, 4 and 6 engines. Based on the expertise gained in several decades with over 3,000 containerized units delivered, our genset containers offer optimal performance in various site conditions. By applying the same high-quality standards to the complete package as to the engine, our containerized solutions ensure excellent reliability for your power and heat generation needs.<\/p>\n\n\n\n<p>Jenbacher containerized solutions offer a variety of benefits to our customers, thanks to&nbsp;distinctive product features:<\/p>\n\n\n\n<p><strong>Product features<\/strong><\/p>\n\n\n\n<ul class=\"birdcheck wp-block-list\">\n<li>Pre-installed package complete with auxiliary systems<\/li>\n\n\n\n<li>Compact footprint<\/li>\n\n\n\n<li>All components perfectly matched and tuned to the specific site requirements<\/li>\n<\/ul>\n\n\n\n<p><strong>Customer benefits<\/strong><\/p>\n\n\n\n<ul class=\"birdcheck wp-block-list\">\n<li>Quick and easy site installation; less installation work to coordinate on site<\/li>\n\n\n\n<li>Less space consumed on site<\/li>\n\n\n\n<li>Optimal genset performance ensured by OEM<\/li>\n<\/ul>\n\n\n\n<\/div><div class=\"mikrosieci_bg2 pt-4 pb-4 mt-4 mb-10\"><div class=\"container\">\n\n\n\n<h2 class=\"wp-block-heading\">myPlant Optimization<\/h2>\n\n\n\n<h5 class=\"wp-block-heading\">We further improve economics and optimize energy management by connecting the microgrid to the optional myPlant Optimization offering. This artificial intelligence (AI)-based solution takes a holistic approach, improving the operational efficiency of your entire plant portfolio\u2014from engine and heat pump to heat storage and the photovoltaic system &#8211; while taking opera-tional requirements and annual targets into account.<\/h5>\n\n\n\n<div style=\"height:25px\" aria-hidden=\"true\" class=\"wp-block-spacer\"><\/div>\n\n\n\n<figure class=\"wp-block-image size-large is-resized\"><img loading=\"lazy\" decoding=\"async\" src=\"https:\/\/ferox.pl\/wp-content\/uploads\/mikrosieci_img6-1024x516.png\" alt=\"\" class=\"wp-image-2664\" width=\"1400\" height=\"516\"\/><\/figure>\n\n\n\n<div style=\"height:33px\" aria-hidden=\"true\" class=\"wp-block-spacer\"><\/div>\n\n\n\n<p>INNIO Cogeneration solutions are used by our customers across the globe, powering applications in variety of economic segments, for example &#8211; industrial manufacturing, commercial, municipal applications, greenhouses and many more.<\/p>\n\n\n\n<\/div><\/div><div class=\"container\">\n\n\n\n<\/div>\n<div class=\"microgrids-advantages\">\n<div class=\"container\">\n<div class=\"ma-inner\">\n<div class=\"ma-icon\">\n<img decoding=\"async\" src=\"https:\/\/ferox.pl\/wp-content\/uploads\/mikrosieci_img8.png\" alt=\"\" \/>\n<\/div>\n<h2 class=\"wp-block-heading has-text-color\" style=\"color:#868d9d\">Microgrids advantages<\/h2>\n<\/div>\n\n\n\n<ul class=\"birdcheck lightgreen wp-block-list\">\n<li>Renewable integration<\/li>\n\n\n\n<li>Peak shaving<\/li>\n\n\n\n<li>Energy arbitrage<\/li>\n\n\n\n<li>Power reliability\/islanding<\/li>\n\n\n\n<li>Spinning reserve<\/li>\n\n\n\n<li>Ancillary services<\/li>\n\n\n\n<li>Optimized self-consumption<\/li>\n<\/ul>\n\n\n\n<\/div>\n<\/div>\n","protected":false},"excerpt":{"rendered":"<p>Microgrids are decentralized power systems containing loads and distributed energy resources (such as distributed generators, storage devices, or controllable loads) that can be operated in a controlled, coordinated way either while connected to the main power network or while islanded. Microgrids are located within a clearly defined electrical boundary and may also include thermal loads [&hellip;]<\/p>\n","protected":false},"author":4,"featured_media":0,"parent":0,"menu_order":0,"comment_status":"closed","ping_status":"closed","template":"","meta":{"_acf_changed":false,"footnotes":""},"class_list":["post-2771","page","type-page","status-publish","hentry"],"acf":[],"yoast_head":"<!-- This site is optimized with the Yoast SEO plugin v26.4 - https:\/\/yoast.com\/wordpress\/plugins\/seo\/ -->\n<title>Microgrid solutions | Ferox Energy Systems Sp. z o. o.<\/title>\n<meta name=\"robots\" content=\"index, follow, max-snippet:-1, max-image-preview:large, max-video-preview:-1\" \/>\n<link rel=\"canonical\" href=\"https:\/\/ferox.pl\/en\/microgrid-solutions\/\" \/>\n<meta property=\"og:locale\" content=\"en_US\" \/>\n<meta property=\"og:type\" content=\"article\" \/>\n<meta property=\"og:title\" content=\"Microgrid solutions | Ferox Energy Systems Sp. z o. o.\" \/>\n<meta property=\"og:description\" content=\"Microgrids are decentralized power systems containing loads and distributed energy resources (such as distributed generators, storage devices, or controllable loads) that can be operated in a controlled, coordinated way either while connected to the main power network or while islanded. Microgrids are located within a clearly defined electrical boundary and may also include thermal loads [&hellip;]\" \/>\n<meta property=\"og:url\" content=\"https:\/\/ferox.pl\/en\/microgrid-solutions\/\" \/>\n<meta property=\"og:site_name\" content=\"Ferox Energy Systems Sp. z o. o.\" \/>\n<meta property=\"article:modified_time\" content=\"2023-04-26T09:25:52+00:00\" \/>\n<meta property=\"og:image\" content=\"https:\/\/ferox.pl\/wp-content\/uploads\/mikrosieci_img1.jpg\" \/>\n<meta name=\"twitter:card\" content=\"summary_large_image\" \/>\n<meta name=\"twitter:label1\" content=\"Est. reading time\" \/>\n\t<meta name=\"twitter:data1\" content=\"5 minutes\" \/>\n<script type=\"application\/ld+json\" class=\"yoast-schema-graph\">{\"@context\":\"https:\/\/schema.org\",\"@graph\":[{\"@type\":\"WebPage\",\"@id\":\"https:\/\/ferox.pl\/en\/microgrid-solutions\/\",\"url\":\"https:\/\/ferox.pl\/en\/microgrid-solutions\/\",\"name\":\"Microgrid solutions | Ferox Energy Systems Sp. z o. o.\",\"isPartOf\":{\"@id\":\"https:\/\/ferox.pl\/#website\"},\"primaryImageOfPage\":{\"@id\":\"https:\/\/ferox.pl\/en\/microgrid-solutions\/#primaryimage\"},\"image\":{\"@id\":\"https:\/\/ferox.pl\/en\/microgrid-solutions\/#primaryimage\"},\"thumbnailUrl\":\"https:\/\/ferox.pl\/wp-content\/uploads\/mikrosieci_img1.jpg\",\"datePublished\":\"2023-04-25T06:57:02+00:00\",\"dateModified\":\"2023-04-26T09:25:52+00:00\",\"breadcrumb\":{\"@id\":\"https:\/\/ferox.pl\/en\/microgrid-solutions\/#breadcrumb\"},\"inLanguage\":\"en-US\",\"potentialAction\":[{\"@type\":\"ReadAction\",\"target\":[\"https:\/\/ferox.pl\/en\/microgrid-solutions\/\"]}]},{\"@type\":\"ImageObject\",\"inLanguage\":\"en-US\",\"@id\":\"https:\/\/ferox.pl\/en\/microgrid-solutions\/#primaryimage\",\"url\":\"https:\/\/ferox.pl\/wp-content\/uploads\/mikrosieci_img1.jpg\",\"contentUrl\":\"https:\/\/ferox.pl\/wp-content\/uploads\/mikrosieci_img1.jpg\"},{\"@type\":\"BreadcrumbList\",\"@id\":\"https:\/\/ferox.pl\/en\/microgrid-solutions\/#breadcrumb\",\"itemListElement\":[{\"@type\":\"ListItem\",\"position\":1,\"name\":\"Home\",\"item\":\"https:\/\/ferox.pl\/en\/\"},{\"@type\":\"ListItem\",\"position\":2,\"name\":\"Microgrid solutions\"}]},{\"@type\":\"WebSite\",\"@id\":\"https:\/\/ferox.pl\/#website\",\"url\":\"https:\/\/ferox.pl\/\",\"name\":\"Ferox Energy Systems Sp. z o. o.\",\"description\":\"Ferox Energy Systems sp. z o. o. to firma dzia\u0142aj\u0105ca w bran\u017cy od 1997 roku. Oferujemy kompleksowe rozwi\u0105zania w zakresie uk\u0142ad\u00f3w kogeneracyjnych i trigeneracyjnych na bazie silnik\u00f3w gazowych firmy INNIO Jenbacher.\",\"potentialAction\":[{\"@type\":\"SearchAction\",\"target\":{\"@type\":\"EntryPoint\",\"urlTemplate\":\"https:\/\/ferox.pl\/?s={search_term_string}\"},\"query-input\":{\"@type\":\"PropertyValueSpecification\",\"valueRequired\":true,\"valueName\":\"search_term_string\"}}],\"inLanguage\":\"en-US\"}]}<\/script>\n<!-- \/ Yoast SEO plugin. -->","yoast_head_json":{"title":"Microgrid solutions | Ferox Energy Systems Sp. z o. o.","robots":{"index":"index","follow":"follow","max-snippet":"max-snippet:-1","max-image-preview":"max-image-preview:large","max-video-preview":"max-video-preview:-1"},"canonical":"https:\/\/ferox.pl\/en\/microgrid-solutions\/","og_locale":"en_US","og_type":"article","og_title":"Microgrid solutions | Ferox Energy Systems Sp. z o. o.","og_description":"Microgrids are decentralized power systems containing loads and distributed energy resources (such as distributed generators, storage devices, or controllable loads) that can be operated in a controlled, coordinated way either while connected to the main power network or while islanded. Microgrids are located within a clearly defined electrical boundary and may also include thermal loads [&hellip;]","og_url":"https:\/\/ferox.pl\/en\/microgrid-solutions\/","og_site_name":"Ferox Energy Systems Sp. z o. o.","article_modified_time":"2023-04-26T09:25:52+00:00","og_image":[{"url":"https:\/\/ferox.pl\/wp-content\/uploads\/mikrosieci_img1.jpg","type":"","width":"","height":""}],"twitter_card":"summary_large_image","twitter_misc":{"Est. reading time":"5 minutes"},"schema":{"@context":"https:\/\/schema.org","@graph":[{"@type":"WebPage","@id":"https:\/\/ferox.pl\/en\/microgrid-solutions\/","url":"https:\/\/ferox.pl\/en\/microgrid-solutions\/","name":"Microgrid solutions | Ferox Energy Systems Sp. z o. o.","isPartOf":{"@id":"https:\/\/ferox.pl\/#website"},"primaryImageOfPage":{"@id":"https:\/\/ferox.pl\/en\/microgrid-solutions\/#primaryimage"},"image":{"@id":"https:\/\/ferox.pl\/en\/microgrid-solutions\/#primaryimage"},"thumbnailUrl":"https:\/\/ferox.pl\/wp-content\/uploads\/mikrosieci_img1.jpg","datePublished":"2023-04-25T06:57:02+00:00","dateModified":"2023-04-26T09:25:52+00:00","breadcrumb":{"@id":"https:\/\/ferox.pl\/en\/microgrid-solutions\/#breadcrumb"},"inLanguage":"en-US","potentialAction":[{"@type":"ReadAction","target":["https:\/\/ferox.pl\/en\/microgrid-solutions\/"]}]},{"@type":"ImageObject","inLanguage":"en-US","@id":"https:\/\/ferox.pl\/en\/microgrid-solutions\/#primaryimage","url":"https:\/\/ferox.pl\/wp-content\/uploads\/mikrosieci_img1.jpg","contentUrl":"https:\/\/ferox.pl\/wp-content\/uploads\/mikrosieci_img1.jpg"},{"@type":"BreadcrumbList","@id":"https:\/\/ferox.pl\/en\/microgrid-solutions\/#breadcrumb","itemListElement":[{"@type":"ListItem","position":1,"name":"Home","item":"https:\/\/ferox.pl\/en\/"},{"@type":"ListItem","position":2,"name":"Microgrid solutions"}]},{"@type":"WebSite","@id":"https:\/\/ferox.pl\/#website","url":"https:\/\/ferox.pl\/","name":"Ferox Energy Systems Sp. z o. o.","description":"Ferox Energy Systems sp. z o. o. to firma dzia\u0142aj\u0105ca w bran\u017cy od 1997 roku. Oferujemy kompleksowe rozwi\u0105zania w zakresie uk\u0142ad\u00f3w kogeneracyjnych i trigeneracyjnych na bazie silnik\u00f3w gazowych firmy INNIO Jenbacher.","potentialAction":[{"@type":"SearchAction","target":{"@type":"EntryPoint","urlTemplate":"https:\/\/ferox.pl\/?s={search_term_string}"},"query-input":{"@type":"PropertyValueSpecification","valueRequired":true,"valueName":"search_term_string"}}],"inLanguage":"en-US"}]}},"_links":{"self":[{"href":"https:\/\/ferox.pl\/en\/wp-json\/wp\/v2\/pages\/2771","targetHints":{"allow":["GET"]}}],"collection":[{"href":"https:\/\/ferox.pl\/en\/wp-json\/wp\/v2\/pages"}],"about":[{"href":"https:\/\/ferox.pl\/en\/wp-json\/wp\/v2\/types\/page"}],"author":[{"embeddable":true,"href":"https:\/\/ferox.pl\/en\/wp-json\/wp\/v2\/users\/4"}],"replies":[{"embeddable":true,"href":"https:\/\/ferox.pl\/en\/wp-json\/wp\/v2\/comments?post=2771"}],"version-history":[{"count":26,"href":"https:\/\/ferox.pl\/en\/wp-json\/wp\/v2\/pages\/2771\/revisions"}],"predecessor-version":[{"id":2819,"href":"https:\/\/ferox.pl\/en\/wp-json\/wp\/v2\/pages\/2771\/revisions\/2819"}],"wp:attachment":[{"href":"https:\/\/ferox.pl\/en\/wp-json\/wp\/v2\/media?parent=2771"}],"curies":[{"name":"wp","href":"https:\/\/api.w.org\/{rel}","templated":true}]}}