{"id":1606,"date":"2022-02-28T22:49:29","date_gmt":"2022-02-28T21:49:29","guid":{"rendered":"https:\/\/ferox.pl\/?page_id=1606"},"modified":"2022-04-05T22:16:38","modified_gmt":"2022-04-05T20:16:38","slug":"waukesha-vhp-series-5","status":"publish","type":"page","link":"https:\/\/ferox.pl\/en\/engines\/waukesha\/waukesha-vhp-series-5\/","title":{"rendered":"Waukesha VHP Series 5"},"content":{"rendered":"\n<h2 class=\"wp-block-heading\">More intelligent gas engine operation&#8230;<\/h2>\n\n\n\n<p>Compering to previous version, serious 5 VHP gas engines can provide higher power without increased stress on engine components. It is possible thanks to improved Miller cycle reach air\/fuel mixture combustion, modified cylinder head and updated piston design.<\/p>\n\n\n\n<p>Miller cycle used in Waukesha P9394GSI combines work of piston and turbocharger lowering combustion and exhaust gas temperature making L7044GSI S5 the most fuel efficient VHP engine ever.<\/p>\n\n\n\n<p>Modified cylinder head design improved reliability and extends lifetime by lowering internal temperatures up to 40%.<\/p>\n\n\n\n<p>Series 5 Waukesha VHP piston design was improved to reduce unburned hydrocarbons, lowering emissions as well as fuel consumption. The piston itself operated in lower temperatures what increasing engine possible fuel range regardless of increased power output compering to previous models.<\/p>\n\n\n\n<p>Improved ignition system allows for increased spark plugs replacement interval to 4000 hours using inexpensive metal spark plugs. Combining it with oil change interval reduces operational and travel costs.<\/p>\n\n\n\n<h2 class=\"wp-block-heading\">\u2026and not harder.<\/h2>\n\n\n\n<p>Model L7042GSI S5 with 1119 kW output has the same displacement and is constructed of the same parts as L7044GSI S5 with 1416 kW. It means that L7042GSI S5 does not have to work as hard what reduces engine loading improving reliability and increasing service intervals. L7042GSI S5 is the most flexible VHP engine in history.<\/p>\n\n\n\n<p>Model L7042GSI S5 has no fuel feed limit and can reach full power of 1119 kW running on fuels with LHV up to 85,9 MJ\/m3 at ambient temperature up to 49\u00b0C. Fuel consumption is usually more then 10% lower and lifetime cost around 20% lower compering to previous models. With Waukesha L7042GSI S5 it is certain that engine will provide full 1119 kW of power and fulfill emission limitations, when operating with 3-way catalyzer.<\/p>\n","protected":false},"excerpt":{"rendered":"<p>More intelligent gas engine operation&#8230; Compering to previous version, serious 5 VHP gas engines can provide higher power without increased stress on engine components. It is possible thanks to improved Miller cycle reach air\/fuel mixture combustion, modified cylinder head and updated piston design. Miller cycle used in Waukesha P9394GSI combines work of piston and turbocharger [&hellip;]<\/p>\n","protected":false},"author":3,"featured_media":944,"parent":1591,"menu_order":5,"comment_status":"closed","ping_status":"closed","template":"silnik-single-page.php","meta":{"_acf_changed":false,"footnotes":""},"class_list":["post-1606","page","type-page","status-publish","has-post-thumbnail","hentry"],"acf":[],"yoast_head":"<!-- This site is optimized with the Yoast SEO plugin v26.4 - https:\/\/yoast.com\/wordpress\/plugins\/seo\/ -->\n<title>Waukesha VHP Series 5 | Ferox Energy Systems Sp. z o. o.<\/title>\n<meta name=\"robots\" content=\"index, follow, max-snippet:-1, max-image-preview:large, max-video-preview:-1\" \/>\n<link rel=\"canonical\" href=\"https:\/\/ferox.pl\/en\/engines\/waukesha\/waukesha-vhp-series-5\/\" \/>\n<meta property=\"og:locale\" content=\"en_US\" \/>\n<meta property=\"og:type\" content=\"article\" \/>\n<meta property=\"og:title\" content=\"Waukesha VHP Series 5 | Ferox Energy Systems Sp. z o. o.\" \/>\n<meta property=\"og:description\" content=\"More intelligent gas engine operation&#8230; Compering to previous version, serious 5 VHP gas engines can provide higher power without increased stress on engine components. It is possible thanks to improved Miller cycle reach air\/fuel mixture combustion, modified cylinder head and updated piston design. Miller cycle used in Waukesha P9394GSI combines work of piston and turbocharger [&hellip;]\" \/>\n<meta property=\"og:url\" content=\"https:\/\/ferox.pl\/en\/engines\/waukesha\/waukesha-vhp-series-5\/\" \/>\n<meta property=\"og:site_name\" content=\"Ferox Energy Systems Sp. z o. o.\" \/>\n<meta property=\"article:modified_time\" content=\"2022-04-05T20:16:38+00:00\" \/>\n<meta property=\"og:image\" content=\"https:\/\/ferox.pl\/wp-content\/uploads\/innio_waukesha_vhp_series5-2.png\" \/>\n\t<meta property=\"og:image:width\" content=\"1606\" \/>\n\t<meta property=\"og:image:height\" content=\"939\" \/>\n\t<meta property=\"og:image:type\" content=\"image\/png\" \/>\n<meta name=\"twitter:card\" content=\"summary_large_image\" \/>\n<meta name=\"twitter:label1\" content=\"Est. reading time\" \/>\n\t<meta name=\"twitter:data1\" content=\"2 minutes\" \/>\n<script type=\"application\/ld+json\" class=\"yoast-schema-graph\">{\"@context\":\"https:\/\/schema.org\",\"@graph\":[{\"@type\":\"WebPage\",\"@id\":\"https:\/\/ferox.pl\/en\/engines\/waukesha\/waukesha-vhp-series-5\/\",\"url\":\"https:\/\/ferox.pl\/en\/engines\/waukesha\/waukesha-vhp-series-5\/\",\"name\":\"Waukesha VHP Series 5 | Ferox Energy Systems Sp. z o. o.\",\"isPartOf\":{\"@id\":\"https:\/\/ferox.pl\/#website\"},\"primaryImageOfPage\":{\"@id\":\"https:\/\/ferox.pl\/en\/engines\/waukesha\/waukesha-vhp-series-5\/#primaryimage\"},\"image\":{\"@id\":\"https:\/\/ferox.pl\/en\/engines\/waukesha\/waukesha-vhp-series-5\/#primaryimage\"},\"thumbnailUrl\":\"https:\/\/ferox.pl\/wp-content\/uploads\/innio_waukesha_vhp_series5-2.png\",\"datePublished\":\"2022-02-28T21:49:29+00:00\",\"dateModified\":\"2022-04-05T20:16:38+00:00\",\"breadcrumb\":{\"@id\":\"https:\/\/ferox.pl\/en\/engines\/waukesha\/waukesha-vhp-series-5\/#breadcrumb\"},\"inLanguage\":\"en-US\",\"potentialAction\":[{\"@type\":\"ReadAction\",\"target\":[\"https:\/\/ferox.pl\/en\/engines\/waukesha\/waukesha-vhp-series-5\/\"]}]},{\"@type\":\"ImageObject\",\"inLanguage\":\"en-US\",\"@id\":\"https:\/\/ferox.pl\/en\/engines\/waukesha\/waukesha-vhp-series-5\/#primaryimage\",\"url\":\"https:\/\/ferox.pl\/wp-content\/uploads\/innio_waukesha_vhp_series5-2.png\",\"contentUrl\":\"https:\/\/ferox.pl\/wp-content\/uploads\/innio_waukesha_vhp_series5-2.png\",\"width\":1606,\"height\":939},{\"@type\":\"BreadcrumbList\",\"@id\":\"https:\/\/ferox.pl\/en\/engines\/waukesha\/waukesha-vhp-series-5\/#breadcrumb\",\"itemListElement\":[{\"@type\":\"ListItem\",\"position\":1,\"name\":\"Home\",\"item\":\"https:\/\/ferox.pl\/en\/\"},{\"@type\":\"ListItem\",\"position\":2,\"name\":\"Engines\",\"item\":\"https:\/\/ferox.pl\/en\/engines\/\"},{\"@type\":\"ListItem\",\"position\":3,\"name\":\"Waukesha\",\"item\":\"https:\/\/ferox.pl\/en\/engines\/waukesha\/\"},{\"@type\":\"ListItem\",\"position\":4,\"name\":\"Waukesha VHP Series 5\"}]},{\"@type\":\"WebSite\",\"@id\":\"https:\/\/ferox.pl\/#website\",\"url\":\"https:\/\/ferox.pl\/\",\"name\":\"Ferox Energy Systems Sp. z o. o.\",\"description\":\"Ferox Energy Systems sp. z o. o. to firma dzia\u0142aj\u0105ca w bran\u017cy od 1997 roku. Oferujemy kompleksowe rozwi\u0105zania w zakresie uk\u0142ad\u00f3w kogeneracyjnych i trigeneracyjnych na bazie silnik\u00f3w gazowych firmy INNIO Jenbacher.\",\"potentialAction\":[{\"@type\":\"SearchAction\",\"target\":{\"@type\":\"EntryPoint\",\"urlTemplate\":\"https:\/\/ferox.pl\/?s={search_term_string}\"},\"query-input\":{\"@type\":\"PropertyValueSpecification\",\"valueRequired\":true,\"valueName\":\"search_term_string\"}}],\"inLanguage\":\"en-US\"}]}<\/script>\n<!-- \/ Yoast SEO plugin. -->","yoast_head_json":{"title":"Waukesha VHP Series 5 | Ferox Energy Systems Sp. z o. o.","robots":{"index":"index","follow":"follow","max-snippet":"max-snippet:-1","max-image-preview":"max-image-preview:large","max-video-preview":"max-video-preview:-1"},"canonical":"https:\/\/ferox.pl\/en\/engines\/waukesha\/waukesha-vhp-series-5\/","og_locale":"en_US","og_type":"article","og_title":"Waukesha VHP Series 5 | Ferox Energy Systems Sp. z o. o.","og_description":"More intelligent gas engine operation&#8230; Compering to previous version, serious 5 VHP gas engines can provide higher power without increased stress on engine components. It is possible thanks to improved Miller cycle reach air\/fuel mixture combustion, modified cylinder head and updated piston design. Miller cycle used in Waukesha P9394GSI combines work of piston and turbocharger [&hellip;]","og_url":"https:\/\/ferox.pl\/en\/engines\/waukesha\/waukesha-vhp-series-5\/","og_site_name":"Ferox Energy Systems Sp. z o. o.","article_modified_time":"2022-04-05T20:16:38+00:00","og_image":[{"width":1606,"height":939,"url":"https:\/\/ferox.pl\/wp-content\/uploads\/innio_waukesha_vhp_series5-2.png","type":"image\/png"}],"twitter_card":"summary_large_image","twitter_misc":{"Est. reading time":"2 minutes"},"schema":{"@context":"https:\/\/schema.org","@graph":[{"@type":"WebPage","@id":"https:\/\/ferox.pl\/en\/engines\/waukesha\/waukesha-vhp-series-5\/","url":"https:\/\/ferox.pl\/en\/engines\/waukesha\/waukesha-vhp-series-5\/","name":"Waukesha VHP Series 5 | Ferox Energy Systems Sp. z o. o.","isPartOf":{"@id":"https:\/\/ferox.pl\/#website"},"primaryImageOfPage":{"@id":"https:\/\/ferox.pl\/en\/engines\/waukesha\/waukesha-vhp-series-5\/#primaryimage"},"image":{"@id":"https:\/\/ferox.pl\/en\/engines\/waukesha\/waukesha-vhp-series-5\/#primaryimage"},"thumbnailUrl":"https:\/\/ferox.pl\/wp-content\/uploads\/innio_waukesha_vhp_series5-2.png","datePublished":"2022-02-28T21:49:29+00:00","dateModified":"2022-04-05T20:16:38+00:00","breadcrumb":{"@id":"https:\/\/ferox.pl\/en\/engines\/waukesha\/waukesha-vhp-series-5\/#breadcrumb"},"inLanguage":"en-US","potentialAction":[{"@type":"ReadAction","target":["https:\/\/ferox.pl\/en\/engines\/waukesha\/waukesha-vhp-series-5\/"]}]},{"@type":"ImageObject","inLanguage":"en-US","@id":"https:\/\/ferox.pl\/en\/engines\/waukesha\/waukesha-vhp-series-5\/#primaryimage","url":"https:\/\/ferox.pl\/wp-content\/uploads\/innio_waukesha_vhp_series5-2.png","contentUrl":"https:\/\/ferox.pl\/wp-content\/uploads\/innio_waukesha_vhp_series5-2.png","width":1606,"height":939},{"@type":"BreadcrumbList","@id":"https:\/\/ferox.pl\/en\/engines\/waukesha\/waukesha-vhp-series-5\/#breadcrumb","itemListElement":[{"@type":"ListItem","position":1,"name":"Home","item":"https:\/\/ferox.pl\/en\/"},{"@type":"ListItem","position":2,"name":"Engines","item":"https:\/\/ferox.pl\/en\/engines\/"},{"@type":"ListItem","position":3,"name":"Waukesha","item":"https:\/\/ferox.pl\/en\/engines\/waukesha\/"},{"@type":"ListItem","position":4,"name":"Waukesha VHP Series 5"}]},{"@type":"WebSite","@id":"https:\/\/ferox.pl\/#website","url":"https:\/\/ferox.pl\/","name":"Ferox Energy Systems Sp. z o. o.","description":"Ferox Energy Systems sp. z o. o. to firma dzia\u0142aj\u0105ca w bran\u017cy od 1997 roku. Oferujemy kompleksowe rozwi\u0105zania w zakresie uk\u0142ad\u00f3w kogeneracyjnych i trigeneracyjnych na bazie silnik\u00f3w gazowych firmy INNIO Jenbacher.","potentialAction":[{"@type":"SearchAction","target":{"@type":"EntryPoint","urlTemplate":"https:\/\/ferox.pl\/?s={search_term_string}"},"query-input":{"@type":"PropertyValueSpecification","valueRequired":true,"valueName":"search_term_string"}}],"inLanguage":"en-US"}]}},"_links":{"self":[{"href":"https:\/\/ferox.pl\/en\/wp-json\/wp\/v2\/pages\/1606","targetHints":{"allow":["GET"]}}],"collection":[{"href":"https:\/\/ferox.pl\/en\/wp-json\/wp\/v2\/pages"}],"about":[{"href":"https:\/\/ferox.pl\/en\/wp-json\/wp\/v2\/types\/page"}],"author":[{"embeddable":true,"href":"https:\/\/ferox.pl\/en\/wp-json\/wp\/v2\/users\/3"}],"replies":[{"embeddable":true,"href":"https:\/\/ferox.pl\/en\/wp-json\/wp\/v2\/comments?post=1606"}],"version-history":[{"count":9,"href":"https:\/\/ferox.pl\/en\/wp-json\/wp\/v2\/pages\/1606\/revisions"}],"predecessor-version":[{"id":1917,"href":"https:\/\/ferox.pl\/en\/wp-json\/wp\/v2\/pages\/1606\/revisions\/1917"}],"up":[{"embeddable":true,"href":"https:\/\/ferox.pl\/en\/wp-json\/wp\/v2\/pages\/1591"}],"wp:featuredmedia":[{"embeddable":true,"href":"https:\/\/ferox.pl\/en\/wp-json\/wp\/v2\/media\/944"}],"wp:attachment":[{"href":"https:\/\/ferox.pl\/en\/wp-json\/wp\/v2\/media?parent=1606"}],"curies":[{"name":"wp","href":"https:\/\/api.w.org\/{rel}","templated":true}]}}