{"id":1603,"date":"2022-03-03T15:05:43","date_gmt":"2022-03-03T14:05:43","guid":{"rendered":"https:\/\/ferox.pl\/?page_id=1603"},"modified":"2022-04-05T22:16:37","modified_gmt":"2022-04-05T20:16:37","slug":"waukesha-vhp","status":"publish","type":"page","link":"https:\/\/ferox.pl\/en\/engines\/waukesha\/waukesha-vhp\/","title":{"rendered":"Waukesha VHP"},"content":{"rendered":"\n<p>Built for dependability, longevity and durability, VHP engines have been working in natural gas production applications for over 40 years.<\/p>\n\n\n\n<ul class=\"wp-block-list\"><li>Low emissions across varying applications<\/li><li>Hot fuel tolerant<\/li><li>Wide turn down range available (700 \u2013 1,200 rpm)<\/li><li>Extended service intervals<\/li><\/ul>\n\n\n\n<p>Learn more about Waukesha VHP serious 5 \u2013 one of the most fuel efficient VHP engines.<\/p>\n\n\n\n<p>We also offer wide range of Waukesha product upgrades.<\/p>\n","protected":false},"excerpt":{"rendered":"<p>Built for dependability, longevity and durability, VHP engines have been working in natural gas production applications for over 40 years. Low emissions across varying applications Hot fuel tolerant Wide turn down range available (700 \u2013 1,200 rpm) Extended service intervals Learn more about Waukesha VHP serious 5 \u2013 one of the most fuel efficient VHP [&hellip;]<\/p>\n","protected":false},"author":3,"featured_media":947,"parent":1591,"menu_order":4,"comment_status":"closed","ping_status":"closed","template":"silnik-single-page.php","meta":{"_acf_changed":false,"footnotes":""},"class_list":["post-1603","page","type-page","status-publish","has-post-thumbnail","hentry"],"acf":[],"yoast_head":"<!-- This site is optimized with the Yoast SEO plugin v26.4 - https:\/\/yoast.com\/wordpress\/plugins\/seo\/ -->\n<title>Waukesha VHP | Ferox Energy Systems Sp. z o. o.<\/title>\n<meta name=\"robots\" content=\"index, follow, max-snippet:-1, max-image-preview:large, max-video-preview:-1\" \/>\n<link rel=\"canonical\" href=\"https:\/\/ferox.pl\/en\/engines\/waukesha\/waukesha-vhp\/\" \/>\n<meta property=\"og:locale\" content=\"en_US\" \/>\n<meta property=\"og:type\" content=\"article\" \/>\n<meta property=\"og:title\" content=\"Waukesha VHP | Ferox Energy Systems Sp. z o. o.\" \/>\n<meta property=\"og:description\" content=\"Built for dependability, longevity and durability, VHP engines have been working in natural gas production applications for over 40 years. Low emissions across varying applications Hot fuel tolerant Wide turn down range available (700 \u2013 1,200 rpm) Extended service intervals Learn more about Waukesha VHP serious 5 \u2013 one of the most fuel efficient VHP [&hellip;]\" \/>\n<meta property=\"og:url\" content=\"https:\/\/ferox.pl\/en\/engines\/waukesha\/waukesha-vhp\/\" \/>\n<meta property=\"og:site_name\" content=\"Ferox Energy Systems Sp. z o. o.\" \/>\n<meta property=\"article:modified_time\" content=\"2022-04-05T20:16:37+00:00\" \/>\n<meta property=\"og:image\" content=\"https:\/\/ferox.pl\/wp-content\/uploads\/innio_waukesha_vhp-.png\" \/>\n\t<meta property=\"og:image:width\" content=\"1606\" \/>\n\t<meta property=\"og:image:height\" content=\"939\" \/>\n\t<meta property=\"og:image:type\" content=\"image\/png\" \/>\n<meta name=\"twitter:card\" content=\"summary_large_image\" \/>\n<meta name=\"twitter:label1\" content=\"Est. reading time\" \/>\n\t<meta name=\"twitter:data1\" content=\"1 minute\" \/>\n<script type=\"application\/ld+json\" class=\"yoast-schema-graph\">{\"@context\":\"https:\/\/schema.org\",\"@graph\":[{\"@type\":\"WebPage\",\"@id\":\"https:\/\/ferox.pl\/en\/engines\/waukesha\/waukesha-vhp\/\",\"url\":\"https:\/\/ferox.pl\/en\/engines\/waukesha\/waukesha-vhp\/\",\"name\":\"Waukesha VHP | Ferox Energy Systems Sp. z o. o.\",\"isPartOf\":{\"@id\":\"https:\/\/ferox.pl\/#website\"},\"primaryImageOfPage\":{\"@id\":\"https:\/\/ferox.pl\/en\/engines\/waukesha\/waukesha-vhp\/#primaryimage\"},\"image\":{\"@id\":\"https:\/\/ferox.pl\/en\/engines\/waukesha\/waukesha-vhp\/#primaryimage\"},\"thumbnailUrl\":\"https:\/\/ferox.pl\/wp-content\/uploads\/innio_waukesha_vhp-.png\",\"datePublished\":\"2022-03-03T14:05:43+00:00\",\"dateModified\":\"2022-04-05T20:16:37+00:00\",\"breadcrumb\":{\"@id\":\"https:\/\/ferox.pl\/en\/engines\/waukesha\/waukesha-vhp\/#breadcrumb\"},\"inLanguage\":\"en-US\",\"potentialAction\":[{\"@type\":\"ReadAction\",\"target\":[\"https:\/\/ferox.pl\/en\/engines\/waukesha\/waukesha-vhp\/\"]}]},{\"@type\":\"ImageObject\",\"inLanguage\":\"en-US\",\"@id\":\"https:\/\/ferox.pl\/en\/engines\/waukesha\/waukesha-vhp\/#primaryimage\",\"url\":\"https:\/\/ferox.pl\/wp-content\/uploads\/innio_waukesha_vhp-.png\",\"contentUrl\":\"https:\/\/ferox.pl\/wp-content\/uploads\/innio_waukesha_vhp-.png\",\"width\":1606,\"height\":939},{\"@type\":\"BreadcrumbList\",\"@id\":\"https:\/\/ferox.pl\/en\/engines\/waukesha\/waukesha-vhp\/#breadcrumb\",\"itemListElement\":[{\"@type\":\"ListItem\",\"position\":1,\"name\":\"Home\",\"item\":\"https:\/\/ferox.pl\/en\/\"},{\"@type\":\"ListItem\",\"position\":2,\"name\":\"Engines\",\"item\":\"https:\/\/ferox.pl\/en\/engines\/\"},{\"@type\":\"ListItem\",\"position\":3,\"name\":\"Waukesha\",\"item\":\"https:\/\/ferox.pl\/en\/engines\/waukesha\/\"},{\"@type\":\"ListItem\",\"position\":4,\"name\":\"Waukesha VHP\"}]},{\"@type\":\"WebSite\",\"@id\":\"https:\/\/ferox.pl\/#website\",\"url\":\"https:\/\/ferox.pl\/\",\"name\":\"Ferox Energy Systems Sp. z o. o.\",\"description\":\"Ferox Energy Systems sp. z o. o. to firma dzia\u0142aj\u0105ca w bran\u017cy od 1997 roku. Oferujemy kompleksowe rozwi\u0105zania w zakresie uk\u0142ad\u00f3w kogeneracyjnych i trigeneracyjnych na bazie silnik\u00f3w gazowych firmy INNIO Jenbacher.\",\"potentialAction\":[{\"@type\":\"SearchAction\",\"target\":{\"@type\":\"EntryPoint\",\"urlTemplate\":\"https:\/\/ferox.pl\/?s={search_term_string}\"},\"query-input\":{\"@type\":\"PropertyValueSpecification\",\"valueRequired\":true,\"valueName\":\"search_term_string\"}}],\"inLanguage\":\"en-US\"}]}<\/script>\n<!-- \/ Yoast SEO plugin. -->","yoast_head_json":{"title":"Waukesha VHP | Ferox Energy Systems Sp. z o. o.","robots":{"index":"index","follow":"follow","max-snippet":"max-snippet:-1","max-image-preview":"max-image-preview:large","max-video-preview":"max-video-preview:-1"},"canonical":"https:\/\/ferox.pl\/en\/engines\/waukesha\/waukesha-vhp\/","og_locale":"en_US","og_type":"article","og_title":"Waukesha VHP | Ferox Energy Systems Sp. z o. o.","og_description":"Built for dependability, longevity and durability, VHP engines have been working in natural gas production applications for over 40 years. Low emissions across varying applications Hot fuel tolerant Wide turn down range available (700 \u2013 1,200 rpm) Extended service intervals Learn more about Waukesha VHP serious 5 \u2013 one of the most fuel efficient VHP [&hellip;]","og_url":"https:\/\/ferox.pl\/en\/engines\/waukesha\/waukesha-vhp\/","og_site_name":"Ferox Energy Systems Sp. z o. o.","article_modified_time":"2022-04-05T20:16:37+00:00","og_image":[{"width":1606,"height":939,"url":"https:\/\/ferox.pl\/wp-content\/uploads\/innio_waukesha_vhp-.png","type":"image\/png"}],"twitter_card":"summary_large_image","twitter_misc":{"Est. reading time":"1 minute"},"schema":{"@context":"https:\/\/schema.org","@graph":[{"@type":"WebPage","@id":"https:\/\/ferox.pl\/en\/engines\/waukesha\/waukesha-vhp\/","url":"https:\/\/ferox.pl\/en\/engines\/waukesha\/waukesha-vhp\/","name":"Waukesha VHP | Ferox Energy Systems Sp. z o. o.","isPartOf":{"@id":"https:\/\/ferox.pl\/#website"},"primaryImageOfPage":{"@id":"https:\/\/ferox.pl\/en\/engines\/waukesha\/waukesha-vhp\/#primaryimage"},"image":{"@id":"https:\/\/ferox.pl\/en\/engines\/waukesha\/waukesha-vhp\/#primaryimage"},"thumbnailUrl":"https:\/\/ferox.pl\/wp-content\/uploads\/innio_waukesha_vhp-.png","datePublished":"2022-03-03T14:05:43+00:00","dateModified":"2022-04-05T20:16:37+00:00","breadcrumb":{"@id":"https:\/\/ferox.pl\/en\/engines\/waukesha\/waukesha-vhp\/#breadcrumb"},"inLanguage":"en-US","potentialAction":[{"@type":"ReadAction","target":["https:\/\/ferox.pl\/en\/engines\/waukesha\/waukesha-vhp\/"]}]},{"@type":"ImageObject","inLanguage":"en-US","@id":"https:\/\/ferox.pl\/en\/engines\/waukesha\/waukesha-vhp\/#primaryimage","url":"https:\/\/ferox.pl\/wp-content\/uploads\/innio_waukesha_vhp-.png","contentUrl":"https:\/\/ferox.pl\/wp-content\/uploads\/innio_waukesha_vhp-.png","width":1606,"height":939},{"@type":"BreadcrumbList","@id":"https:\/\/ferox.pl\/en\/engines\/waukesha\/waukesha-vhp\/#breadcrumb","itemListElement":[{"@type":"ListItem","position":1,"name":"Home","item":"https:\/\/ferox.pl\/en\/"},{"@type":"ListItem","position":2,"name":"Engines","item":"https:\/\/ferox.pl\/en\/engines\/"},{"@type":"ListItem","position":3,"name":"Waukesha","item":"https:\/\/ferox.pl\/en\/engines\/waukesha\/"},{"@type":"ListItem","position":4,"name":"Waukesha VHP"}]},{"@type":"WebSite","@id":"https:\/\/ferox.pl\/#website","url":"https:\/\/ferox.pl\/","name":"Ferox Energy Systems Sp. z o. o.","description":"Ferox Energy Systems sp. z o. o. to firma dzia\u0142aj\u0105ca w bran\u017cy od 1997 roku. Oferujemy kompleksowe rozwi\u0105zania w zakresie uk\u0142ad\u00f3w kogeneracyjnych i trigeneracyjnych na bazie silnik\u00f3w gazowych firmy INNIO Jenbacher.","potentialAction":[{"@type":"SearchAction","target":{"@type":"EntryPoint","urlTemplate":"https:\/\/ferox.pl\/?s={search_term_string}"},"query-input":{"@type":"PropertyValueSpecification","valueRequired":true,"valueName":"search_term_string"}}],"inLanguage":"en-US"}]}},"_links":{"self":[{"href":"https:\/\/ferox.pl\/en\/wp-json\/wp\/v2\/pages\/1603","targetHints":{"allow":["GET"]}}],"collection":[{"href":"https:\/\/ferox.pl\/en\/wp-json\/wp\/v2\/pages"}],"about":[{"href":"https:\/\/ferox.pl\/en\/wp-json\/wp\/v2\/types\/page"}],"author":[{"embeddable":true,"href":"https:\/\/ferox.pl\/en\/wp-json\/wp\/v2\/users\/3"}],"replies":[{"embeddable":true,"href":"https:\/\/ferox.pl\/en\/wp-json\/wp\/v2\/comments?post=1603"}],"version-history":[{"count":10,"href":"https:\/\/ferox.pl\/en\/wp-json\/wp\/v2\/pages\/1603\/revisions"}],"predecessor-version":[{"id":1916,"href":"https:\/\/ferox.pl\/en\/wp-json\/wp\/v2\/pages\/1603\/revisions\/1916"}],"up":[{"embeddable":true,"href":"https:\/\/ferox.pl\/en\/wp-json\/wp\/v2\/pages\/1591"}],"wp:featuredmedia":[{"embeddable":true,"href":"https:\/\/ferox.pl\/en\/wp-json\/wp\/v2\/media\/947"}],"wp:attachment":[{"href":"https:\/\/ferox.pl\/en\/wp-json\/wp\/v2\/media?parent=1603"}],"curies":[{"name":"wp","href":"https:\/\/api.w.org\/{rel}","templated":true}]}}