{"id":1600,"date":"2022-03-03T15:03:15","date_gmt":"2022-03-03T14:03:15","guid":{"rendered":"https:\/\/ferox.pl\/?page_id=1600"},"modified":"2022-04-05T22:16:36","modified_gmt":"2022-04-05T20:16:36","slug":"waukesha-vgf","status":"publish","type":"page","link":"https:\/\/ferox.pl\/en\/engines\/waukesha\/waukesha-vgf\/","title":{"rendered":"Waukesha VGF"},"content":{"rendered":"\n<p>If you run stationary and mobile gas engines with spark ignition, the durable, compact Waukesha VGF diesel engines are designed for you.<\/p>\n\n\n\n<ul class=\"wp-block-list\"><li>A turbocharger for operation at high altitudes above sea level, which allows you to work up to 1676 meters above sea level. in some engines burning a lean mixture and up to 1524 m above sea level. in some engines burning a rich mixture.<\/li><li>The ability to quickly change the load ensures optimal operation.<\/li><li>Versatile configurations for different levels of fuel pressure; available with suction for low pressure or expansion for fuel with higher pressure.<\/li><\/ul>\n\n\n\n<p>We also offer wide range of Waukesha product upgrades.<\/p>\n","protected":false},"excerpt":{"rendered":"<p>If you run stationary and mobile gas engines with spark ignition, the durable, compact Waukesha VGF diesel engines are designed for you. A turbocharger for operation at high altitudes above sea level, which allows you to work up to 1676 meters above sea level. in some engines burning a lean mixture and up to 1524 [&hellip;]<\/p>\n","protected":false},"author":3,"featured_media":951,"parent":1591,"menu_order":3,"comment_status":"closed","ping_status":"closed","template":"silnik-single-page.php","meta":{"_acf_changed":false,"footnotes":""},"class_list":["post-1600","page","type-page","status-publish","has-post-thumbnail","hentry"],"acf":[],"yoast_head":"<!-- This site is optimized with the Yoast SEO plugin v26.4 - https:\/\/yoast.com\/wordpress\/plugins\/seo\/ -->\n<title>Waukesha VGF | Ferox Energy Systems Sp. z o. o.<\/title>\n<meta name=\"robots\" content=\"index, follow, max-snippet:-1, max-image-preview:large, max-video-preview:-1\" \/>\n<link rel=\"canonical\" href=\"https:\/\/ferox.pl\/en\/engines\/waukesha\/waukesha-vgf\/\" \/>\n<meta property=\"og:locale\" content=\"en_US\" \/>\n<meta property=\"og:type\" content=\"article\" \/>\n<meta property=\"og:title\" content=\"Waukesha VGF | Ferox Energy Systems Sp. z o. o.\" \/>\n<meta property=\"og:description\" content=\"If you run stationary and mobile gas engines with spark ignition, the durable, compact Waukesha VGF diesel engines are designed for you. A turbocharger for operation at high altitudes above sea level, which allows you to work up to 1676 meters above sea level. in some engines burning a lean mixture and up to 1524 [&hellip;]\" \/>\n<meta property=\"og:url\" content=\"https:\/\/ferox.pl\/en\/engines\/waukesha\/waukesha-vgf\/\" \/>\n<meta property=\"og:site_name\" content=\"Ferox Energy Systems Sp. z o. o.\" \/>\n<meta property=\"article:modified_time\" content=\"2022-04-05T20:16:36+00:00\" \/>\n<meta property=\"og:image\" content=\"https:\/\/ferox.pl\/wp-content\/uploads\/innio_waukesha_vgf.png\" \/>\n\t<meta property=\"og:image:width\" content=\"1606\" \/>\n\t<meta property=\"og:image:height\" content=\"939\" \/>\n\t<meta property=\"og:image:type\" content=\"image\/png\" \/>\n<meta name=\"twitter:card\" content=\"summary_large_image\" \/>\n<meta name=\"twitter:label1\" content=\"Est. reading time\" \/>\n\t<meta name=\"twitter:data1\" content=\"1 minute\" \/>\n<script type=\"application\/ld+json\" class=\"yoast-schema-graph\">{\"@context\":\"https:\/\/schema.org\",\"@graph\":[{\"@type\":\"WebPage\",\"@id\":\"https:\/\/ferox.pl\/en\/engines\/waukesha\/waukesha-vgf\/\",\"url\":\"https:\/\/ferox.pl\/en\/engines\/waukesha\/waukesha-vgf\/\",\"name\":\"Waukesha VGF | Ferox Energy Systems Sp. z o. o.\",\"isPartOf\":{\"@id\":\"https:\/\/ferox.pl\/#website\"},\"primaryImageOfPage\":{\"@id\":\"https:\/\/ferox.pl\/en\/engines\/waukesha\/waukesha-vgf\/#primaryimage\"},\"image\":{\"@id\":\"https:\/\/ferox.pl\/en\/engines\/waukesha\/waukesha-vgf\/#primaryimage\"},\"thumbnailUrl\":\"https:\/\/ferox.pl\/wp-content\/uploads\/innio_waukesha_vgf.png\",\"datePublished\":\"2022-03-03T14:03:15+00:00\",\"dateModified\":\"2022-04-05T20:16:36+00:00\",\"breadcrumb\":{\"@id\":\"https:\/\/ferox.pl\/en\/engines\/waukesha\/waukesha-vgf\/#breadcrumb\"},\"inLanguage\":\"en-US\",\"potentialAction\":[{\"@type\":\"ReadAction\",\"target\":[\"https:\/\/ferox.pl\/en\/engines\/waukesha\/waukesha-vgf\/\"]}]},{\"@type\":\"ImageObject\",\"inLanguage\":\"en-US\",\"@id\":\"https:\/\/ferox.pl\/en\/engines\/waukesha\/waukesha-vgf\/#primaryimage\",\"url\":\"https:\/\/ferox.pl\/wp-content\/uploads\/innio_waukesha_vgf.png\",\"contentUrl\":\"https:\/\/ferox.pl\/wp-content\/uploads\/innio_waukesha_vgf.png\",\"width\":1606,\"height\":939},{\"@type\":\"BreadcrumbList\",\"@id\":\"https:\/\/ferox.pl\/en\/engines\/waukesha\/waukesha-vgf\/#breadcrumb\",\"itemListElement\":[{\"@type\":\"ListItem\",\"position\":1,\"name\":\"Home\",\"item\":\"https:\/\/ferox.pl\/en\/\"},{\"@type\":\"ListItem\",\"position\":2,\"name\":\"Engines\",\"item\":\"https:\/\/ferox.pl\/en\/engines\/\"},{\"@type\":\"ListItem\",\"position\":3,\"name\":\"Waukesha\",\"item\":\"https:\/\/ferox.pl\/en\/engines\/waukesha\/\"},{\"@type\":\"ListItem\",\"position\":4,\"name\":\"Waukesha VGF\"}]},{\"@type\":\"WebSite\",\"@id\":\"https:\/\/ferox.pl\/#website\",\"url\":\"https:\/\/ferox.pl\/\",\"name\":\"Ferox Energy Systems Sp. z o. o.\",\"description\":\"Ferox Energy Systems sp. z o. o. to firma dzia\u0142aj\u0105ca w bran\u017cy od 1997 roku. Oferujemy kompleksowe rozwi\u0105zania w zakresie uk\u0142ad\u00f3w kogeneracyjnych i trigeneracyjnych na bazie silnik\u00f3w gazowych firmy INNIO Jenbacher.\",\"potentialAction\":[{\"@type\":\"SearchAction\",\"target\":{\"@type\":\"EntryPoint\",\"urlTemplate\":\"https:\/\/ferox.pl\/?s={search_term_string}\"},\"query-input\":{\"@type\":\"PropertyValueSpecification\",\"valueRequired\":true,\"valueName\":\"search_term_string\"}}],\"inLanguage\":\"en-US\"}]}<\/script>\n<!-- \/ Yoast SEO plugin. -->","yoast_head_json":{"title":"Waukesha VGF | Ferox Energy Systems Sp. z o. o.","robots":{"index":"index","follow":"follow","max-snippet":"max-snippet:-1","max-image-preview":"max-image-preview:large","max-video-preview":"max-video-preview:-1"},"canonical":"https:\/\/ferox.pl\/en\/engines\/waukesha\/waukesha-vgf\/","og_locale":"en_US","og_type":"article","og_title":"Waukesha VGF | Ferox Energy Systems Sp. z o. o.","og_description":"If you run stationary and mobile gas engines with spark ignition, the durable, compact Waukesha VGF diesel engines are designed for you. A turbocharger for operation at high altitudes above sea level, which allows you to work up to 1676 meters above sea level. in some engines burning a lean mixture and up to 1524 [&hellip;]","og_url":"https:\/\/ferox.pl\/en\/engines\/waukesha\/waukesha-vgf\/","og_site_name":"Ferox Energy Systems Sp. z o. o.","article_modified_time":"2022-04-05T20:16:36+00:00","og_image":[{"width":1606,"height":939,"url":"https:\/\/ferox.pl\/wp-content\/uploads\/innio_waukesha_vgf.png","type":"image\/png"}],"twitter_card":"summary_large_image","twitter_misc":{"Est. reading time":"1 minute"},"schema":{"@context":"https:\/\/schema.org","@graph":[{"@type":"WebPage","@id":"https:\/\/ferox.pl\/en\/engines\/waukesha\/waukesha-vgf\/","url":"https:\/\/ferox.pl\/en\/engines\/waukesha\/waukesha-vgf\/","name":"Waukesha VGF | Ferox Energy Systems Sp. z o. o.","isPartOf":{"@id":"https:\/\/ferox.pl\/#website"},"primaryImageOfPage":{"@id":"https:\/\/ferox.pl\/en\/engines\/waukesha\/waukesha-vgf\/#primaryimage"},"image":{"@id":"https:\/\/ferox.pl\/en\/engines\/waukesha\/waukesha-vgf\/#primaryimage"},"thumbnailUrl":"https:\/\/ferox.pl\/wp-content\/uploads\/innio_waukesha_vgf.png","datePublished":"2022-03-03T14:03:15+00:00","dateModified":"2022-04-05T20:16:36+00:00","breadcrumb":{"@id":"https:\/\/ferox.pl\/en\/engines\/waukesha\/waukesha-vgf\/#breadcrumb"},"inLanguage":"en-US","potentialAction":[{"@type":"ReadAction","target":["https:\/\/ferox.pl\/en\/engines\/waukesha\/waukesha-vgf\/"]}]},{"@type":"ImageObject","inLanguage":"en-US","@id":"https:\/\/ferox.pl\/en\/engines\/waukesha\/waukesha-vgf\/#primaryimage","url":"https:\/\/ferox.pl\/wp-content\/uploads\/innio_waukesha_vgf.png","contentUrl":"https:\/\/ferox.pl\/wp-content\/uploads\/innio_waukesha_vgf.png","width":1606,"height":939},{"@type":"BreadcrumbList","@id":"https:\/\/ferox.pl\/en\/engines\/waukesha\/waukesha-vgf\/#breadcrumb","itemListElement":[{"@type":"ListItem","position":1,"name":"Home","item":"https:\/\/ferox.pl\/en\/"},{"@type":"ListItem","position":2,"name":"Engines","item":"https:\/\/ferox.pl\/en\/engines\/"},{"@type":"ListItem","position":3,"name":"Waukesha","item":"https:\/\/ferox.pl\/en\/engines\/waukesha\/"},{"@type":"ListItem","position":4,"name":"Waukesha VGF"}]},{"@type":"WebSite","@id":"https:\/\/ferox.pl\/#website","url":"https:\/\/ferox.pl\/","name":"Ferox Energy Systems Sp. z o. o.","description":"Ferox Energy Systems sp. z o. o. to firma dzia\u0142aj\u0105ca w bran\u017cy od 1997 roku. Oferujemy kompleksowe rozwi\u0105zania w zakresie uk\u0142ad\u00f3w kogeneracyjnych i trigeneracyjnych na bazie silnik\u00f3w gazowych firmy INNIO Jenbacher.","potentialAction":[{"@type":"SearchAction","target":{"@type":"EntryPoint","urlTemplate":"https:\/\/ferox.pl\/?s={search_term_string}"},"query-input":{"@type":"PropertyValueSpecification","valueRequired":true,"valueName":"search_term_string"}}],"inLanguage":"en-US"}]}},"_links":{"self":[{"href":"https:\/\/ferox.pl\/en\/wp-json\/wp\/v2\/pages\/1600","targetHints":{"allow":["GET"]}}],"collection":[{"href":"https:\/\/ferox.pl\/en\/wp-json\/wp\/v2\/pages"}],"about":[{"href":"https:\/\/ferox.pl\/en\/wp-json\/wp\/v2\/types\/page"}],"author":[{"embeddable":true,"href":"https:\/\/ferox.pl\/en\/wp-json\/wp\/v2\/users\/3"}],"replies":[{"embeddable":true,"href":"https:\/\/ferox.pl\/en\/wp-json\/wp\/v2\/comments?post=1600"}],"version-history":[{"count":8,"href":"https:\/\/ferox.pl\/en\/wp-json\/wp\/v2\/pages\/1600\/revisions"}],"predecessor-version":[{"id":1915,"href":"https:\/\/ferox.pl\/en\/wp-json\/wp\/v2\/pages\/1600\/revisions\/1915"}],"up":[{"embeddable":true,"href":"https:\/\/ferox.pl\/en\/wp-json\/wp\/v2\/pages\/1591"}],"wp:featuredmedia":[{"embeddable":true,"href":"https:\/\/ferox.pl\/en\/wp-json\/wp\/v2\/media\/951"}],"wp:attachment":[{"href":"https:\/\/ferox.pl\/en\/wp-json\/wp\/v2\/media?parent=1600"}],"curies":[{"name":"wp","href":"https:\/\/api.w.org\/{rel}","templated":true}]}}