{"id":1597,"date":"2022-03-03T15:01:18","date_gmt":"2022-03-03T14:01:18","guid":{"rendered":"https:\/\/ferox.pl\/?page_id=1597"},"modified":"2022-04-05T22:11:20","modified_gmt":"2022-04-05T20:11:20","slug":"waukesha-mobileflex","status":"publish","type":"page","link":"https:\/\/ferox.pl\/en\/engines\/waukesha\/waukesha-mobileflex\/","title":{"rendered":"Waukesha mobileFLEX"},"content":{"rendered":"\n<p>MobileFLEX is perfect for oil field energy generation to power oil rigs, lift pumps, water injection pups and temporary storage<\/p>\n\n\n\n<ul class=\"wp-block-list\"><li>Low operation costs \u2013 up to 80% compering to diesel burning units<\/li><li>Runs at LNG, CNG, propane and associated gas with high LHV with minimal processing<\/li><li>Operation on natural gas with LHV of 34,5 \u2013 61,5 MJ\/m3 and propane with LVH of 96,9 MJ\/m3 with no parts modifications.<\/li><\/ul>\n\n\n\n<p>Waukesha product upgrades Waukesha product upgrades.<\/p>\n","protected":false},"excerpt":{"rendered":"<p>MobileFLEX is perfect for oil field energy generation to power oil rigs, lift pumps, water injection pups and temporary storage Low operation costs \u2013 up to 80% compering to diesel burning units Runs at LNG, CNG, propane and associated gas with high LHV with minimal processing Operation on natural gas with LHV of 34,5 \u2013 [&hellip;]<\/p>\n","protected":false},"author":3,"featured_media":954,"parent":1591,"menu_order":2,"comment_status":"closed","ping_status":"closed","template":"silnik-single-page.php","meta":{"_acf_changed":false,"footnotes":""},"class_list":["post-1597","page","type-page","status-publish","has-post-thumbnail","hentry"],"acf":[],"yoast_head":"<!-- This site is optimized with the Yoast SEO plugin v26.4 - https:\/\/yoast.com\/wordpress\/plugins\/seo\/ -->\n<title>Waukesha mobileFLEX | Ferox Energy Systems Sp. z o. o.<\/title>\n<meta name=\"robots\" content=\"index, follow, max-snippet:-1, max-image-preview:large, max-video-preview:-1\" \/>\n<link rel=\"canonical\" href=\"https:\/\/ferox.pl\/en\/engines\/waukesha\/waukesha-mobileflex\/\" \/>\n<meta property=\"og:locale\" content=\"en_US\" \/>\n<meta property=\"og:type\" content=\"article\" \/>\n<meta property=\"og:title\" content=\"Waukesha mobileFLEX | Ferox Energy Systems Sp. z o. o.\" \/>\n<meta property=\"og:description\" content=\"MobileFLEX is perfect for oil field energy generation to power oil rigs, lift pumps, water injection pups and temporary storage Low operation costs \u2013 up to 80% compering to diesel burning units Runs at LNG, CNG, propane and associated gas with high LHV with minimal processing Operation on natural gas with LHV of 34,5 \u2013 [&hellip;]\" \/>\n<meta property=\"og:url\" content=\"https:\/\/ferox.pl\/en\/engines\/waukesha\/waukesha-mobileflex\/\" \/>\n<meta property=\"og:site_name\" content=\"Ferox Energy Systems Sp. z o. o.\" \/>\n<meta property=\"article:modified_time\" content=\"2022-04-05T20:11:20+00:00\" \/>\n<meta property=\"og:image\" content=\"https:\/\/ferox.pl\/wp-content\/uploads\/innio_waukesha_mobileflex-.png\" \/>\n\t<meta property=\"og:image:width\" content=\"1606\" \/>\n\t<meta property=\"og:image:height\" content=\"939\" \/>\n\t<meta property=\"og:image:type\" content=\"image\/png\" \/>\n<meta name=\"twitter:card\" content=\"summary_large_image\" \/>\n<meta name=\"twitter:label1\" content=\"Est. reading time\" \/>\n\t<meta name=\"twitter:data1\" content=\"1 minute\" \/>\n<script type=\"application\/ld+json\" class=\"yoast-schema-graph\">{\"@context\":\"https:\/\/schema.org\",\"@graph\":[{\"@type\":\"WebPage\",\"@id\":\"https:\/\/ferox.pl\/en\/engines\/waukesha\/waukesha-mobileflex\/\",\"url\":\"https:\/\/ferox.pl\/en\/engines\/waukesha\/waukesha-mobileflex\/\",\"name\":\"Waukesha mobileFLEX | Ferox Energy Systems Sp. z o. o.\",\"isPartOf\":{\"@id\":\"https:\/\/ferox.pl\/#website\"},\"primaryImageOfPage\":{\"@id\":\"https:\/\/ferox.pl\/en\/engines\/waukesha\/waukesha-mobileflex\/#primaryimage\"},\"image\":{\"@id\":\"https:\/\/ferox.pl\/en\/engines\/waukesha\/waukesha-mobileflex\/#primaryimage\"},\"thumbnailUrl\":\"https:\/\/ferox.pl\/wp-content\/uploads\/innio_waukesha_mobileflex-.png\",\"datePublished\":\"2022-03-03T14:01:18+00:00\",\"dateModified\":\"2022-04-05T20:11:20+00:00\",\"breadcrumb\":{\"@id\":\"https:\/\/ferox.pl\/en\/engines\/waukesha\/waukesha-mobileflex\/#breadcrumb\"},\"inLanguage\":\"en-US\",\"potentialAction\":[{\"@type\":\"ReadAction\",\"target\":[\"https:\/\/ferox.pl\/en\/engines\/waukesha\/waukesha-mobileflex\/\"]}]},{\"@type\":\"ImageObject\",\"inLanguage\":\"en-US\",\"@id\":\"https:\/\/ferox.pl\/en\/engines\/waukesha\/waukesha-mobileflex\/#primaryimage\",\"url\":\"https:\/\/ferox.pl\/wp-content\/uploads\/innio_waukesha_mobileflex-.png\",\"contentUrl\":\"https:\/\/ferox.pl\/wp-content\/uploads\/innio_waukesha_mobileflex-.png\",\"width\":1606,\"height\":939},{\"@type\":\"BreadcrumbList\",\"@id\":\"https:\/\/ferox.pl\/en\/engines\/waukesha\/waukesha-mobileflex\/#breadcrumb\",\"itemListElement\":[{\"@type\":\"ListItem\",\"position\":1,\"name\":\"Home\",\"item\":\"https:\/\/ferox.pl\/en\/\"},{\"@type\":\"ListItem\",\"position\":2,\"name\":\"Engines\",\"item\":\"https:\/\/ferox.pl\/en\/engines\/\"},{\"@type\":\"ListItem\",\"position\":3,\"name\":\"Waukesha\",\"item\":\"https:\/\/ferox.pl\/en\/engines\/waukesha\/\"},{\"@type\":\"ListItem\",\"position\":4,\"name\":\"Waukesha mobileFLEX\"}]},{\"@type\":\"WebSite\",\"@id\":\"https:\/\/ferox.pl\/#website\",\"url\":\"https:\/\/ferox.pl\/\",\"name\":\"Ferox Energy Systems Sp. z o. o.\",\"description\":\"Ferox Energy Systems sp. z o. o. to firma dzia\u0142aj\u0105ca w bran\u017cy od 1997 roku. Oferujemy kompleksowe rozwi\u0105zania w zakresie uk\u0142ad\u00f3w kogeneracyjnych i trigeneracyjnych na bazie silnik\u00f3w gazowych firmy INNIO Jenbacher.\",\"potentialAction\":[{\"@type\":\"SearchAction\",\"target\":{\"@type\":\"EntryPoint\",\"urlTemplate\":\"https:\/\/ferox.pl\/?s={search_term_string}\"},\"query-input\":{\"@type\":\"PropertyValueSpecification\",\"valueRequired\":true,\"valueName\":\"search_term_string\"}}],\"inLanguage\":\"en-US\"}]}<\/script>\n<!-- \/ Yoast SEO plugin. -->","yoast_head_json":{"title":"Waukesha mobileFLEX | Ferox Energy Systems Sp. z o. o.","robots":{"index":"index","follow":"follow","max-snippet":"max-snippet:-1","max-image-preview":"max-image-preview:large","max-video-preview":"max-video-preview:-1"},"canonical":"https:\/\/ferox.pl\/en\/engines\/waukesha\/waukesha-mobileflex\/","og_locale":"en_US","og_type":"article","og_title":"Waukesha mobileFLEX | Ferox Energy Systems Sp. z o. o.","og_description":"MobileFLEX is perfect for oil field energy generation to power oil rigs, lift pumps, water injection pups and temporary storage Low operation costs \u2013 up to 80% compering to diesel burning units Runs at LNG, CNG, propane and associated gas with high LHV with minimal processing Operation on natural gas with LHV of 34,5 \u2013 [&hellip;]","og_url":"https:\/\/ferox.pl\/en\/engines\/waukesha\/waukesha-mobileflex\/","og_site_name":"Ferox Energy Systems Sp. z o. o.","article_modified_time":"2022-04-05T20:11:20+00:00","og_image":[{"width":1606,"height":939,"url":"https:\/\/ferox.pl\/wp-content\/uploads\/innio_waukesha_mobileflex-.png","type":"image\/png"}],"twitter_card":"summary_large_image","twitter_misc":{"Est. reading time":"1 minute"},"schema":{"@context":"https:\/\/schema.org","@graph":[{"@type":"WebPage","@id":"https:\/\/ferox.pl\/en\/engines\/waukesha\/waukesha-mobileflex\/","url":"https:\/\/ferox.pl\/en\/engines\/waukesha\/waukesha-mobileflex\/","name":"Waukesha mobileFLEX | Ferox Energy Systems Sp. z o. o.","isPartOf":{"@id":"https:\/\/ferox.pl\/#website"},"primaryImageOfPage":{"@id":"https:\/\/ferox.pl\/en\/engines\/waukesha\/waukesha-mobileflex\/#primaryimage"},"image":{"@id":"https:\/\/ferox.pl\/en\/engines\/waukesha\/waukesha-mobileflex\/#primaryimage"},"thumbnailUrl":"https:\/\/ferox.pl\/wp-content\/uploads\/innio_waukesha_mobileflex-.png","datePublished":"2022-03-03T14:01:18+00:00","dateModified":"2022-04-05T20:11:20+00:00","breadcrumb":{"@id":"https:\/\/ferox.pl\/en\/engines\/waukesha\/waukesha-mobileflex\/#breadcrumb"},"inLanguage":"en-US","potentialAction":[{"@type":"ReadAction","target":["https:\/\/ferox.pl\/en\/engines\/waukesha\/waukesha-mobileflex\/"]}]},{"@type":"ImageObject","inLanguage":"en-US","@id":"https:\/\/ferox.pl\/en\/engines\/waukesha\/waukesha-mobileflex\/#primaryimage","url":"https:\/\/ferox.pl\/wp-content\/uploads\/innio_waukesha_mobileflex-.png","contentUrl":"https:\/\/ferox.pl\/wp-content\/uploads\/innio_waukesha_mobileflex-.png","width":1606,"height":939},{"@type":"BreadcrumbList","@id":"https:\/\/ferox.pl\/en\/engines\/waukesha\/waukesha-mobileflex\/#breadcrumb","itemListElement":[{"@type":"ListItem","position":1,"name":"Home","item":"https:\/\/ferox.pl\/en\/"},{"@type":"ListItem","position":2,"name":"Engines","item":"https:\/\/ferox.pl\/en\/engines\/"},{"@type":"ListItem","position":3,"name":"Waukesha","item":"https:\/\/ferox.pl\/en\/engines\/waukesha\/"},{"@type":"ListItem","position":4,"name":"Waukesha mobileFLEX"}]},{"@type":"WebSite","@id":"https:\/\/ferox.pl\/#website","url":"https:\/\/ferox.pl\/","name":"Ferox Energy Systems Sp. z o. o.","description":"Ferox Energy Systems sp. z o. o. to firma dzia\u0142aj\u0105ca w bran\u017cy od 1997 roku. Oferujemy kompleksowe rozwi\u0105zania w zakresie uk\u0142ad\u00f3w kogeneracyjnych i trigeneracyjnych na bazie silnik\u00f3w gazowych firmy INNIO Jenbacher.","potentialAction":[{"@type":"SearchAction","target":{"@type":"EntryPoint","urlTemplate":"https:\/\/ferox.pl\/?s={search_term_string}"},"query-input":{"@type":"PropertyValueSpecification","valueRequired":true,"valueName":"search_term_string"}}],"inLanguage":"en-US"}]}},"_links":{"self":[{"href":"https:\/\/ferox.pl\/en\/wp-json\/wp\/v2\/pages\/1597","targetHints":{"allow":["GET"]}}],"collection":[{"href":"https:\/\/ferox.pl\/en\/wp-json\/wp\/v2\/pages"}],"about":[{"href":"https:\/\/ferox.pl\/en\/wp-json\/wp\/v2\/types\/page"}],"author":[{"embeddable":true,"href":"https:\/\/ferox.pl\/en\/wp-json\/wp\/v2\/users\/3"}],"replies":[{"embeddable":true,"href":"https:\/\/ferox.pl\/en\/wp-json\/wp\/v2\/comments?post=1597"}],"version-history":[{"count":7,"href":"https:\/\/ferox.pl\/en\/wp-json\/wp\/v2\/pages\/1597\/revisions"}],"predecessor-version":[{"id":1905,"href":"https:\/\/ferox.pl\/en\/wp-json\/wp\/v2\/pages\/1597\/revisions\/1905"}],"up":[{"embeddable":true,"href":"https:\/\/ferox.pl\/en\/wp-json\/wp\/v2\/pages\/1591"}],"wp:featuredmedia":[{"embeddable":true,"href":"https:\/\/ferox.pl\/en\/wp-json\/wp\/v2\/media\/954"}],"wp:attachment":[{"href":"https:\/\/ferox.pl\/en\/wp-json\/wp\/v2\/media?parent=1597"}],"curies":[{"name":"wp","href":"https:\/\/api.w.org\/{rel}","templated":true}]}}