{"id":1594,"date":"2022-02-28T22:48:45","date_gmt":"2022-02-28T21:48:45","guid":{"rendered":"https:\/\/ferox.pl\/?page_id=1594"},"modified":"2022-04-05T22:09:08","modified_gmt":"2022-04-05T20:09:08","slug":"waukesha-275gl","status":"publish","type":"page","link":"https:\/\/ferox.pl\/en\/engines\/waukesha\/waukesha-275gl\/","title":{"rendered":"Waukesha 275GL+"},"content":{"rendered":"\n<p>Designed with oil and gas industry high requirements in mind, Waukesha 275GL+ by INNIO is proper choice for reliable energy generation for oil fields and related gas works.<\/p>\n\n\n\n<ul class=\"wp-block-list\"><li>More power with more unconventional applications based on fuel gas, including full load operation with fuel LHV between 22,4 MJ\/m3 and 85,7 MJ\/m3<\/li><li>Engine 275GL+ provides power and efficiency, directly improving financial results.<\/li><li>16 cylinder engine capable of 500 bhp (3728 kWb) and 12 cylinder version capable of 3750bhp (2796 kWb).<\/li><li>Model 275GL+ and it&#8217;s advantageous fuel efficiency assures low unburned methane \u2013 greenhouse gas that has 25 times higher environmental impact then CO2 \u2013 minimizing carbon footprint and environment impact.<\/li><li>Engine Management System (EMS) significantly simplifies engine configuration and operations.<\/li><\/ul>\n\n\n\n<p>We also offer wide range of Waukesha product upgrades.<\/p>\n","protected":false},"excerpt":{"rendered":"<p>Designed with oil and gas industry high requirements in mind, Waukesha 275GL+ by INNIO is proper choice for reliable energy generation for oil fields and related gas works. More power with more unconventional applications based on fuel gas, including full load operation with fuel LHV between 22,4 MJ\/m3 and 85,7 MJ\/m3 Engine 275GL+ provides power [&hellip;]<\/p>\n","protected":false},"author":3,"featured_media":958,"parent":1591,"menu_order":1,"comment_status":"closed","ping_status":"closed","template":"silnik-single-page.php","meta":{"_acf_changed":false,"footnotes":""},"class_list":["post-1594","page","type-page","status-publish","has-post-thumbnail","hentry"],"acf":[],"yoast_head":"<!-- This site is optimized with the Yoast SEO plugin v26.4 - https:\/\/yoast.com\/wordpress\/plugins\/seo\/ -->\n<title>Waukesha 275GL+ | Ferox Energy Systems Sp. z o. o.<\/title>\n<meta name=\"robots\" content=\"index, follow, max-snippet:-1, max-image-preview:large, max-video-preview:-1\" \/>\n<link rel=\"canonical\" href=\"https:\/\/ferox.pl\/en\/engines\/waukesha\/waukesha-275gl\/\" \/>\n<meta property=\"og:locale\" content=\"en_US\" \/>\n<meta property=\"og:type\" content=\"article\" \/>\n<meta property=\"og:title\" content=\"Waukesha 275GL+ | Ferox Energy Systems Sp. z o. o.\" \/>\n<meta property=\"og:description\" content=\"Designed with oil and gas industry high requirements in mind, Waukesha 275GL+ by INNIO is proper choice for reliable energy generation for oil fields and related gas works. More power with more unconventional applications based on fuel gas, including full load operation with fuel LHV between 22,4 MJ\/m3 and 85,7 MJ\/m3 Engine 275GL+ provides power [&hellip;]\" \/>\n<meta property=\"og:url\" content=\"https:\/\/ferox.pl\/en\/engines\/waukesha\/waukesha-275gl\/\" \/>\n<meta property=\"og:site_name\" content=\"Ferox Energy Systems Sp. z o. o.\" \/>\n<meta property=\"article:modified_time\" content=\"2022-04-05T20:09:08+00:00\" \/>\n<meta property=\"og:image\" content=\"https:\/\/ferox.pl\/wp-content\/uploads\/innio_waukesha_275gl-plus.png\" \/>\n\t<meta property=\"og:image:width\" content=\"1606\" \/>\n\t<meta property=\"og:image:height\" content=\"939\" \/>\n\t<meta property=\"og:image:type\" content=\"image\/png\" \/>\n<meta name=\"twitter:card\" content=\"summary_large_image\" \/>\n<meta name=\"twitter:label1\" content=\"Est. reading time\" \/>\n\t<meta name=\"twitter:data1\" content=\"1 minute\" \/>\n<script type=\"application\/ld+json\" class=\"yoast-schema-graph\">{\"@context\":\"https:\/\/schema.org\",\"@graph\":[{\"@type\":\"WebPage\",\"@id\":\"https:\/\/ferox.pl\/en\/engines\/waukesha\/waukesha-275gl\/\",\"url\":\"https:\/\/ferox.pl\/en\/engines\/waukesha\/waukesha-275gl\/\",\"name\":\"Waukesha 275GL+ | Ferox Energy Systems Sp. z o. o.\",\"isPartOf\":{\"@id\":\"https:\/\/ferox.pl\/#website\"},\"primaryImageOfPage\":{\"@id\":\"https:\/\/ferox.pl\/en\/engines\/waukesha\/waukesha-275gl\/#primaryimage\"},\"image\":{\"@id\":\"https:\/\/ferox.pl\/en\/engines\/waukesha\/waukesha-275gl\/#primaryimage\"},\"thumbnailUrl\":\"https:\/\/ferox.pl\/wp-content\/uploads\/innio_waukesha_275gl-plus.png\",\"datePublished\":\"2022-02-28T21:48:45+00:00\",\"dateModified\":\"2022-04-05T20:09:08+00:00\",\"breadcrumb\":{\"@id\":\"https:\/\/ferox.pl\/en\/engines\/waukesha\/waukesha-275gl\/#breadcrumb\"},\"inLanguage\":\"en-US\",\"potentialAction\":[{\"@type\":\"ReadAction\",\"target\":[\"https:\/\/ferox.pl\/en\/engines\/waukesha\/waukesha-275gl\/\"]}]},{\"@type\":\"ImageObject\",\"inLanguage\":\"en-US\",\"@id\":\"https:\/\/ferox.pl\/en\/engines\/waukesha\/waukesha-275gl\/#primaryimage\",\"url\":\"https:\/\/ferox.pl\/wp-content\/uploads\/innio_waukesha_275gl-plus.png\",\"contentUrl\":\"https:\/\/ferox.pl\/wp-content\/uploads\/innio_waukesha_275gl-plus.png\",\"width\":1606,\"height\":939},{\"@type\":\"BreadcrumbList\",\"@id\":\"https:\/\/ferox.pl\/en\/engines\/waukesha\/waukesha-275gl\/#breadcrumb\",\"itemListElement\":[{\"@type\":\"ListItem\",\"position\":1,\"name\":\"Home\",\"item\":\"https:\/\/ferox.pl\/en\/\"},{\"@type\":\"ListItem\",\"position\":2,\"name\":\"Engines\",\"item\":\"https:\/\/ferox.pl\/en\/engines\/\"},{\"@type\":\"ListItem\",\"position\":3,\"name\":\"Waukesha\",\"item\":\"https:\/\/ferox.pl\/en\/engines\/waukesha\/\"},{\"@type\":\"ListItem\",\"position\":4,\"name\":\"Waukesha 275GL+\"}]},{\"@type\":\"WebSite\",\"@id\":\"https:\/\/ferox.pl\/#website\",\"url\":\"https:\/\/ferox.pl\/\",\"name\":\"Ferox Energy Systems Sp. z o. o.\",\"description\":\"Ferox Energy Systems sp. z o. o. to firma dzia\u0142aj\u0105ca w bran\u017cy od 1997 roku. Oferujemy kompleksowe rozwi\u0105zania w zakresie uk\u0142ad\u00f3w kogeneracyjnych i trigeneracyjnych na bazie silnik\u00f3w gazowych firmy INNIO Jenbacher.\",\"potentialAction\":[{\"@type\":\"SearchAction\",\"target\":{\"@type\":\"EntryPoint\",\"urlTemplate\":\"https:\/\/ferox.pl\/?s={search_term_string}\"},\"query-input\":{\"@type\":\"PropertyValueSpecification\",\"valueRequired\":true,\"valueName\":\"search_term_string\"}}],\"inLanguage\":\"en-US\"}]}<\/script>\n<!-- \/ Yoast SEO plugin. -->","yoast_head_json":{"title":"Waukesha 275GL+ | Ferox Energy Systems Sp. z o. o.","robots":{"index":"index","follow":"follow","max-snippet":"max-snippet:-1","max-image-preview":"max-image-preview:large","max-video-preview":"max-video-preview:-1"},"canonical":"https:\/\/ferox.pl\/en\/engines\/waukesha\/waukesha-275gl\/","og_locale":"en_US","og_type":"article","og_title":"Waukesha 275GL+ | Ferox Energy Systems Sp. z o. o.","og_description":"Designed with oil and gas industry high requirements in mind, Waukesha 275GL+ by INNIO is proper choice for reliable energy generation for oil fields and related gas works. More power with more unconventional applications based on fuel gas, including full load operation with fuel LHV between 22,4 MJ\/m3 and 85,7 MJ\/m3 Engine 275GL+ provides power [&hellip;]","og_url":"https:\/\/ferox.pl\/en\/engines\/waukesha\/waukesha-275gl\/","og_site_name":"Ferox Energy Systems Sp. z o. o.","article_modified_time":"2022-04-05T20:09:08+00:00","og_image":[{"width":1606,"height":939,"url":"https:\/\/ferox.pl\/wp-content\/uploads\/innio_waukesha_275gl-plus.png","type":"image\/png"}],"twitter_card":"summary_large_image","twitter_misc":{"Est. reading time":"1 minute"},"schema":{"@context":"https:\/\/schema.org","@graph":[{"@type":"WebPage","@id":"https:\/\/ferox.pl\/en\/engines\/waukesha\/waukesha-275gl\/","url":"https:\/\/ferox.pl\/en\/engines\/waukesha\/waukesha-275gl\/","name":"Waukesha 275GL+ | Ferox Energy Systems Sp. z o. o.","isPartOf":{"@id":"https:\/\/ferox.pl\/#website"},"primaryImageOfPage":{"@id":"https:\/\/ferox.pl\/en\/engines\/waukesha\/waukesha-275gl\/#primaryimage"},"image":{"@id":"https:\/\/ferox.pl\/en\/engines\/waukesha\/waukesha-275gl\/#primaryimage"},"thumbnailUrl":"https:\/\/ferox.pl\/wp-content\/uploads\/innio_waukesha_275gl-plus.png","datePublished":"2022-02-28T21:48:45+00:00","dateModified":"2022-04-05T20:09:08+00:00","breadcrumb":{"@id":"https:\/\/ferox.pl\/en\/engines\/waukesha\/waukesha-275gl\/#breadcrumb"},"inLanguage":"en-US","potentialAction":[{"@type":"ReadAction","target":["https:\/\/ferox.pl\/en\/engines\/waukesha\/waukesha-275gl\/"]}]},{"@type":"ImageObject","inLanguage":"en-US","@id":"https:\/\/ferox.pl\/en\/engines\/waukesha\/waukesha-275gl\/#primaryimage","url":"https:\/\/ferox.pl\/wp-content\/uploads\/innio_waukesha_275gl-plus.png","contentUrl":"https:\/\/ferox.pl\/wp-content\/uploads\/innio_waukesha_275gl-plus.png","width":1606,"height":939},{"@type":"BreadcrumbList","@id":"https:\/\/ferox.pl\/en\/engines\/waukesha\/waukesha-275gl\/#breadcrumb","itemListElement":[{"@type":"ListItem","position":1,"name":"Home","item":"https:\/\/ferox.pl\/en\/"},{"@type":"ListItem","position":2,"name":"Engines","item":"https:\/\/ferox.pl\/en\/engines\/"},{"@type":"ListItem","position":3,"name":"Waukesha","item":"https:\/\/ferox.pl\/en\/engines\/waukesha\/"},{"@type":"ListItem","position":4,"name":"Waukesha 275GL+"}]},{"@type":"WebSite","@id":"https:\/\/ferox.pl\/#website","url":"https:\/\/ferox.pl\/","name":"Ferox Energy Systems Sp. z o. o.","description":"Ferox Energy Systems sp. z o. o. to firma dzia\u0142aj\u0105ca w bran\u017cy od 1997 roku. Oferujemy kompleksowe rozwi\u0105zania w zakresie uk\u0142ad\u00f3w kogeneracyjnych i trigeneracyjnych na bazie silnik\u00f3w gazowych firmy INNIO Jenbacher.","potentialAction":[{"@type":"SearchAction","target":{"@type":"EntryPoint","urlTemplate":"https:\/\/ferox.pl\/?s={search_term_string}"},"query-input":{"@type":"PropertyValueSpecification","valueRequired":true,"valueName":"search_term_string"}}],"inLanguage":"en-US"}]}},"_links":{"self":[{"href":"https:\/\/ferox.pl\/en\/wp-json\/wp\/v2\/pages\/1594","targetHints":{"allow":["GET"]}}],"collection":[{"href":"https:\/\/ferox.pl\/en\/wp-json\/wp\/v2\/pages"}],"about":[{"href":"https:\/\/ferox.pl\/en\/wp-json\/wp\/v2\/types\/page"}],"author":[{"embeddable":true,"href":"https:\/\/ferox.pl\/en\/wp-json\/wp\/v2\/users\/3"}],"replies":[{"embeddable":true,"href":"https:\/\/ferox.pl\/en\/wp-json\/wp\/v2\/comments?post=1594"}],"version-history":[{"count":7,"href":"https:\/\/ferox.pl\/en\/wp-json\/wp\/v2\/pages\/1594\/revisions"}],"predecessor-version":[{"id":1901,"href":"https:\/\/ferox.pl\/en\/wp-json\/wp\/v2\/pages\/1594\/revisions\/1901"}],"up":[{"embeddable":true,"href":"https:\/\/ferox.pl\/en\/wp-json\/wp\/v2\/pages\/1591"}],"wp:featuredmedia":[{"embeddable":true,"href":"https:\/\/ferox.pl\/en\/wp-json\/wp\/v2\/media\/958"}],"wp:attachment":[{"href":"https:\/\/ferox.pl\/en\/wp-json\/wp\/v2\/media?parent=1594"}],"curies":[{"name":"wp","href":"https:\/\/api.w.org\/{rel}","templated":true}]}}