{"id":1588,"date":"2022-03-03T14:29:25","date_gmt":"2022-03-03T13:29:25","guid":{"rendered":"https:\/\/ferox.pl\/?page_id=1588"},"modified":"2022-04-01T18:45:56","modified_gmt":"2022-04-01T16:45:56","slug":"jenbacher-typ-2","status":"publish","type":"page","link":"https:\/\/ferox.pl\/en\/engines\/jenbacher\/jenbacher-typ-2\/","title":{"rendered":"Jenbacher Type 2"},"content":{"rendered":"\n<p>With their durability, reliability, and fuel flexibility, Jenbacher Type 2 gas engines have an unmatched worldwide reputation of getting the job done.<\/p>\n\n\n\n<ul class=\"wp-block-list\"><li>High-performance long-life spark plug for reliable operation.<\/li><li>Applicable heat sources include engine cooling water, oil, mixture gas, and exhaust gas.<\/li><li>Applicable gas types include:<ul><li>natural gas<\/li><li>associated petroleum gas (flare gas)<\/li><li>propane<\/li><li>biogas<\/li><li>sewage gas<\/li><li>landfill gas<\/li><li>gas from mine methane drainage<\/li><li>other special gases (e.g. coke oven gas, wood gasification gas and pyrolysis gases)<\/li><\/ul><\/li><\/ul>\n","protected":false},"excerpt":{"rendered":"<p>With their durability, reliability, and fuel flexibility, Jenbacher Type 2 gas engines have an unmatched worldwide reputation of getting the job done. High-performance long-life spark plug for reliable operation. Applicable heat sources include engine cooling water, oil, mixture gas, and exhaust gas. Applicable gas types include: natural gas associated petroleum gas (flare gas) propane biogas [&hellip;]<\/p>\n","protected":false},"author":3,"featured_media":970,"parent":1575,"menu_order":0,"comment_status":"closed","ping_status":"closed","template":"silnik-single-page.php","meta":{"_acf_changed":false,"footnotes":""},"class_list":["post-1588","page","type-page","status-publish","has-post-thumbnail","hentry"],"acf":[],"yoast_head":"<!-- This site is optimized with the Yoast SEO plugin v26.4 - https:\/\/yoast.com\/wordpress\/plugins\/seo\/ -->\n<title>Jenbacher Type 2 | Ferox Energy Systems Sp. z o. o.<\/title>\n<meta name=\"robots\" content=\"index, follow, max-snippet:-1, max-image-preview:large, max-video-preview:-1\" \/>\n<link rel=\"canonical\" href=\"https:\/\/ferox.pl\/en\/engines\/jenbacher\/jenbacher-typ-2\/\" \/>\n<meta property=\"og:locale\" content=\"en_US\" \/>\n<meta property=\"og:type\" content=\"article\" \/>\n<meta property=\"og:title\" content=\"Jenbacher Type 2 | Ferox Energy Systems Sp. z o. o.\" \/>\n<meta property=\"og:description\" content=\"With their durability, reliability, and fuel flexibility, Jenbacher Type 2 gas engines have an unmatched worldwide reputation of getting the job done. High-performance long-life spark plug for reliable operation. Applicable heat sources include engine cooling water, oil, mixture gas, and exhaust gas. Applicable gas types include: natural gas associated petroleum gas (flare gas) propane biogas [&hellip;]\" \/>\n<meta property=\"og:url\" content=\"https:\/\/ferox.pl\/en\/engines\/jenbacher\/jenbacher-typ-2\/\" \/>\n<meta property=\"og:site_name\" content=\"Ferox Energy Systems Sp. z o. o.\" \/>\n<meta property=\"article:modified_time\" content=\"2022-04-01T16:45:56+00:00\" \/>\n<meta property=\"og:image\" content=\"https:\/\/ferox.pl\/wp-content\/uploads\/typ-2-innio_jenbacher_j208-preview.png\" \/>\n\t<meta property=\"og:image:width\" content=\"1606\" \/>\n\t<meta property=\"og:image:height\" content=\"939\" \/>\n\t<meta property=\"og:image:type\" content=\"image\/png\" \/>\n<meta name=\"twitter:card\" content=\"summary_large_image\" \/>\n<meta name=\"twitter:label1\" content=\"Est. reading time\" \/>\n\t<meta name=\"twitter:data1\" content=\"1 minute\" \/>\n<script type=\"application\/ld+json\" class=\"yoast-schema-graph\">{\"@context\":\"https:\/\/schema.org\",\"@graph\":[{\"@type\":\"WebPage\",\"@id\":\"https:\/\/ferox.pl\/en\/engines\/jenbacher\/jenbacher-typ-2\/\",\"url\":\"https:\/\/ferox.pl\/en\/engines\/jenbacher\/jenbacher-typ-2\/\",\"name\":\"Jenbacher Type 2 | Ferox Energy Systems Sp. z o. o.\",\"isPartOf\":{\"@id\":\"https:\/\/ferox.pl\/#website\"},\"primaryImageOfPage\":{\"@id\":\"https:\/\/ferox.pl\/en\/engines\/jenbacher\/jenbacher-typ-2\/#primaryimage\"},\"image\":{\"@id\":\"https:\/\/ferox.pl\/en\/engines\/jenbacher\/jenbacher-typ-2\/#primaryimage\"},\"thumbnailUrl\":\"https:\/\/ferox.pl\/wp-content\/uploads\/typ-2-innio_jenbacher_j208-preview.png\",\"datePublished\":\"2022-03-03T13:29:25+00:00\",\"dateModified\":\"2022-04-01T16:45:56+00:00\",\"breadcrumb\":{\"@id\":\"https:\/\/ferox.pl\/en\/engines\/jenbacher\/jenbacher-typ-2\/#breadcrumb\"},\"inLanguage\":\"en-US\",\"potentialAction\":[{\"@type\":\"ReadAction\",\"target\":[\"https:\/\/ferox.pl\/en\/engines\/jenbacher\/jenbacher-typ-2\/\"]}]},{\"@type\":\"ImageObject\",\"inLanguage\":\"en-US\",\"@id\":\"https:\/\/ferox.pl\/en\/engines\/jenbacher\/jenbacher-typ-2\/#primaryimage\",\"url\":\"https:\/\/ferox.pl\/wp-content\/uploads\/typ-2-innio_jenbacher_j208-preview.png\",\"contentUrl\":\"https:\/\/ferox.pl\/wp-content\/uploads\/typ-2-innio_jenbacher_j208-preview.png\",\"width\":1606,\"height\":939},{\"@type\":\"BreadcrumbList\",\"@id\":\"https:\/\/ferox.pl\/en\/engines\/jenbacher\/jenbacher-typ-2\/#breadcrumb\",\"itemListElement\":[{\"@type\":\"ListItem\",\"position\":1,\"name\":\"Home\",\"item\":\"https:\/\/ferox.pl\/en\/\"},{\"@type\":\"ListItem\",\"position\":2,\"name\":\"Engines\",\"item\":\"https:\/\/ferox.pl\/en\/engines\/\"},{\"@type\":\"ListItem\",\"position\":3,\"name\":\"Jenbacher\",\"item\":\"https:\/\/ferox.pl\/en\/engines\/jenbacher\/\"},{\"@type\":\"ListItem\",\"position\":4,\"name\":\"Jenbacher Type 2\"}]},{\"@type\":\"WebSite\",\"@id\":\"https:\/\/ferox.pl\/#website\",\"url\":\"https:\/\/ferox.pl\/\",\"name\":\"Ferox Energy Systems Sp. z o. o.\",\"description\":\"Ferox Energy Systems sp. z o. o. to firma dzia\u0142aj\u0105ca w bran\u017cy od 1997 roku. Oferujemy kompleksowe rozwi\u0105zania w zakresie uk\u0142ad\u00f3w kogeneracyjnych i trigeneracyjnych na bazie silnik\u00f3w gazowych firmy INNIO Jenbacher.\",\"potentialAction\":[{\"@type\":\"SearchAction\",\"target\":{\"@type\":\"EntryPoint\",\"urlTemplate\":\"https:\/\/ferox.pl\/?s={search_term_string}\"},\"query-input\":{\"@type\":\"PropertyValueSpecification\",\"valueRequired\":true,\"valueName\":\"search_term_string\"}}],\"inLanguage\":\"en-US\"}]}<\/script>\n<!-- \/ Yoast SEO plugin. -->","yoast_head_json":{"title":"Jenbacher Type 2 | Ferox Energy Systems Sp. z o. o.","robots":{"index":"index","follow":"follow","max-snippet":"max-snippet:-1","max-image-preview":"max-image-preview:large","max-video-preview":"max-video-preview:-1"},"canonical":"https:\/\/ferox.pl\/en\/engines\/jenbacher\/jenbacher-typ-2\/","og_locale":"en_US","og_type":"article","og_title":"Jenbacher Type 2 | Ferox Energy Systems Sp. z o. o.","og_description":"With their durability, reliability, and fuel flexibility, Jenbacher Type 2 gas engines have an unmatched worldwide reputation of getting the job done. High-performance long-life spark plug for reliable operation. Applicable heat sources include engine cooling water, oil, mixture gas, and exhaust gas. Applicable gas types include: natural gas associated petroleum gas (flare gas) propane biogas [&hellip;]","og_url":"https:\/\/ferox.pl\/en\/engines\/jenbacher\/jenbacher-typ-2\/","og_site_name":"Ferox Energy Systems Sp. z o. o.","article_modified_time":"2022-04-01T16:45:56+00:00","og_image":[{"width":1606,"height":939,"url":"https:\/\/ferox.pl\/wp-content\/uploads\/typ-2-innio_jenbacher_j208-preview.png","type":"image\/png"}],"twitter_card":"summary_large_image","twitter_misc":{"Est. reading time":"1 minute"},"schema":{"@context":"https:\/\/schema.org","@graph":[{"@type":"WebPage","@id":"https:\/\/ferox.pl\/en\/engines\/jenbacher\/jenbacher-typ-2\/","url":"https:\/\/ferox.pl\/en\/engines\/jenbacher\/jenbacher-typ-2\/","name":"Jenbacher Type 2 | Ferox Energy Systems Sp. z o. o.","isPartOf":{"@id":"https:\/\/ferox.pl\/#website"},"primaryImageOfPage":{"@id":"https:\/\/ferox.pl\/en\/engines\/jenbacher\/jenbacher-typ-2\/#primaryimage"},"image":{"@id":"https:\/\/ferox.pl\/en\/engines\/jenbacher\/jenbacher-typ-2\/#primaryimage"},"thumbnailUrl":"https:\/\/ferox.pl\/wp-content\/uploads\/typ-2-innio_jenbacher_j208-preview.png","datePublished":"2022-03-03T13:29:25+00:00","dateModified":"2022-04-01T16:45:56+00:00","breadcrumb":{"@id":"https:\/\/ferox.pl\/en\/engines\/jenbacher\/jenbacher-typ-2\/#breadcrumb"},"inLanguage":"en-US","potentialAction":[{"@type":"ReadAction","target":["https:\/\/ferox.pl\/en\/engines\/jenbacher\/jenbacher-typ-2\/"]}]},{"@type":"ImageObject","inLanguage":"en-US","@id":"https:\/\/ferox.pl\/en\/engines\/jenbacher\/jenbacher-typ-2\/#primaryimage","url":"https:\/\/ferox.pl\/wp-content\/uploads\/typ-2-innio_jenbacher_j208-preview.png","contentUrl":"https:\/\/ferox.pl\/wp-content\/uploads\/typ-2-innio_jenbacher_j208-preview.png","width":1606,"height":939},{"@type":"BreadcrumbList","@id":"https:\/\/ferox.pl\/en\/engines\/jenbacher\/jenbacher-typ-2\/#breadcrumb","itemListElement":[{"@type":"ListItem","position":1,"name":"Home","item":"https:\/\/ferox.pl\/en\/"},{"@type":"ListItem","position":2,"name":"Engines","item":"https:\/\/ferox.pl\/en\/engines\/"},{"@type":"ListItem","position":3,"name":"Jenbacher","item":"https:\/\/ferox.pl\/en\/engines\/jenbacher\/"},{"@type":"ListItem","position":4,"name":"Jenbacher Type 2"}]},{"@type":"WebSite","@id":"https:\/\/ferox.pl\/#website","url":"https:\/\/ferox.pl\/","name":"Ferox Energy Systems Sp. z o. o.","description":"Ferox Energy Systems sp. z o. o. to firma dzia\u0142aj\u0105ca w bran\u017cy od 1997 roku. Oferujemy kompleksowe rozwi\u0105zania w zakresie uk\u0142ad\u00f3w kogeneracyjnych i trigeneracyjnych na bazie silnik\u00f3w gazowych firmy INNIO Jenbacher.","potentialAction":[{"@type":"SearchAction","target":{"@type":"EntryPoint","urlTemplate":"https:\/\/ferox.pl\/?s={search_term_string}"},"query-input":{"@type":"PropertyValueSpecification","valueRequired":true,"valueName":"search_term_string"}}],"inLanguage":"en-US"}]}},"_links":{"self":[{"href":"https:\/\/ferox.pl\/en\/wp-json\/wp\/v2\/pages\/1588","targetHints":{"allow":["GET"]}}],"collection":[{"href":"https:\/\/ferox.pl\/en\/wp-json\/wp\/v2\/pages"}],"about":[{"href":"https:\/\/ferox.pl\/en\/wp-json\/wp\/v2\/types\/page"}],"author":[{"embeddable":true,"href":"https:\/\/ferox.pl\/en\/wp-json\/wp\/v2\/users\/3"}],"replies":[{"embeddable":true,"href":"https:\/\/ferox.pl\/en\/wp-json\/wp\/v2\/comments?post=1588"}],"version-history":[{"count":7,"href":"https:\/\/ferox.pl\/en\/wp-json\/wp\/v2\/pages\/1588\/revisions"}],"predecessor-version":[{"id":1884,"href":"https:\/\/ferox.pl\/en\/wp-json\/wp\/v2\/pages\/1588\/revisions\/1884"}],"up":[{"embeddable":true,"href":"https:\/\/ferox.pl\/en\/wp-json\/wp\/v2\/pages\/1575"}],"wp:featuredmedia":[{"embeddable":true,"href":"https:\/\/ferox.pl\/en\/wp-json\/wp\/v2\/media\/970"}],"wp:attachment":[{"href":"https:\/\/ferox.pl\/en\/wp-json\/wp\/v2\/media?parent=1588"}],"curies":[{"name":"wp","href":"https:\/\/api.w.org\/{rel}","templated":true}]}}