{"id":1585,"date":"2022-03-03T14:37:55","date_gmt":"2022-03-03T13:37:55","guid":{"rendered":"https:\/\/ferox.pl\/?page_id=1585"},"modified":"2022-03-18T17:28:40","modified_gmt":"2022-03-18T16:28:40","slug":"jenbacher-typ-6","status":"publish","type":"page","link":"https:\/\/ferox.pl\/en\/engines\/jenbacher\/jenbacher-typ-6\/","title":{"rendered":"Jenbacher Type 6"},"content":{"rendered":"\n<p>Type 6 engines are loaded with features that enhance heat recovery, assure stable combustion, reduce emissions, and increase efficiency\u2014taking the Jenbacher line to new levels of performance.<\/p>\n\n\n\n<ul class=\"wp-block-list\"><li>A centrally-located purged pre-combustion chamber helps provide optimal ignition conditions.<\/li><li>The spark plug ignition energy is amplified in the pre-combustion chamber, facilitating stable and reliable combustion.<\/li><li>Miller valve timing creates reduced compression temperature and increased safety margin to knocking limits, providing improved ignition timing and high efficiency.<\/li><\/ul>\n\n\n\n<p>We also provide a variety of upgrades to help maximize performance of the Jenbacher Type 6 gas engine.<br>Explore these offerings through the <a href=\"https:\/\/www.innio.com\/en\/services\/jenbacher\/upgrades\">Jenbacher Upgrades catalog<\/a>.<\/p>\n","protected":false},"excerpt":{"rendered":"<p>Type 6 engines are loaded with features that enhance heat recovery, assure stable combustion, reduce emissions, and increase efficiency\u2014taking the Jenbacher line to new levels of performance. A centrally-located purged pre-combustion chamber helps provide optimal ignition conditions. The spark plug ignition energy is amplified in the pre-combustion chamber, facilitating stable and reliable combustion. Miller valve [&hellip;]<\/p>\n","protected":false},"author":3,"featured_media":961,"parent":1575,"menu_order":0,"comment_status":"closed","ping_status":"closed","template":"silnik-single-page.php","meta":{"_acf_changed":false,"footnotes":""},"class_list":["post-1585","page","type-page","status-publish","has-post-thumbnail","hentry"],"acf":[],"yoast_head":"<!-- This site is optimized with the Yoast SEO plugin v26.4 - https:\/\/yoast.com\/wordpress\/plugins\/seo\/ -->\n<title>Jenbacher Type 6 | Ferox Energy Systems Sp. z o. o.<\/title>\n<meta name=\"robots\" content=\"index, follow, max-snippet:-1, max-image-preview:large, max-video-preview:-1\" \/>\n<link rel=\"canonical\" href=\"https:\/\/ferox.pl\/en\/engines\/jenbacher\/jenbacher-typ-6\/\" \/>\n<meta property=\"og:locale\" content=\"en_US\" \/>\n<meta property=\"og:type\" content=\"article\" \/>\n<meta property=\"og:title\" content=\"Jenbacher Type 6 | Ferox Energy Systems Sp. z o. o.\" \/>\n<meta property=\"og:description\" content=\"Type 6 engines are loaded with features that enhance heat recovery, assure stable combustion, reduce emissions, and increase efficiency\u2014taking the Jenbacher line to new levels of performance. A centrally-located purged pre-combustion chamber helps provide optimal ignition conditions. The spark plug ignition energy is amplified in the pre-combustion chamber, facilitating stable and reliable combustion. Miller valve [&hellip;]\" \/>\n<meta property=\"og:url\" content=\"https:\/\/ferox.pl\/en\/engines\/jenbacher\/jenbacher-typ-6\/\" \/>\n<meta property=\"og:site_name\" content=\"Ferox Energy Systems Sp. z o. o.\" \/>\n<meta property=\"article:modified_time\" content=\"2022-03-18T16:28:40+00:00\" \/>\n<meta property=\"og:image\" content=\"https:\/\/ferox.pl\/wp-content\/uploads\/typ-6-innio_jenbacher_j616.png\" \/>\n\t<meta property=\"og:image:width\" content=\"1606\" \/>\n\t<meta property=\"og:image:height\" content=\"939\" \/>\n\t<meta property=\"og:image:type\" content=\"image\/png\" \/>\n<meta name=\"twitter:card\" content=\"summary_large_image\" \/>\n<meta name=\"twitter:label1\" content=\"Est. reading time\" \/>\n\t<meta name=\"twitter:data1\" content=\"1 minute\" \/>\n<script type=\"application\/ld+json\" class=\"yoast-schema-graph\">{\"@context\":\"https:\/\/schema.org\",\"@graph\":[{\"@type\":\"WebPage\",\"@id\":\"https:\/\/ferox.pl\/en\/engines\/jenbacher\/jenbacher-typ-6\/\",\"url\":\"https:\/\/ferox.pl\/en\/engines\/jenbacher\/jenbacher-typ-6\/\",\"name\":\"Jenbacher Type 6 | Ferox Energy Systems Sp. z o. o.\",\"isPartOf\":{\"@id\":\"https:\/\/ferox.pl\/#website\"},\"primaryImageOfPage\":{\"@id\":\"https:\/\/ferox.pl\/en\/engines\/jenbacher\/jenbacher-typ-6\/#primaryimage\"},\"image\":{\"@id\":\"https:\/\/ferox.pl\/en\/engines\/jenbacher\/jenbacher-typ-6\/#primaryimage\"},\"thumbnailUrl\":\"https:\/\/ferox.pl\/wp-content\/uploads\/typ-6-innio_jenbacher_j616.png\",\"datePublished\":\"2022-03-03T13:37:55+00:00\",\"dateModified\":\"2022-03-18T16:28:40+00:00\",\"breadcrumb\":{\"@id\":\"https:\/\/ferox.pl\/en\/engines\/jenbacher\/jenbacher-typ-6\/#breadcrumb\"},\"inLanguage\":\"en-US\",\"potentialAction\":[{\"@type\":\"ReadAction\",\"target\":[\"https:\/\/ferox.pl\/en\/engines\/jenbacher\/jenbacher-typ-6\/\"]}]},{\"@type\":\"ImageObject\",\"inLanguage\":\"en-US\",\"@id\":\"https:\/\/ferox.pl\/en\/engines\/jenbacher\/jenbacher-typ-6\/#primaryimage\",\"url\":\"https:\/\/ferox.pl\/wp-content\/uploads\/typ-6-innio_jenbacher_j616.png\",\"contentUrl\":\"https:\/\/ferox.pl\/wp-content\/uploads\/typ-6-innio_jenbacher_j616.png\",\"width\":1606,\"height\":939},{\"@type\":\"BreadcrumbList\",\"@id\":\"https:\/\/ferox.pl\/en\/engines\/jenbacher\/jenbacher-typ-6\/#breadcrumb\",\"itemListElement\":[{\"@type\":\"ListItem\",\"position\":1,\"name\":\"Home\",\"item\":\"https:\/\/ferox.pl\/en\/\"},{\"@type\":\"ListItem\",\"position\":2,\"name\":\"Engines\",\"item\":\"https:\/\/ferox.pl\/en\/engines\/\"},{\"@type\":\"ListItem\",\"position\":3,\"name\":\"Jenbacher\",\"item\":\"https:\/\/ferox.pl\/en\/engines\/jenbacher\/\"},{\"@type\":\"ListItem\",\"position\":4,\"name\":\"Jenbacher Type 6\"}]},{\"@type\":\"WebSite\",\"@id\":\"https:\/\/ferox.pl\/#website\",\"url\":\"https:\/\/ferox.pl\/\",\"name\":\"Ferox Energy Systems Sp. z o. o.\",\"description\":\"Ferox Energy Systems sp. z o. o. to firma dzia\u0142aj\u0105ca w bran\u017cy od 1997 roku. Oferujemy kompleksowe rozwi\u0105zania w zakresie uk\u0142ad\u00f3w kogeneracyjnych i trigeneracyjnych na bazie silnik\u00f3w gazowych firmy INNIO Jenbacher.\",\"potentialAction\":[{\"@type\":\"SearchAction\",\"target\":{\"@type\":\"EntryPoint\",\"urlTemplate\":\"https:\/\/ferox.pl\/?s={search_term_string}\"},\"query-input\":{\"@type\":\"PropertyValueSpecification\",\"valueRequired\":true,\"valueName\":\"search_term_string\"}}],\"inLanguage\":\"en-US\"}]}<\/script>\n<!-- \/ Yoast SEO plugin. -->","yoast_head_json":{"title":"Jenbacher Type 6 | Ferox Energy Systems Sp. z o. o.","robots":{"index":"index","follow":"follow","max-snippet":"max-snippet:-1","max-image-preview":"max-image-preview:large","max-video-preview":"max-video-preview:-1"},"canonical":"https:\/\/ferox.pl\/en\/engines\/jenbacher\/jenbacher-typ-6\/","og_locale":"en_US","og_type":"article","og_title":"Jenbacher Type 6 | Ferox Energy Systems Sp. z o. o.","og_description":"Type 6 engines are loaded with features that enhance heat recovery, assure stable combustion, reduce emissions, and increase efficiency\u2014taking the Jenbacher line to new levels of performance. A centrally-located purged pre-combustion chamber helps provide optimal ignition conditions. The spark plug ignition energy is amplified in the pre-combustion chamber, facilitating stable and reliable combustion. Miller valve [&hellip;]","og_url":"https:\/\/ferox.pl\/en\/engines\/jenbacher\/jenbacher-typ-6\/","og_site_name":"Ferox Energy Systems Sp. z o. o.","article_modified_time":"2022-03-18T16:28:40+00:00","og_image":[{"width":1606,"height":939,"url":"https:\/\/ferox.pl\/wp-content\/uploads\/typ-6-innio_jenbacher_j616.png","type":"image\/png"}],"twitter_card":"summary_large_image","twitter_misc":{"Est. reading time":"1 minute"},"schema":{"@context":"https:\/\/schema.org","@graph":[{"@type":"WebPage","@id":"https:\/\/ferox.pl\/en\/engines\/jenbacher\/jenbacher-typ-6\/","url":"https:\/\/ferox.pl\/en\/engines\/jenbacher\/jenbacher-typ-6\/","name":"Jenbacher Type 6 | Ferox Energy Systems Sp. z o. o.","isPartOf":{"@id":"https:\/\/ferox.pl\/#website"},"primaryImageOfPage":{"@id":"https:\/\/ferox.pl\/en\/engines\/jenbacher\/jenbacher-typ-6\/#primaryimage"},"image":{"@id":"https:\/\/ferox.pl\/en\/engines\/jenbacher\/jenbacher-typ-6\/#primaryimage"},"thumbnailUrl":"https:\/\/ferox.pl\/wp-content\/uploads\/typ-6-innio_jenbacher_j616.png","datePublished":"2022-03-03T13:37:55+00:00","dateModified":"2022-03-18T16:28:40+00:00","breadcrumb":{"@id":"https:\/\/ferox.pl\/en\/engines\/jenbacher\/jenbacher-typ-6\/#breadcrumb"},"inLanguage":"en-US","potentialAction":[{"@type":"ReadAction","target":["https:\/\/ferox.pl\/en\/engines\/jenbacher\/jenbacher-typ-6\/"]}]},{"@type":"ImageObject","inLanguage":"en-US","@id":"https:\/\/ferox.pl\/en\/engines\/jenbacher\/jenbacher-typ-6\/#primaryimage","url":"https:\/\/ferox.pl\/wp-content\/uploads\/typ-6-innio_jenbacher_j616.png","contentUrl":"https:\/\/ferox.pl\/wp-content\/uploads\/typ-6-innio_jenbacher_j616.png","width":1606,"height":939},{"@type":"BreadcrumbList","@id":"https:\/\/ferox.pl\/en\/engines\/jenbacher\/jenbacher-typ-6\/#breadcrumb","itemListElement":[{"@type":"ListItem","position":1,"name":"Home","item":"https:\/\/ferox.pl\/en\/"},{"@type":"ListItem","position":2,"name":"Engines","item":"https:\/\/ferox.pl\/en\/engines\/"},{"@type":"ListItem","position":3,"name":"Jenbacher","item":"https:\/\/ferox.pl\/en\/engines\/jenbacher\/"},{"@type":"ListItem","position":4,"name":"Jenbacher Type 6"}]},{"@type":"WebSite","@id":"https:\/\/ferox.pl\/#website","url":"https:\/\/ferox.pl\/","name":"Ferox Energy Systems Sp. z o. o.","description":"Ferox Energy Systems sp. z o. o. to firma dzia\u0142aj\u0105ca w bran\u017cy od 1997 roku. Oferujemy kompleksowe rozwi\u0105zania w zakresie uk\u0142ad\u00f3w kogeneracyjnych i trigeneracyjnych na bazie silnik\u00f3w gazowych firmy INNIO Jenbacher.","potentialAction":[{"@type":"SearchAction","target":{"@type":"EntryPoint","urlTemplate":"https:\/\/ferox.pl\/?s={search_term_string}"},"query-input":{"@type":"PropertyValueSpecification","valueRequired":true,"valueName":"search_term_string"}}],"inLanguage":"en-US"}]}},"_links":{"self":[{"href":"https:\/\/ferox.pl\/en\/wp-json\/wp\/v2\/pages\/1585","targetHints":{"allow":["GET"]}}],"collection":[{"href":"https:\/\/ferox.pl\/en\/wp-json\/wp\/v2\/pages"}],"about":[{"href":"https:\/\/ferox.pl\/en\/wp-json\/wp\/v2\/types\/page"}],"author":[{"embeddable":true,"href":"https:\/\/ferox.pl\/en\/wp-json\/wp\/v2\/users\/3"}],"replies":[{"embeddable":true,"href":"https:\/\/ferox.pl\/en\/wp-json\/wp\/v2\/comments?post=1585"}],"version-history":[{"count":5,"href":"https:\/\/ferox.pl\/en\/wp-json\/wp\/v2\/pages\/1585\/revisions"}],"predecessor-version":[{"id":1633,"href":"https:\/\/ferox.pl\/en\/wp-json\/wp\/v2\/pages\/1585\/revisions\/1633"}],"up":[{"embeddable":true,"href":"https:\/\/ferox.pl\/en\/wp-json\/wp\/v2\/pages\/1575"}],"wp:featuredmedia":[{"embeddable":true,"href":"https:\/\/ferox.pl\/en\/wp-json\/wp\/v2\/media\/961"}],"wp:attachment":[{"href":"https:\/\/ferox.pl\/en\/wp-json\/wp\/v2\/media?parent=1585"}],"curies":[{"name":"wp","href":"https:\/\/api.w.org\/{rel}","templated":true}]}}