{"id":1575,"date":"2022-02-28T21:00:56","date_gmt":"2022-02-28T20:00:56","guid":{"rendered":"https:\/\/ferox.pl\/?page_id=1575"},"modified":"2025-11-14T15:10:08","modified_gmt":"2025-11-14T14:10:08","slug":"jenbacher","status":"publish","type":"page","link":"https:\/\/ferox.pl\/en\/engines\/jenbacher\/","title":{"rendered":"Jenbacher"},"content":{"rendered":"\n<div class=\"wp-block-columns are-vertically-aligned-center is-layout-flex wp-container-core-columns-is-layout-9d6595d7 wp-block-columns-is-layout-flex\">\n<div class=\"wp-block-column is-vertically-aligned-center is-layout-flow wp-block-column-is-layout-flow\" style=\"flex-basis:40%\">\n<h2 class=\"wp-block-heading\">JENBACHER  gas engines<\/h2>\n\n\n\n<p class=\"text-justify\"><strong>INNIO Group&#8217;s Jenbacher energy solutions<\/strong> range from standalone generator sets to complete solutions for power generation, cogeneration, and trigeneration. Ranging in power from 250 kW to 10.6 MW, Jenbacher engines are paving the way for the global transition to net zero by running on a broad range of energy sources, from pipeline gas to hydrogen along with other renewable gases such as biomethane, landfill gas, sewage gas, and special gases such as syngas.<\/p>\n\n\n\n<p><strong>With more than 65 years of continuous innovation<\/strong>, Jenbacher technologies enable efficient on-site generation of power, heating, and cooling. Jenbacher solutions are applied in a variety of commercial, industrial, and municipal applications.<\/p>\n\n\n\n<p class=\"text-justify\"><strong>More than 26,000 Jenbacher engines<\/strong> have been delivered to about 100 countries. The Jenbacher global fleet is supported by Jenbacher Services experts and an extensive distributor network. Most Jenbacher technology is innovated and produced in Jenbach(Austria), the headquarters of INNIO Group.<br><br><strong>Details available on the website:<\/strong> <br><a href=\"https:\/\/www.jenbacher.com\/en\/gas-engines\"><\/a><a href=\"https:\/\/www.jenbacher.com\/en\/gas-engines\" target=\"_blank\" rel=\"noreferrer noopener\">jenbacher.com\/gas-engines<\/a><\/p>\n<\/div>\n\n\n\n<div class=\"wp-block-column is-vertically-aligned-center is-layout-flow wp-block-column-is-layout-flow\">\n<figure class=\"wp-block-image size-full\"><img decoding=\"async\" src=\"https:\/\/ferox.pl\/wp-content\/uploads\/magazyn-podstrona-img2.jpg\" alt=\"\" class=\"wp-image-281\"\/><\/figure>\n<\/div>\n<\/div>\n","protected":false},"excerpt":{"rendered":"<p>JENBACHER gas engines INNIO Group&#8217;s Jenbacher energy solutions range from standalone generator sets to complete solutions for power generation, cogeneration, and trigeneration. Ranging in power from 250 kW to 10.6 MW, Jenbacher engines are paving the way for the global transition to net zero by running on a broad range of energy sources, from pipeline [&hellip;]<\/p>\n","protected":false},"author":3,"featured_media":380,"parent":1572,"menu_order":0,"comment_status":"closed","ping_status":"closed","template":"silniki-page.php","meta":{"_acf_changed":false,"footnotes":""},"class_list":["post-1575","page","type-page","status-publish","has-post-thumbnail","hentry"],"acf":[],"yoast_head":"<!-- This site is optimized with the Yoast SEO plugin v26.4 - https:\/\/yoast.com\/wordpress\/plugins\/seo\/ -->\n<title>Jenbacher | Ferox Energy Systems Sp. z o. o.<\/title>\n<meta name=\"robots\" content=\"index, follow, max-snippet:-1, max-image-preview:large, max-video-preview:-1\" \/>\n<link rel=\"canonical\" href=\"https:\/\/ferox.pl\/en\/engines\/jenbacher\/\" \/>\n<meta property=\"og:locale\" content=\"en_US\" \/>\n<meta property=\"og:type\" content=\"article\" \/>\n<meta property=\"og:title\" content=\"Jenbacher | Ferox Energy Systems Sp. z o. o.\" \/>\n<meta property=\"og:description\" content=\"JENBACHER gas engines INNIO Group&#8217;s Jenbacher energy solutions range from standalone generator sets to complete solutions for power generation, cogeneration, and trigeneration. Ranging in power from 250 kW to 10.6 MW, Jenbacher engines are paving the way for the global transition to net zero by running on a broad range of energy sources, from pipeline [&hellip;]\" \/>\n<meta property=\"og:url\" content=\"https:\/\/ferox.pl\/en\/engines\/jenbacher\/\" \/>\n<meta property=\"og:site_name\" content=\"Ferox Energy Systems Sp. z o. o.\" \/>\n<meta property=\"article:modified_time\" content=\"2025-11-14T14:10:08+00:00\" \/>\n<meta property=\"og:image\" content=\"https:\/\/ferox.pl\/wp-content\/uploads\/innio_jenbacher_j412-2.png\" \/>\n\t<meta property=\"og:image:width\" content=\"1630\" \/>\n\t<meta property=\"og:image:height\" content=\"743\" \/>\n\t<meta property=\"og:image:type\" content=\"image\/png\" \/>\n<meta name=\"twitter:card\" content=\"summary_large_image\" \/>\n<meta name=\"twitter:label1\" content=\"Est. reading time\" \/>\n\t<meta name=\"twitter:data1\" content=\"2 minutes\" \/>\n<script type=\"application\/ld+json\" class=\"yoast-schema-graph\">{\"@context\":\"https:\/\/schema.org\",\"@graph\":[{\"@type\":\"WebPage\",\"@id\":\"https:\/\/ferox.pl\/en\/engines\/jenbacher\/\",\"url\":\"https:\/\/ferox.pl\/en\/engines\/jenbacher\/\",\"name\":\"Jenbacher | Ferox Energy Systems Sp. z o. o.\",\"isPartOf\":{\"@id\":\"https:\/\/ferox.pl\/#website\"},\"primaryImageOfPage\":{\"@id\":\"https:\/\/ferox.pl\/en\/engines\/jenbacher\/#primaryimage\"},\"image\":{\"@id\":\"https:\/\/ferox.pl\/en\/engines\/jenbacher\/#primaryimage\"},\"thumbnailUrl\":\"https:\/\/ferox.pl\/wp-content\/uploads\/innio_jenbacher_j412-2.png\",\"datePublished\":\"2022-02-28T20:00:56+00:00\",\"dateModified\":\"2025-11-14T14:10:08+00:00\",\"breadcrumb\":{\"@id\":\"https:\/\/ferox.pl\/en\/engines\/jenbacher\/#breadcrumb\"},\"inLanguage\":\"en-US\",\"potentialAction\":[{\"@type\":\"ReadAction\",\"target\":[\"https:\/\/ferox.pl\/en\/engines\/jenbacher\/\"]}]},{\"@type\":\"ImageObject\",\"inLanguage\":\"en-US\",\"@id\":\"https:\/\/ferox.pl\/en\/engines\/jenbacher\/#primaryimage\",\"url\":\"https:\/\/ferox.pl\/wp-content\/uploads\/innio_jenbacher_j412-2.png\",\"contentUrl\":\"https:\/\/ferox.pl\/wp-content\/uploads\/innio_jenbacher_j412-2.png\",\"width\":1630,\"height\":743},{\"@type\":\"BreadcrumbList\",\"@id\":\"https:\/\/ferox.pl\/en\/engines\/jenbacher\/#breadcrumb\",\"itemListElement\":[{\"@type\":\"ListItem\",\"position\":1,\"name\":\"Home\",\"item\":\"https:\/\/ferox.pl\/en\/\"},{\"@type\":\"ListItem\",\"position\":2,\"name\":\"Engines\",\"item\":\"https:\/\/ferox.pl\/en\/engines\/\"},{\"@type\":\"ListItem\",\"position\":3,\"name\":\"Jenbacher\"}]},{\"@type\":\"WebSite\",\"@id\":\"https:\/\/ferox.pl\/#website\",\"url\":\"https:\/\/ferox.pl\/\",\"name\":\"Ferox Energy Systems Sp. z o. o.\",\"description\":\"Ferox Energy Systems sp. z o. o. to firma dzia\u0142aj\u0105ca w bran\u017cy od 1997 roku. Oferujemy kompleksowe rozwi\u0105zania w zakresie uk\u0142ad\u00f3w kogeneracyjnych i trigeneracyjnych na bazie silnik\u00f3w gazowych firmy INNIO Jenbacher.\",\"potentialAction\":[{\"@type\":\"SearchAction\",\"target\":{\"@type\":\"EntryPoint\",\"urlTemplate\":\"https:\/\/ferox.pl\/?s={search_term_string}\"},\"query-input\":{\"@type\":\"PropertyValueSpecification\",\"valueRequired\":true,\"valueName\":\"search_term_string\"}}],\"inLanguage\":\"en-US\"}]}<\/script>\n<!-- \/ Yoast SEO plugin. -->","yoast_head_json":{"title":"Jenbacher | Ferox Energy Systems Sp. z o. o.","robots":{"index":"index","follow":"follow","max-snippet":"max-snippet:-1","max-image-preview":"max-image-preview:large","max-video-preview":"max-video-preview:-1"},"canonical":"https:\/\/ferox.pl\/en\/engines\/jenbacher\/","og_locale":"en_US","og_type":"article","og_title":"Jenbacher | Ferox Energy Systems Sp. z o. o.","og_description":"JENBACHER gas engines INNIO Group&#8217;s Jenbacher energy solutions range from standalone generator sets to complete solutions for power generation, cogeneration, and trigeneration. Ranging in power from 250 kW to 10.6 MW, Jenbacher engines are paving the way for the global transition to net zero by running on a broad range of energy sources, from pipeline [&hellip;]","og_url":"https:\/\/ferox.pl\/en\/engines\/jenbacher\/","og_site_name":"Ferox Energy Systems Sp. z o. o.","article_modified_time":"2025-11-14T14:10:08+00:00","og_image":[{"width":1630,"height":743,"url":"https:\/\/ferox.pl\/wp-content\/uploads\/innio_jenbacher_j412-2.png","type":"image\/png"}],"twitter_card":"summary_large_image","twitter_misc":{"Est. reading time":"2 minutes"},"schema":{"@context":"https:\/\/schema.org","@graph":[{"@type":"WebPage","@id":"https:\/\/ferox.pl\/en\/engines\/jenbacher\/","url":"https:\/\/ferox.pl\/en\/engines\/jenbacher\/","name":"Jenbacher | Ferox Energy Systems Sp. z o. o.","isPartOf":{"@id":"https:\/\/ferox.pl\/#website"},"primaryImageOfPage":{"@id":"https:\/\/ferox.pl\/en\/engines\/jenbacher\/#primaryimage"},"image":{"@id":"https:\/\/ferox.pl\/en\/engines\/jenbacher\/#primaryimage"},"thumbnailUrl":"https:\/\/ferox.pl\/wp-content\/uploads\/innio_jenbacher_j412-2.png","datePublished":"2022-02-28T20:00:56+00:00","dateModified":"2025-11-14T14:10:08+00:00","breadcrumb":{"@id":"https:\/\/ferox.pl\/en\/engines\/jenbacher\/#breadcrumb"},"inLanguage":"en-US","potentialAction":[{"@type":"ReadAction","target":["https:\/\/ferox.pl\/en\/engines\/jenbacher\/"]}]},{"@type":"ImageObject","inLanguage":"en-US","@id":"https:\/\/ferox.pl\/en\/engines\/jenbacher\/#primaryimage","url":"https:\/\/ferox.pl\/wp-content\/uploads\/innio_jenbacher_j412-2.png","contentUrl":"https:\/\/ferox.pl\/wp-content\/uploads\/innio_jenbacher_j412-2.png","width":1630,"height":743},{"@type":"BreadcrumbList","@id":"https:\/\/ferox.pl\/en\/engines\/jenbacher\/#breadcrumb","itemListElement":[{"@type":"ListItem","position":1,"name":"Home","item":"https:\/\/ferox.pl\/en\/"},{"@type":"ListItem","position":2,"name":"Engines","item":"https:\/\/ferox.pl\/en\/engines\/"},{"@type":"ListItem","position":3,"name":"Jenbacher"}]},{"@type":"WebSite","@id":"https:\/\/ferox.pl\/#website","url":"https:\/\/ferox.pl\/","name":"Ferox Energy Systems Sp. z o. o.","description":"Ferox Energy Systems sp. z o. o. to firma dzia\u0142aj\u0105ca w bran\u017cy od 1997 roku. Oferujemy kompleksowe rozwi\u0105zania w zakresie uk\u0142ad\u00f3w kogeneracyjnych i trigeneracyjnych na bazie silnik\u00f3w gazowych firmy INNIO Jenbacher.","potentialAction":[{"@type":"SearchAction","target":{"@type":"EntryPoint","urlTemplate":"https:\/\/ferox.pl\/?s={search_term_string}"},"query-input":{"@type":"PropertyValueSpecification","valueRequired":true,"valueName":"search_term_string"}}],"inLanguage":"en-US"}]}},"_links":{"self":[{"href":"https:\/\/ferox.pl\/en\/wp-json\/wp\/v2\/pages\/1575","targetHints":{"allow":["GET"]}}],"collection":[{"href":"https:\/\/ferox.pl\/en\/wp-json\/wp\/v2\/pages"}],"about":[{"href":"https:\/\/ferox.pl\/en\/wp-json\/wp\/v2\/types\/page"}],"author":[{"embeddable":true,"href":"https:\/\/ferox.pl\/en\/wp-json\/wp\/v2\/users\/3"}],"replies":[{"embeddable":true,"href":"https:\/\/ferox.pl\/en\/wp-json\/wp\/v2\/comments?post=1575"}],"version-history":[{"count":12,"href":"https:\/\/ferox.pl\/en\/wp-json\/wp\/v2\/pages\/1575\/revisions"}],"predecessor-version":[{"id":4993,"href":"https:\/\/ferox.pl\/en\/wp-json\/wp\/v2\/pages\/1575\/revisions\/4993"}],"up":[{"embeddable":true,"href":"https:\/\/ferox.pl\/en\/wp-json\/wp\/v2\/pages\/1572"}],"wp:featuredmedia":[{"embeddable":true,"href":"https:\/\/ferox.pl\/en\/wp-json\/wp\/v2\/media\/380"}],"wp:attachment":[{"href":"https:\/\/ferox.pl\/en\/wp-json\/wp\/v2\/media?parent=1575"}],"curies":[{"name":"wp","href":"https:\/\/api.w.org\/{rel}","templated":true}]}}