{"id":1553,"date":"2020-08-21T12:39:00","date_gmt":"2020-08-21T10:39:00","guid":{"rendered":"https:\/\/ferox.pl\/?page_id=1553"},"modified":"2022-03-31T23:12:54","modified_gmt":"2022-03-31T21:12:54","slug":"tarczynski-s-a","status":"publish","type":"page","link":"https:\/\/ferox.pl\/en\/realizacje\/obiekty-kogeneracyjne\/tarczynski-s-a\/","title":{"rendered":"TARCZY\u0143SKI S.A"},"content":{"rendered":"\n<figure class=\"wp-block-gallery has-nested-images columns-2 is-cropped wp-block-gallery-1 is-layout-flex wp-block-gallery-is-layout-flex\">\n<figure class=\"wp-block-image size-large\"><a href=\"https:\/\/ferox.pl\/wp-content\/uploads\/dsc_0289-niestandardowy-1.jpg\" data-rel=\"lightbox-image-0\" data-rl_title=\"\" data-rl_caption=\"\" title=\"\"><img loading=\"lazy\" decoding=\"async\" width=\"1024\" height=\"768\" data-id=\"1174\" src=\"https:\/\/ferox.pl\/wp-content\/uploads\/dsc_0289-niestandardowy-1-1024x768.jpg\" alt=\"\" class=\"wp-image-1174\" srcset=\"https:\/\/ferox.pl\/wp-content\/uploads\/dsc_0289-niestandardowy-1-1024x768.jpg 1024w, https:\/\/ferox.pl\/wp-content\/uploads\/dsc_0289-niestandardowy-1-733x550.jpg 733w, https:\/\/ferox.pl\/wp-content\/uploads\/dsc_0289-niestandardowy-1-768x576.jpg 768w, https:\/\/ferox.pl\/wp-content\/uploads\/dsc_0289-niestandardowy-1-1536x1152.jpg 1536w, https:\/\/ferox.pl\/wp-content\/uploads\/dsc_0289-niestandardowy-1.jpg 1920w\" sizes=\"auto, (max-width: 1024px) 100vw, 1024px\" \/><\/a><\/figure>\n\n\n\n<figure class=\"wp-block-image size-large\"><a href=\"https:\/\/ferox.pl\/wp-content\/uploads\/dsc05883-niestandardowy-1.jpg\" data-rel=\"lightbox-image-1\" data-rl_title=\"\" data-rl_caption=\"\" title=\"\"><img loading=\"lazy\" decoding=\"async\" width=\"1024\" height=\"768\" data-id=\"1168\" src=\"https:\/\/ferox.pl\/wp-content\/uploads\/dsc05883-niestandardowy-1-1024x768.jpg\" alt=\"\" class=\"wp-image-1168\" srcset=\"https:\/\/ferox.pl\/wp-content\/uploads\/dsc05883-niestandardowy-1-1024x768.jpg 1024w, https:\/\/ferox.pl\/wp-content\/uploads\/dsc05883-niestandardowy-1-733x550.jpg 733w, https:\/\/ferox.pl\/wp-content\/uploads\/dsc05883-niestandardowy-1-768x576.jpg 768w, https:\/\/ferox.pl\/wp-content\/uploads\/dsc05883-niestandardowy-1-1536x1152.jpg 1536w, https:\/\/ferox.pl\/wp-content\/uploads\/dsc05883-niestandardowy-1.jpg 1920w\" sizes=\"auto, (max-width: 1024px) 100vw, 1024px\" \/><\/a><\/figure>\n\n\n\n<figure class=\"wp-block-image size-large\"><a href=\"https:\/\/ferox.pl\/wp-content\/uploads\/slider-realizacje_dsc05874-niestandardowy-1.jpg\" data-rel=\"lightbox-image-2\" data-rl_title=\"\" data-rl_caption=\"\" title=\"\"><img loading=\"lazy\" decoding=\"async\" width=\"1024\" height=\"768\" data-id=\"1170\" src=\"https:\/\/ferox.pl\/wp-content\/uploads\/slider-realizacje_dsc05874-niestandardowy-1-1024x768.jpg\" alt=\"\" class=\"wp-image-1170\" srcset=\"https:\/\/ferox.pl\/wp-content\/uploads\/slider-realizacje_dsc05874-niestandardowy-1-1024x768.jpg 1024w, https:\/\/ferox.pl\/wp-content\/uploads\/slider-realizacje_dsc05874-niestandardowy-1-733x550.jpg 733w, https:\/\/ferox.pl\/wp-content\/uploads\/slider-realizacje_dsc05874-niestandardowy-1-768x576.jpg 768w, https:\/\/ferox.pl\/wp-content\/uploads\/slider-realizacje_dsc05874-niestandardowy-1-1536x1152.jpg 1536w, https:\/\/ferox.pl\/wp-content\/uploads\/slider-realizacje_dsc05874-niestandardowy-1.jpg 1920w\" sizes=\"auto, (max-width: 1024px) 100vw, 1024px\" \/><\/a><\/figure>\n\n\n\n<figure class=\"wp-block-image size-large\"><a href=\"https:\/\/ferox.pl\/wp-content\/uploads\/slider-realizacje_dsc05912-niestandardowy-1.jpg\" data-rel=\"lightbox-image-3\" data-rl_title=\"\" data-rl_caption=\"\" title=\"\"><img loading=\"lazy\" decoding=\"async\" width=\"1024\" height=\"768\" data-id=\"1169\" src=\"https:\/\/ferox.pl\/wp-content\/uploads\/slider-realizacje_dsc05912-niestandardowy-1-1024x768.jpg\" alt=\"\" class=\"wp-image-1169\" srcset=\"https:\/\/ferox.pl\/wp-content\/uploads\/slider-realizacje_dsc05912-niestandardowy-1-1024x768.jpg 1024w, https:\/\/ferox.pl\/wp-content\/uploads\/slider-realizacje_dsc05912-niestandardowy-1-733x550.jpg 733w, https:\/\/ferox.pl\/wp-content\/uploads\/slider-realizacje_dsc05912-niestandardowy-1-768x576.jpg 768w, https:\/\/ferox.pl\/wp-content\/uploads\/slider-realizacje_dsc05912-niestandardowy-1-1536x1152.jpg 1536w, https:\/\/ferox.pl\/wp-content\/uploads\/slider-realizacje_dsc05912-niestandardowy-1.jpg 1920w\" sizes=\"auto, (max-width: 1024px) 100vw, 1024px\" \/><\/a><\/figure>\n<\/figure>\n","protected":false},"excerpt":{"rendered":"","protected":false},"author":3,"featured_media":1173,"parent":1531,"menu_order":0,"comment_status":"closed","ping_status":"closed","template":"realization-single-page.php","meta":{"_acf_changed":false,"footnotes":""},"class_list":["post-1553","page","type-page","status-publish","has-post-thumbnail","hentry"],"acf":[],"yoast_head":"<!-- This site is optimized with the Yoast SEO plugin v26.4 - https:\/\/yoast.com\/wordpress\/plugins\/seo\/ -->\n<title>TARCZY\u0143SKI S.A | Ferox Energy Systems Sp. z o. o.<\/title>\n<meta name=\"robots\" content=\"index, follow, max-snippet:-1, max-image-preview:large, max-video-preview:-1\" \/>\n<link rel=\"canonical\" href=\"https:\/\/ferox.pl\/en\/realizacje\/obiekty-kogeneracyjne\/tarczynski-s-a\/\" \/>\n<meta property=\"og:locale\" content=\"en_US\" \/>\n<meta property=\"og:type\" content=\"article\" \/>\n<meta property=\"og:title\" content=\"TARCZY\u0143SKI S.A | Ferox Energy Systems Sp. z o. o.\" \/>\n<meta property=\"og:url\" content=\"https:\/\/ferox.pl\/en\/realizacje\/obiekty-kogeneracyjne\/tarczynski-s-a\/\" \/>\n<meta property=\"og:site_name\" content=\"Ferox Energy Systems Sp. z o. o.\" \/>\n<meta property=\"article:modified_time\" content=\"2022-03-31T21:12:54+00:00\" \/>\n<meta property=\"og:image\" content=\"https:\/\/ferox.pl\/wp-content\/uploads\/slider-realizacje_dsc05874-niestandardowy-1.jpg\" \/>\n\t<meta property=\"og:image:width\" content=\"1920\" \/>\n\t<meta property=\"og:image:height\" content=\"1440\" \/>\n\t<meta property=\"og:image:type\" content=\"image\/jpeg\" \/>\n<meta name=\"twitter:card\" content=\"summary_large_image\" \/>\n<meta name=\"twitter:label1\" content=\"Est. reading time\" \/>\n\t<meta name=\"twitter:data1\" content=\"1 minute\" \/>\n<script type=\"application\/ld+json\" class=\"yoast-schema-graph\">{\"@context\":\"https:\/\/schema.org\",\"@graph\":[{\"@type\":\"WebPage\",\"@id\":\"https:\/\/ferox.pl\/en\/realizacje\/obiekty-kogeneracyjne\/tarczynski-s-a\/\",\"url\":\"https:\/\/ferox.pl\/en\/realizacje\/obiekty-kogeneracyjne\/tarczynski-s-a\/\",\"name\":\"TARCZY\u0143SKI S.A | Ferox Energy Systems Sp. z o. o.\",\"isPartOf\":{\"@id\":\"https:\/\/ferox.pl\/#website\"},\"primaryImageOfPage\":{\"@id\":\"https:\/\/ferox.pl\/en\/realizacje\/obiekty-kogeneracyjne\/tarczynski-s-a\/#primaryimage\"},\"image\":{\"@id\":\"https:\/\/ferox.pl\/en\/realizacje\/obiekty-kogeneracyjne\/tarczynski-s-a\/#primaryimage\"},\"thumbnailUrl\":\"https:\/\/ferox.pl\/wp-content\/uploads\/slider-realizacje_dsc05874-niestandardowy-1.jpg\",\"datePublished\":\"2020-08-21T10:39:00+00:00\",\"dateModified\":\"2022-03-31T21:12:54+00:00\",\"breadcrumb\":{\"@id\":\"https:\/\/ferox.pl\/en\/realizacje\/obiekty-kogeneracyjne\/tarczynski-s-a\/#breadcrumb\"},\"inLanguage\":\"en-US\",\"potentialAction\":[{\"@type\":\"ReadAction\",\"target\":[\"https:\/\/ferox.pl\/en\/realizacje\/obiekty-kogeneracyjne\/tarczynski-s-a\/\"]}]},{\"@type\":\"ImageObject\",\"inLanguage\":\"en-US\",\"@id\":\"https:\/\/ferox.pl\/en\/realizacje\/obiekty-kogeneracyjne\/tarczynski-s-a\/#primaryimage\",\"url\":\"https:\/\/ferox.pl\/wp-content\/uploads\/slider-realizacje_dsc05874-niestandardowy-1.jpg\",\"contentUrl\":\"https:\/\/ferox.pl\/wp-content\/uploads\/slider-realizacje_dsc05874-niestandardowy-1.jpg\",\"width\":1920,\"height\":1440},{\"@type\":\"BreadcrumbList\",\"@id\":\"https:\/\/ferox.pl\/en\/realizacje\/obiekty-kogeneracyjne\/tarczynski-s-a\/#breadcrumb\",\"itemListElement\":[{\"@type\":\"ListItem\",\"position\":1,\"name\":\"Home\",\"item\":\"https:\/\/ferox.pl\/en\/\"},{\"@type\":\"ListItem\",\"position\":2,\"name\":\"Projects\",\"item\":\"https:\/\/ferox.pl\/en\/realizacje\/\"},{\"@type\":\"ListItem\",\"position\":3,\"name\":\"Cogeneration facilities\",\"item\":\"https:\/\/ferox.pl\/en\/realizacje\/obiekty-kogeneracyjne\/\"},{\"@type\":\"ListItem\",\"position\":4,\"name\":\"TARCZY\u0143SKI S.A\"}]},{\"@type\":\"WebSite\",\"@id\":\"https:\/\/ferox.pl\/#website\",\"url\":\"https:\/\/ferox.pl\/\",\"name\":\"Ferox Energy Systems Sp. z o. o.\",\"description\":\"Ferox Energy Systems sp. z o. o. to firma dzia\u0142aj\u0105ca w bran\u017cy od 1997 roku. Oferujemy kompleksowe rozwi\u0105zania w zakresie uk\u0142ad\u00f3w kogeneracyjnych i trigeneracyjnych na bazie silnik\u00f3w gazowych firmy INNIO Jenbacher.\",\"potentialAction\":[{\"@type\":\"SearchAction\",\"target\":{\"@type\":\"EntryPoint\",\"urlTemplate\":\"https:\/\/ferox.pl\/?s={search_term_string}\"},\"query-input\":{\"@type\":\"PropertyValueSpecification\",\"valueRequired\":true,\"valueName\":\"search_term_string\"}}],\"inLanguage\":\"en-US\"}]}<\/script>\n<!-- \/ Yoast SEO plugin. -->","yoast_head_json":{"title":"TARCZY\u0143SKI S.A | Ferox Energy Systems Sp. z o. o.","robots":{"index":"index","follow":"follow","max-snippet":"max-snippet:-1","max-image-preview":"max-image-preview:large","max-video-preview":"max-video-preview:-1"},"canonical":"https:\/\/ferox.pl\/en\/realizacje\/obiekty-kogeneracyjne\/tarczynski-s-a\/","og_locale":"en_US","og_type":"article","og_title":"TARCZY\u0143SKI S.A | Ferox Energy Systems Sp. z o. o.","og_url":"https:\/\/ferox.pl\/en\/realizacje\/obiekty-kogeneracyjne\/tarczynski-s-a\/","og_site_name":"Ferox Energy Systems Sp. z o. o.","article_modified_time":"2022-03-31T21:12:54+00:00","og_image":[{"width":1920,"height":1440,"url":"https:\/\/ferox.pl\/wp-content\/uploads\/slider-realizacje_dsc05874-niestandardowy-1.jpg","type":"image\/jpeg"}],"twitter_card":"summary_large_image","twitter_misc":{"Est. reading time":"1 minute"},"schema":{"@context":"https:\/\/schema.org","@graph":[{"@type":"WebPage","@id":"https:\/\/ferox.pl\/en\/realizacje\/obiekty-kogeneracyjne\/tarczynski-s-a\/","url":"https:\/\/ferox.pl\/en\/realizacje\/obiekty-kogeneracyjne\/tarczynski-s-a\/","name":"TARCZY\u0143SKI S.A | Ferox Energy Systems Sp. z o. o.","isPartOf":{"@id":"https:\/\/ferox.pl\/#website"},"primaryImageOfPage":{"@id":"https:\/\/ferox.pl\/en\/realizacje\/obiekty-kogeneracyjne\/tarczynski-s-a\/#primaryimage"},"image":{"@id":"https:\/\/ferox.pl\/en\/realizacje\/obiekty-kogeneracyjne\/tarczynski-s-a\/#primaryimage"},"thumbnailUrl":"https:\/\/ferox.pl\/wp-content\/uploads\/slider-realizacje_dsc05874-niestandardowy-1.jpg","datePublished":"2020-08-21T10:39:00+00:00","dateModified":"2022-03-31T21:12:54+00:00","breadcrumb":{"@id":"https:\/\/ferox.pl\/en\/realizacje\/obiekty-kogeneracyjne\/tarczynski-s-a\/#breadcrumb"},"inLanguage":"en-US","potentialAction":[{"@type":"ReadAction","target":["https:\/\/ferox.pl\/en\/realizacje\/obiekty-kogeneracyjne\/tarczynski-s-a\/"]}]},{"@type":"ImageObject","inLanguage":"en-US","@id":"https:\/\/ferox.pl\/en\/realizacje\/obiekty-kogeneracyjne\/tarczynski-s-a\/#primaryimage","url":"https:\/\/ferox.pl\/wp-content\/uploads\/slider-realizacje_dsc05874-niestandardowy-1.jpg","contentUrl":"https:\/\/ferox.pl\/wp-content\/uploads\/slider-realizacje_dsc05874-niestandardowy-1.jpg","width":1920,"height":1440},{"@type":"BreadcrumbList","@id":"https:\/\/ferox.pl\/en\/realizacje\/obiekty-kogeneracyjne\/tarczynski-s-a\/#breadcrumb","itemListElement":[{"@type":"ListItem","position":1,"name":"Home","item":"https:\/\/ferox.pl\/en\/"},{"@type":"ListItem","position":2,"name":"Projects","item":"https:\/\/ferox.pl\/en\/realizacje\/"},{"@type":"ListItem","position":3,"name":"Cogeneration facilities","item":"https:\/\/ferox.pl\/en\/realizacje\/obiekty-kogeneracyjne\/"},{"@type":"ListItem","position":4,"name":"TARCZY\u0143SKI S.A"}]},{"@type":"WebSite","@id":"https:\/\/ferox.pl\/#website","url":"https:\/\/ferox.pl\/","name":"Ferox Energy Systems Sp. z o. o.","description":"Ferox Energy Systems sp. z o. o. to firma dzia\u0142aj\u0105ca w bran\u017cy od 1997 roku. Oferujemy kompleksowe rozwi\u0105zania w zakresie uk\u0142ad\u00f3w kogeneracyjnych i trigeneracyjnych na bazie silnik\u00f3w gazowych firmy INNIO Jenbacher.","potentialAction":[{"@type":"SearchAction","target":{"@type":"EntryPoint","urlTemplate":"https:\/\/ferox.pl\/?s={search_term_string}"},"query-input":{"@type":"PropertyValueSpecification","valueRequired":true,"valueName":"search_term_string"}}],"inLanguage":"en-US"}]}},"_links":{"self":[{"href":"https:\/\/ferox.pl\/en\/wp-json\/wp\/v2\/pages\/1553","targetHints":{"allow":["GET"]}}],"collection":[{"href":"https:\/\/ferox.pl\/en\/wp-json\/wp\/v2\/pages"}],"about":[{"href":"https:\/\/ferox.pl\/en\/wp-json\/wp\/v2\/types\/page"}],"author":[{"embeddable":true,"href":"https:\/\/ferox.pl\/en\/wp-json\/wp\/v2\/users\/3"}],"replies":[{"embeddable":true,"href":"https:\/\/ferox.pl\/en\/wp-json\/wp\/v2\/comments?post=1553"}],"version-history":[{"count":3,"href":"https:\/\/ferox.pl\/en\/wp-json\/wp\/v2\/pages\/1553\/revisions"}],"predecessor-version":[{"id":1846,"href":"https:\/\/ferox.pl\/en\/wp-json\/wp\/v2\/pages\/1553\/revisions\/1846"}],"up":[{"embeddable":true,"href":"https:\/\/ferox.pl\/en\/wp-json\/wp\/v2\/pages\/1531"}],"wp:featuredmedia":[{"embeddable":true,"href":"https:\/\/ferox.pl\/en\/wp-json\/wp\/v2\/media\/1173"}],"wp:attachment":[{"href":"https:\/\/ferox.pl\/en\/wp-json\/wp\/v2\/media?parent=1553"}],"curies":[{"name":"wp","href":"https:\/\/api.w.org\/{rel}","templated":true}]}}