{"id":1512,"date":"2019-11-22T00:19:00","date_gmt":"2019-11-21T23:19:00","guid":{"rendered":"https:\/\/ferox.pl\/?page_id=1512"},"modified":"2022-03-31T23:11:10","modified_gmt":"2022-03-31T21:11:10","slug":"mostostal-walcz","status":"publish","type":"page","link":"https:\/\/ferox.pl\/en\/realizacje\/container-heat-and-power-plants-2\/mostostal-walcz\/","title":{"rendered":"Mostostal Wa\u0142cz"},"content":{"rendered":"\n<figure class=\"wp-block-gallery has-nested-images columns-2 is-cropped wp-block-gallery-1 is-layout-flex wp-block-gallery-is-layout-flex\">\n<figure class=\"wp-block-image size-large\"><a href=\"https:\/\/ferox.pl\/wp-content\/uploads\/img_20200908_093257-niestandardowy.jpg\" data-rel=\"lightbox-image-0\" data-rl_title=\"\" data-rl_caption=\"\" title=\"\"><img loading=\"lazy\" decoding=\"async\" width=\"1024\" height=\"768\" data-id=\"888\" src=\"https:\/\/ferox.pl\/wp-content\/uploads\/img_20200908_093257-niestandardowy-1024x768.jpg\" alt=\"\" class=\"wp-image-888\" srcset=\"https:\/\/ferox.pl\/wp-content\/uploads\/img_20200908_093257-niestandardowy-1024x768.jpg 1024w, https:\/\/ferox.pl\/wp-content\/uploads\/img_20200908_093257-niestandardowy-733x550.jpg 733w, https:\/\/ferox.pl\/wp-content\/uploads\/img_20200908_093257-niestandardowy-768x576.jpg 768w, https:\/\/ferox.pl\/wp-content\/uploads\/img_20200908_093257-niestandardowy-1536x1152.jpg 1536w, https:\/\/ferox.pl\/wp-content\/uploads\/img_20200908_093257-niestandardowy.jpg 1920w\" sizes=\"auto, (max-width: 1024px) 100vw, 1024px\" \/><\/a><\/figure>\n\n\n\n<figure class=\"wp-block-image size-large\"><a href=\"https:\/\/ferox.pl\/wp-content\/uploads\/img_20200909_111348-niestandardowy.jpg\" data-rel=\"lightbox-image-1\" data-rl_title=\"\" data-rl_caption=\"\" title=\"\"><img loading=\"lazy\" decoding=\"async\" width=\"1024\" height=\"768\" data-id=\"887\" src=\"https:\/\/ferox.pl\/wp-content\/uploads\/img_20200909_111348-niestandardowy-1024x768.jpg\" alt=\"\" class=\"wp-image-887\" srcset=\"https:\/\/ferox.pl\/wp-content\/uploads\/img_20200909_111348-niestandardowy-1024x768.jpg 1024w, https:\/\/ferox.pl\/wp-content\/uploads\/img_20200909_111348-niestandardowy-733x550.jpg 733w, https:\/\/ferox.pl\/wp-content\/uploads\/img_20200909_111348-niestandardowy-768x576.jpg 768w, https:\/\/ferox.pl\/wp-content\/uploads\/img_20200909_111348-niestandardowy-1536x1152.jpg 1536w, https:\/\/ferox.pl\/wp-content\/uploads\/img_20200909_111348-niestandardowy.jpg 1920w\" sizes=\"auto, (max-width: 1024px) 100vw, 1024px\" \/><\/a><\/figure>\n\n\n\n<figure class=\"wp-block-image size-large\"><a href=\"https:\/\/ferox.pl\/wp-content\/uploads\/img_20200911_165937-niestandardowy.jpg\" data-rel=\"lightbox-image-2\" data-rl_title=\"\" data-rl_caption=\"\" title=\"\"><img loading=\"lazy\" decoding=\"async\" width=\"1024\" height=\"768\" data-id=\"883\" src=\"https:\/\/ferox.pl\/wp-content\/uploads\/img_20200911_165937-niestandardowy-1024x768.jpg\" alt=\"\" class=\"wp-image-883\" srcset=\"https:\/\/ferox.pl\/wp-content\/uploads\/img_20200911_165937-niestandardowy-1024x768.jpg 1024w, https:\/\/ferox.pl\/wp-content\/uploads\/img_20200911_165937-niestandardowy-733x550.jpg 733w, https:\/\/ferox.pl\/wp-content\/uploads\/img_20200911_165937-niestandardowy-768x576.jpg 768w, https:\/\/ferox.pl\/wp-content\/uploads\/img_20200911_165937-niestandardowy-1536x1152.jpg 1536w, https:\/\/ferox.pl\/wp-content\/uploads\/img_20200911_165937-niestandardowy.jpg 1920w\" sizes=\"auto, (max-width: 1024px) 100vw, 1024px\" \/><\/a><\/figure>\n\n\n\n<figure class=\"wp-block-image size-large\"><a href=\"https:\/\/ferox.pl\/wp-content\/uploads\/ogolne_img_20201204_095248-niestandardowy.jpg\" data-rel=\"lightbox-image-3\" data-rl_title=\"\" data-rl_caption=\"\" title=\"\"><img loading=\"lazy\" decoding=\"async\" width=\"1024\" height=\"768\" data-id=\"884\" src=\"https:\/\/ferox.pl\/wp-content\/uploads\/ogolne_img_20201204_095248-niestandardowy-1024x768.jpg\" alt=\"\" class=\"wp-image-884\" srcset=\"https:\/\/ferox.pl\/wp-content\/uploads\/ogolne_img_20201204_095248-niestandardowy-1024x768.jpg 1024w, https:\/\/ferox.pl\/wp-content\/uploads\/ogolne_img_20201204_095248-niestandardowy-733x550.jpg 733w, https:\/\/ferox.pl\/wp-content\/uploads\/ogolne_img_20201204_095248-niestandardowy-768x576.jpg 768w, https:\/\/ferox.pl\/wp-content\/uploads\/ogolne_img_20201204_095248-niestandardowy-1536x1152.jpg 1536w, https:\/\/ferox.pl\/wp-content\/uploads\/ogolne_img_20201204_095248-niestandardowy.jpg 1920w\" sizes=\"auto, (max-width: 1024px) 100vw, 1024px\" \/><\/a><\/figure>\n<\/figure>\n","protected":false},"excerpt":{"rendered":"","protected":false},"author":3,"featured_media":1656,"parent":1503,"menu_order":0,"comment_status":"closed","ping_status":"closed","template":"realization-single-page.php","meta":{"_acf_changed":false,"footnotes":""},"class_list":["post-1512","page","type-page","status-publish","has-post-thumbnail","hentry"],"acf":[],"yoast_head":"<!-- This site is optimized with the Yoast SEO plugin v26.4 - https:\/\/yoast.com\/wordpress\/plugins\/seo\/ -->\n<title>Mostostal Wa\u0142cz | Ferox Energy Systems Sp. z o. o.<\/title>\n<meta name=\"robots\" content=\"index, follow, max-snippet:-1, max-image-preview:large, max-video-preview:-1\" \/>\n<link rel=\"canonical\" href=\"https:\/\/ferox.pl\/en\/realizacje\/container-heat-and-power-plants-2\/mostostal-walcz\/\" \/>\n<meta property=\"og:locale\" content=\"en_US\" \/>\n<meta property=\"og:type\" content=\"article\" \/>\n<meta property=\"og:title\" content=\"Mostostal Wa\u0142cz | Ferox Energy Systems Sp. z o. o.\" \/>\n<meta property=\"og:url\" content=\"https:\/\/ferox.pl\/en\/realizacje\/container-heat-and-power-plants-2\/mostostal-walcz\/\" \/>\n<meta property=\"og:site_name\" content=\"Ferox Energy Systems Sp. z o. o.\" \/>\n<meta property=\"article:modified_time\" content=\"2022-03-31T21:11:10+00:00\" \/>\n<meta property=\"og:image\" content=\"https:\/\/ferox.pl\/wp-content\/uploads\/9.png\" \/>\n\t<meta property=\"og:image:width\" content=\"973\" \/>\n\t<meta property=\"og:image:height\" content=\"771\" \/>\n\t<meta property=\"og:image:type\" content=\"image\/png\" \/>\n<meta name=\"twitter:card\" content=\"summary_large_image\" \/>\n<meta name=\"twitter:label1\" content=\"Est. reading time\" \/>\n\t<meta name=\"twitter:data1\" content=\"1 minute\" \/>\n<script type=\"application\/ld+json\" class=\"yoast-schema-graph\">{\"@context\":\"https:\/\/schema.org\",\"@graph\":[{\"@type\":\"WebPage\",\"@id\":\"https:\/\/ferox.pl\/en\/realizacje\/container-heat-and-power-plants-2\/mostostal-walcz\/\",\"url\":\"https:\/\/ferox.pl\/en\/realizacje\/container-heat-and-power-plants-2\/mostostal-walcz\/\",\"name\":\"Mostostal Wa\u0142cz | Ferox Energy Systems Sp. z o. o.\",\"isPartOf\":{\"@id\":\"https:\/\/ferox.pl\/#website\"},\"primaryImageOfPage\":{\"@id\":\"https:\/\/ferox.pl\/en\/realizacje\/container-heat-and-power-plants-2\/mostostal-walcz\/#primaryimage\"},\"image\":{\"@id\":\"https:\/\/ferox.pl\/en\/realizacje\/container-heat-and-power-plants-2\/mostostal-walcz\/#primaryimage\"},\"thumbnailUrl\":\"https:\/\/ferox.pl\/wp-content\/uploads\/9.png\",\"datePublished\":\"2019-11-21T23:19:00+00:00\",\"dateModified\":\"2022-03-31T21:11:10+00:00\",\"breadcrumb\":{\"@id\":\"https:\/\/ferox.pl\/en\/realizacje\/container-heat-and-power-plants-2\/mostostal-walcz\/#breadcrumb\"},\"inLanguage\":\"en-US\",\"potentialAction\":[{\"@type\":\"ReadAction\",\"target\":[\"https:\/\/ferox.pl\/en\/realizacje\/container-heat-and-power-plants-2\/mostostal-walcz\/\"]}]},{\"@type\":\"ImageObject\",\"inLanguage\":\"en-US\",\"@id\":\"https:\/\/ferox.pl\/en\/realizacje\/container-heat-and-power-plants-2\/mostostal-walcz\/#primaryimage\",\"url\":\"https:\/\/ferox.pl\/wp-content\/uploads\/9.png\",\"contentUrl\":\"https:\/\/ferox.pl\/wp-content\/uploads\/9.png\",\"width\":973,\"height\":771},{\"@type\":\"BreadcrumbList\",\"@id\":\"https:\/\/ferox.pl\/en\/realizacje\/container-heat-and-power-plants-2\/mostostal-walcz\/#breadcrumb\",\"itemListElement\":[{\"@type\":\"ListItem\",\"position\":1,\"name\":\"Home\",\"item\":\"https:\/\/ferox.pl\/en\/\"},{\"@type\":\"ListItem\",\"position\":2,\"name\":\"Projects\",\"item\":\"https:\/\/ferox.pl\/en\/realizacje\/\"},{\"@type\":\"ListItem\",\"position\":3,\"name\":\"Container heat and power plants\",\"item\":\"https:\/\/ferox.pl\/en\/realizacje\/container-heat-and-power-plants-2\/\"},{\"@type\":\"ListItem\",\"position\":4,\"name\":\"Mostostal Wa\u0142cz\"}]},{\"@type\":\"WebSite\",\"@id\":\"https:\/\/ferox.pl\/#website\",\"url\":\"https:\/\/ferox.pl\/\",\"name\":\"Ferox Energy Systems Sp. z o. o.\",\"description\":\"Ferox Energy Systems sp. z o. o. to firma dzia\u0142aj\u0105ca w bran\u017cy od 1997 roku. Oferujemy kompleksowe rozwi\u0105zania w zakresie uk\u0142ad\u00f3w kogeneracyjnych i trigeneracyjnych na bazie silnik\u00f3w gazowych firmy INNIO Jenbacher.\",\"potentialAction\":[{\"@type\":\"SearchAction\",\"target\":{\"@type\":\"EntryPoint\",\"urlTemplate\":\"https:\/\/ferox.pl\/?s={search_term_string}\"},\"query-input\":{\"@type\":\"PropertyValueSpecification\",\"valueRequired\":true,\"valueName\":\"search_term_string\"}}],\"inLanguage\":\"en-US\"}]}<\/script>\n<!-- \/ Yoast SEO plugin. -->","yoast_head_json":{"title":"Mostostal Wa\u0142cz | Ferox Energy Systems Sp. z o. o.","robots":{"index":"index","follow":"follow","max-snippet":"max-snippet:-1","max-image-preview":"max-image-preview:large","max-video-preview":"max-video-preview:-1"},"canonical":"https:\/\/ferox.pl\/en\/realizacje\/container-heat-and-power-plants-2\/mostostal-walcz\/","og_locale":"en_US","og_type":"article","og_title":"Mostostal Wa\u0142cz | Ferox Energy Systems Sp. z o. o.","og_url":"https:\/\/ferox.pl\/en\/realizacje\/container-heat-and-power-plants-2\/mostostal-walcz\/","og_site_name":"Ferox Energy Systems Sp. z o. o.","article_modified_time":"2022-03-31T21:11:10+00:00","og_image":[{"width":973,"height":771,"url":"https:\/\/ferox.pl\/wp-content\/uploads\/9.png","type":"image\/png"}],"twitter_card":"summary_large_image","twitter_misc":{"Est. reading time":"1 minute"},"schema":{"@context":"https:\/\/schema.org","@graph":[{"@type":"WebPage","@id":"https:\/\/ferox.pl\/en\/realizacje\/container-heat-and-power-plants-2\/mostostal-walcz\/","url":"https:\/\/ferox.pl\/en\/realizacje\/container-heat-and-power-plants-2\/mostostal-walcz\/","name":"Mostostal Wa\u0142cz | Ferox Energy Systems Sp. z o. o.","isPartOf":{"@id":"https:\/\/ferox.pl\/#website"},"primaryImageOfPage":{"@id":"https:\/\/ferox.pl\/en\/realizacje\/container-heat-and-power-plants-2\/mostostal-walcz\/#primaryimage"},"image":{"@id":"https:\/\/ferox.pl\/en\/realizacje\/container-heat-and-power-plants-2\/mostostal-walcz\/#primaryimage"},"thumbnailUrl":"https:\/\/ferox.pl\/wp-content\/uploads\/9.png","datePublished":"2019-11-21T23:19:00+00:00","dateModified":"2022-03-31T21:11:10+00:00","breadcrumb":{"@id":"https:\/\/ferox.pl\/en\/realizacje\/container-heat-and-power-plants-2\/mostostal-walcz\/#breadcrumb"},"inLanguage":"en-US","potentialAction":[{"@type":"ReadAction","target":["https:\/\/ferox.pl\/en\/realizacje\/container-heat-and-power-plants-2\/mostostal-walcz\/"]}]},{"@type":"ImageObject","inLanguage":"en-US","@id":"https:\/\/ferox.pl\/en\/realizacje\/container-heat-and-power-plants-2\/mostostal-walcz\/#primaryimage","url":"https:\/\/ferox.pl\/wp-content\/uploads\/9.png","contentUrl":"https:\/\/ferox.pl\/wp-content\/uploads\/9.png","width":973,"height":771},{"@type":"BreadcrumbList","@id":"https:\/\/ferox.pl\/en\/realizacje\/container-heat-and-power-plants-2\/mostostal-walcz\/#breadcrumb","itemListElement":[{"@type":"ListItem","position":1,"name":"Home","item":"https:\/\/ferox.pl\/en\/"},{"@type":"ListItem","position":2,"name":"Projects","item":"https:\/\/ferox.pl\/en\/realizacje\/"},{"@type":"ListItem","position":3,"name":"Container heat and power plants","item":"https:\/\/ferox.pl\/en\/realizacje\/container-heat-and-power-plants-2\/"},{"@type":"ListItem","position":4,"name":"Mostostal Wa\u0142cz"}]},{"@type":"WebSite","@id":"https:\/\/ferox.pl\/#website","url":"https:\/\/ferox.pl\/","name":"Ferox Energy Systems Sp. z o. o.","description":"Ferox Energy Systems sp. z o. o. to firma dzia\u0142aj\u0105ca w bran\u017cy od 1997 roku. Oferujemy kompleksowe rozwi\u0105zania w zakresie uk\u0142ad\u00f3w kogeneracyjnych i trigeneracyjnych na bazie silnik\u00f3w gazowych firmy INNIO Jenbacher.","potentialAction":[{"@type":"SearchAction","target":{"@type":"EntryPoint","urlTemplate":"https:\/\/ferox.pl\/?s={search_term_string}"},"query-input":{"@type":"PropertyValueSpecification","valueRequired":true,"valueName":"search_term_string"}}],"inLanguage":"en-US"}]}},"_links":{"self":[{"href":"https:\/\/ferox.pl\/en\/wp-json\/wp\/v2\/pages\/1512","targetHints":{"allow":["GET"]}}],"collection":[{"href":"https:\/\/ferox.pl\/en\/wp-json\/wp\/v2\/pages"}],"about":[{"href":"https:\/\/ferox.pl\/en\/wp-json\/wp\/v2\/types\/page"}],"author":[{"embeddable":true,"href":"https:\/\/ferox.pl\/en\/wp-json\/wp\/v2\/users\/3"}],"replies":[{"embeddable":true,"href":"https:\/\/ferox.pl\/en\/wp-json\/wp\/v2\/comments?post=1512"}],"version-history":[{"count":3,"href":"https:\/\/ferox.pl\/en\/wp-json\/wp\/v2\/pages\/1512\/revisions"}],"predecessor-version":[{"id":1842,"href":"https:\/\/ferox.pl\/en\/wp-json\/wp\/v2\/pages\/1512\/revisions\/1842"}],"up":[{"embeddable":true,"href":"https:\/\/ferox.pl\/en\/wp-json\/wp\/v2\/pages\/1503"}],"wp:featuredmedia":[{"embeddable":true,"href":"https:\/\/ferox.pl\/en\/wp-json\/wp\/v2\/media\/1656"}],"wp:attachment":[{"href":"https:\/\/ferox.pl\/en\/wp-json\/wp\/v2\/media?parent=1512"}],"curies":[{"name":"wp","href":"https:\/\/api.w.org\/{rel}","templated":true}]}}