{"id":1498,"date":"2022-02-12T00:11:15","date_gmt":"2022-02-11T23:11:15","guid":{"rendered":"https:\/\/ferox.pl\/?page_id=1498"},"modified":"2026-02-27T08:11:20","modified_gmt":"2026-02-27T07:11:20","slug":"home","status":"publish","type":"page","link":"https:\/\/ferox.pl\/en\/","title":{"rendered":"Home"},"content":{"rendered":"\n<div class=\"wp-block-columns are-vertically-aligned-center is-layout-flex wp-container-core-columns-is-layout-9d6595d7 wp-block-columns-is-layout-flex\">\n<div class=\"wp-block-column is-vertically-aligned-center is-layout-flow wp-block-column-is-layout-flow\" style=\"flex-basis:42.5%\">\n<h2 class=\"wp-block-heading\" id=\"ferox-energy-systems-poznaj-nas\">Ferox Energy Systems <br>&#8211; get to know us<\/h2>\n\n\n\n<p class=\"text-justify\">Ferox Energy Systems sp. z o. o. is a company that has been operating in the industry since 1997. We offer comprehensive solutions in the field of cogeneration and trigeneration systems based on INNIO Jenbacher gas engines.<\/p>\n\n\n\n<figure class=\"wp-block-image size-full\"><img loading=\"lazy\" decoding=\"async\" width=\"325\" height=\"80\" src=\"https:\/\/ferox.pl\/wp-content\/uploads\/2022\/02\/innio-logo-start.png\" alt=\"\" class=\"wp-image-69\" srcset=\"https:\/\/ferox.pl\/wp-content\/uploads\/2022\/02\/innio-logo-start.png 325w, https:\/\/ferox.pl\/wp-content\/uploads\/2022\/02\/innio-logo-start-300x74.png 300w\" sizes=\"auto, (max-width: 325px) 100vw, 325px\" \/><\/figure>\n\n\n\n<p class=\"text-justify\">We focus on modern solutions supporting the heating industry, energy and various industries. We integrate existing sources, networks and installations with modern solutions, which translates into economic and ecological effects. 25 years of gaining experience in the process of energy transformation and the development of distributed energy has made us a leader in the industry of cogeneration systems based on gas engines.<\/p>\n\n\n\n<p class=\"text-justify\">INNIO Group is a leading energy solution and service provider that empowers industries and communities to make sustainable energy work today. With its Jenbacher and Waukesha product brands and its AI-powered myPlantdigital platform, INNIO Group offers innovative solutions for the power generation and compression segments that help industries and communities generate and manage energy sustainably while navigating the fast-changing landscape of traditional and green energy sources.<\/p>\n<\/div>\n\n\n\n<div class=\"wp-block-column is-vertically-aligned-center is-layout-flow wp-block-column-is-layout-flow\">\n<figure class=\"wp-block-image size-full\"><img loading=\"lazy\" decoding=\"async\" width=\"659\" height=\"695\" src=\"https:\/\/ferox.pl\/wp-content\/uploads\/img1-1.jpg\" alt=\"\" class=\"wp-image-2707\" srcset=\"https:\/\/ferox.pl\/wp-content\/uploads\/img1-1.jpg 659w, https:\/\/ferox.pl\/wp-content\/uploads\/img1-1-522x550.jpg 522w\" sizes=\"auto, (max-width: 659px) 100vw, 659px\" \/><\/figure>\n<\/div>\n<\/div>\n\n\n\n<div class=\"wp-block-columns pt-4 is-layout-flex wp-container-core-columns-is-layout-9d6595d7 wp-block-columns-is-layout-flex\">\n<div class=\"wp-block-column no-margin-mobile is-layout-flow wp-block-column-is-layout-flow\">\n<h2 class=\"wp-block-heading has-text-color\" id=\"czym-sie-zajmujemy-nasza-oferta\" style=\"color:#848c99\">What do we do? <br>&#8211; Our Offer<\/h2>\n<\/div>\n\n\n\n<div class=\"wp-block-column is-layout-flow wp-block-column-is-layout-flow\" style=\"flex-basis:640px\">\n<p class=\"text-justify\"><strong>We support our customers on every step of investment process<\/strong> \u2013 stating with feasibility study through system design, key equipment delivery, construction, controls and technology application all the way to operations.<\/p>\n<\/div>\n<\/div>\n","protected":false},"excerpt":{"rendered":"<p>Ferox Energy Systems &#8211; get to know us Ferox Energy Systems sp. z o. o. is a company that has been operating in the industry since 1997. We offer comprehensive solutions in the field of cogeneration and trigeneration systems based on INNIO Jenbacher gas engines. We focus on modern solutions supporting the heating industry, energy [&hellip;]<\/p>\n","protected":false},"author":3,"featured_media":0,"parent":0,"menu_order":0,"comment_status":"closed","ping_status":"closed","template":"","meta":{"_acf_changed":false,"footnotes":""},"class_list":["post-1498","page","type-page","status-publish","hentry"],"acf":[],"yoast_head":"<!-- This site is optimized with the Yoast SEO plugin v26.4 - https:\/\/yoast.com\/wordpress\/plugins\/seo\/ -->\n<title>Home | Ferox Energy Systems Sp. z o. o.<\/title>\n<meta name=\"robots\" content=\"index, follow, max-snippet:-1, max-image-preview:large, max-video-preview:-1\" \/>\n<link rel=\"canonical\" href=\"https:\/\/ferox.pl\/en\/\" \/>\n<meta property=\"og:locale\" content=\"en_US\" \/>\n<meta property=\"og:type\" content=\"article\" \/>\n<meta property=\"og:title\" content=\"Home | Ferox Energy Systems Sp. z o. o.\" \/>\n<meta property=\"og:description\" content=\"Ferox Energy Systems &#8211; get to know us Ferox Energy Systems sp. z o. o. is a company that has been operating in the industry since 1997. We offer comprehensive solutions in the field of cogeneration and trigeneration systems based on INNIO Jenbacher gas engines. We focus on modern solutions supporting the heating industry, energy [&hellip;]\" \/>\n<meta property=\"og:url\" content=\"https:\/\/ferox.pl\/en\/\" \/>\n<meta property=\"og:site_name\" content=\"Ferox Energy Systems Sp. z o. o.\" \/>\n<meta property=\"article:modified_time\" content=\"2026-02-27T07:11:20+00:00\" \/>\n<meta property=\"og:image\" content=\"https:\/\/ferox.pl\/wp-content\/uploads\/2022\/02\/innio-logo-start.png\" \/>\n\t<meta property=\"og:image:width\" content=\"325\" \/>\n\t<meta property=\"og:image:height\" content=\"80\" \/>\n\t<meta property=\"og:image:type\" content=\"image\/png\" \/>\n<meta name=\"twitter:card\" content=\"summary_large_image\" \/>\n<meta name=\"twitter:label1\" content=\"Est. reading time\" \/>\n\t<meta name=\"twitter:data1\" content=\"2 minutes\" \/>\n<script type=\"application\/ld+json\" class=\"yoast-schema-graph\">{\"@context\":\"https:\/\/schema.org\",\"@graph\":[{\"@type\":\"WebPage\",\"@id\":\"https:\/\/ferox.pl\/en\/\",\"url\":\"https:\/\/ferox.pl\/en\/\",\"name\":\"Home | Ferox Energy Systems Sp. z o. o.\",\"isPartOf\":{\"@id\":\"https:\/\/ferox.pl\/#website\"},\"primaryImageOfPage\":{\"@id\":\"https:\/\/ferox.pl\/en\/#primaryimage\"},\"image\":{\"@id\":\"https:\/\/ferox.pl\/en\/#primaryimage\"},\"thumbnailUrl\":\"https:\/\/ferox.pl\/wp-content\/uploads\/2022\/02\/innio-logo-start.png\",\"datePublished\":\"2022-02-11T23:11:15+00:00\",\"dateModified\":\"2026-02-27T07:11:20+00:00\",\"breadcrumb\":{\"@id\":\"https:\/\/ferox.pl\/en\/#breadcrumb\"},\"inLanguage\":\"en-US\",\"potentialAction\":[{\"@type\":\"ReadAction\",\"target\":[\"https:\/\/ferox.pl\/en\/\"]}]},{\"@type\":\"ImageObject\",\"inLanguage\":\"en-US\",\"@id\":\"https:\/\/ferox.pl\/en\/#primaryimage\",\"url\":\"https:\/\/ferox.pl\/wp-content\/uploads\/2022\/02\/innio-logo-start.png\",\"contentUrl\":\"https:\/\/ferox.pl\/wp-content\/uploads\/2022\/02\/innio-logo-start.png\"},{\"@type\":\"BreadcrumbList\",\"@id\":\"https:\/\/ferox.pl\/en\/#breadcrumb\",\"itemListElement\":[{\"@type\":\"ListItem\",\"position\":1,\"name\":\"Home\",\"item\":\"https:\/\/ferox.pl\/en\/\"},{\"@type\":\"ListItem\",\"position\":2,\"name\":\"Home\"}]},{\"@type\":\"WebSite\",\"@id\":\"https:\/\/ferox.pl\/#website\",\"url\":\"https:\/\/ferox.pl\/\",\"name\":\"Ferox Energy Systems Sp. z o. o.\",\"description\":\"Ferox Energy Systems sp. z o. o. to firma dzia\u0142aj\u0105ca w bran\u017cy od 1997 roku. Oferujemy kompleksowe rozwi\u0105zania w zakresie uk\u0142ad\u00f3w kogeneracyjnych i trigeneracyjnych na bazie silnik\u00f3w gazowych firmy INNIO Jenbacher.\",\"potentialAction\":[{\"@type\":\"SearchAction\",\"target\":{\"@type\":\"EntryPoint\",\"urlTemplate\":\"https:\/\/ferox.pl\/?s={search_term_string}\"},\"query-input\":{\"@type\":\"PropertyValueSpecification\",\"valueRequired\":true,\"valueName\":\"search_term_string\"}}],\"inLanguage\":\"en-US\"}]}<\/script>\n<!-- \/ Yoast SEO plugin. -->","yoast_head_json":{"title":"Home | Ferox Energy Systems Sp. z o. o.","robots":{"index":"index","follow":"follow","max-snippet":"max-snippet:-1","max-image-preview":"max-image-preview:large","max-video-preview":"max-video-preview:-1"},"canonical":"https:\/\/ferox.pl\/en\/","og_locale":"en_US","og_type":"article","og_title":"Home | Ferox Energy Systems Sp. z o. o.","og_description":"Ferox Energy Systems &#8211; get to know us Ferox Energy Systems sp. z o. o. is a company that has been operating in the industry since 1997. We offer comprehensive solutions in the field of cogeneration and trigeneration systems based on INNIO Jenbacher gas engines. We focus on modern solutions supporting the heating industry, energy [&hellip;]","og_url":"https:\/\/ferox.pl\/en\/","og_site_name":"Ferox Energy Systems Sp. z o. o.","article_modified_time":"2026-02-27T07:11:20+00:00","og_image":[{"width":325,"height":80,"url":"https:\/\/ferox.pl\/wp-content\/uploads\/2022\/02\/innio-logo-start.png","type":"image\/png"}],"twitter_card":"summary_large_image","twitter_misc":{"Est. reading time":"2 minutes"},"schema":{"@context":"https:\/\/schema.org","@graph":[{"@type":"WebPage","@id":"https:\/\/ferox.pl\/en\/","url":"https:\/\/ferox.pl\/en\/","name":"Home | Ferox Energy Systems Sp. z o. o.","isPartOf":{"@id":"https:\/\/ferox.pl\/#website"},"primaryImageOfPage":{"@id":"https:\/\/ferox.pl\/en\/#primaryimage"},"image":{"@id":"https:\/\/ferox.pl\/en\/#primaryimage"},"thumbnailUrl":"https:\/\/ferox.pl\/wp-content\/uploads\/2022\/02\/innio-logo-start.png","datePublished":"2022-02-11T23:11:15+00:00","dateModified":"2026-02-27T07:11:20+00:00","breadcrumb":{"@id":"https:\/\/ferox.pl\/en\/#breadcrumb"},"inLanguage":"en-US","potentialAction":[{"@type":"ReadAction","target":["https:\/\/ferox.pl\/en\/"]}]},{"@type":"ImageObject","inLanguage":"en-US","@id":"https:\/\/ferox.pl\/en\/#primaryimage","url":"https:\/\/ferox.pl\/wp-content\/uploads\/2022\/02\/innio-logo-start.png","contentUrl":"https:\/\/ferox.pl\/wp-content\/uploads\/2022\/02\/innio-logo-start.png"},{"@type":"BreadcrumbList","@id":"https:\/\/ferox.pl\/en\/#breadcrumb","itemListElement":[{"@type":"ListItem","position":1,"name":"Home","item":"https:\/\/ferox.pl\/en\/"},{"@type":"ListItem","position":2,"name":"Home"}]},{"@type":"WebSite","@id":"https:\/\/ferox.pl\/#website","url":"https:\/\/ferox.pl\/","name":"Ferox Energy Systems Sp. z o. o.","description":"Ferox Energy Systems sp. z o. o. to firma dzia\u0142aj\u0105ca w bran\u017cy od 1997 roku. Oferujemy kompleksowe rozwi\u0105zania w zakresie uk\u0142ad\u00f3w kogeneracyjnych i trigeneracyjnych na bazie silnik\u00f3w gazowych firmy INNIO Jenbacher.","potentialAction":[{"@type":"SearchAction","target":{"@type":"EntryPoint","urlTemplate":"https:\/\/ferox.pl\/?s={search_term_string}"},"query-input":{"@type":"PropertyValueSpecification","valueRequired":true,"valueName":"search_term_string"}}],"inLanguage":"en-US"}]}},"_links":{"self":[{"href":"https:\/\/ferox.pl\/en\/wp-json\/wp\/v2\/pages\/1498","targetHints":{"allow":["GET"]}}],"collection":[{"href":"https:\/\/ferox.pl\/en\/wp-json\/wp\/v2\/pages"}],"about":[{"href":"https:\/\/ferox.pl\/en\/wp-json\/wp\/v2\/types\/page"}],"author":[{"embeddable":true,"href":"https:\/\/ferox.pl\/en\/wp-json\/wp\/v2\/users\/3"}],"replies":[{"embeddable":true,"href":"https:\/\/ferox.pl\/en\/wp-json\/wp\/v2\/comments?post=1498"}],"version-history":[{"count":42,"href":"https:\/\/ferox.pl\/en\/wp-json\/wp\/v2\/pages\/1498\/revisions"}],"predecessor-version":[{"id":4989,"href":"https:\/\/ferox.pl\/en\/wp-json\/wp\/v2\/pages\/1498\/revisions\/4989"}],"wp:attachment":[{"href":"https:\/\/ferox.pl\/en\/wp-json\/wp\/v2\/media?parent=1498"}],"curies":[{"name":"wp","href":"https:\/\/api.w.org\/{rel}","templated":true}]}}