{"id":1477,"date":"2022-02-12T00:11:24","date_gmt":"2022-02-11T23:11:24","guid":{"rendered":"https:\/\/ferox.pl\/?page_id=1477"},"modified":"2023-04-25T14:18:51","modified_gmt":"2023-04-25T12:18:51","slug":"about-us","status":"publish","type":"page","link":"https:\/\/ferox.pl\/en\/about-us\/","title":{"rendered":"About us"},"content":{"rendered":"\n<div class=\"wp-block-columns are-vertically-aligned-center is-layout-flex wp-container-core-columns-is-layout-9d6595d7 wp-block-columns-is-layout-flex\">\n<div class=\"wp-block-column is-vertically-aligned-center is-layout-flow wp-block-column-is-layout-flow\" style=\"flex-basis:40%\">\n<h2 class=\"wp-block-heading\">Ferox Energy Systems <br>&#8211; get to know us<\/h2>\n\n\n\n<p>Ferox Energy Systems sp. z o. o. is a company that has been operating in the industry since 1997. We offer comprehensive solutions in the field of cogeneration and trigeneration systems based on INNIO Jenbacher gas engines. We focus on modern solutions supporting the heating industry, energy and various industries.<\/p>\n\n\n\n<figure class=\"wp-block-image size-full\"><img loading=\"lazy\" decoding=\"async\" width=\"325\" height=\"80\" src=\"https:\/\/ferox.pl\/wp-content\/uploads\/2022\/02\/innio-logo-start.png\" alt=\"\" class=\"wp-image-69\" srcset=\"https:\/\/ferox.pl\/wp-content\/uploads\/2022\/02\/innio-logo-start.png 325w, https:\/\/ferox.pl\/wp-content\/uploads\/2022\/02\/innio-logo-start-300x74.png 300w\" sizes=\"auto, (max-width: 325px) 100vw, 325px\" \/><\/figure>\n\n\n\n<p class=\"text-justify\">We integrate existing sources, networks and installations with modern solutions, which translates into economic and ecological effects. 25 years of gaining experience in the process of energy transformation and the development of distributed energy has made us a leader in the industry of cogeneration systems based on gas engines.<\/p>\n<\/div>\n\n\n\n<div class=\"wp-block-column is-vertically-aligned-center is-layout-flow wp-block-column-is-layout-flow\">\n<figure class=\"wp-block-image size-full\"><img loading=\"lazy\" decoding=\"async\" width=\"659\" height=\"695\" src=\"https:\/\/ferox.pl\/wp-content\/uploads\/img1-1.jpg\" alt=\"\" class=\"wp-image-2707\" srcset=\"https:\/\/ferox.pl\/wp-content\/uploads\/img1-1.jpg 659w, https:\/\/ferox.pl\/wp-content\/uploads\/img1-1-522x550.jpg 522w\" sizes=\"auto, (max-width: 659px) 100vw, 659px\" \/><\/figure>\n<\/div>\n<\/div>\n\n\n<\/div>\r\n<section class=\"system ovh relative\">\r\n\t<img decoding=\"async\" class=\"width-100 background-image\" src=\"https:\/\/ferox.pl\/wp-content\/uploads\/img2.jpg\" alt=\"\" data-parallax='{\"y\":200}'>\r\n\t<div class=\"container\">\r\n\t\t<div class=\"relative\">\r\n\t\t\t<img decoding=\"async\" class=\"text\" src=\"https:\/\/ferox.pl\/wp-content\/themes\/ferox\/img\/ferox-napis-w-tle.png\" alt=\"\">\t\t\t<h2 style=\"text-align: center;\">Cogeneration technology integrator<\/h2><h3 style=\"text-align: center;\">Comprehensive design and engineering management.<\/h3><p style=\"text-align: center;\">Thanks to continuous improvement Ferox can not only provide best in class engines but also integrate them into one system, tailer made for specific customer needs.<\/p>\t\t<\/div>\r\n\t<\/div>\r\n<\/section>\r\n<div class='container'>\n\n\n\n<div class=\"wp-block-columns are-vertically-aligned-center bg-section bg-section--nmt is-layout-flex wp-container-core-columns-is-layout-9d6595d7 wp-block-columns-is-layout-flex\">\n<div class=\"wp-block-column is-vertically-aligned-center is-layout-flow wp-block-column-is-layout-flow\">\n<figure class=\"wp-block-image size-full\"><img loading=\"lazy\" decoding=\"async\" width=\"659\" height=\"646\" src=\"https:\/\/ferox.pl\/wp-content\/uploads\/onas-img2-1.jpg\" alt=\"\" class=\"wp-image-919\" srcset=\"https:\/\/ferox.pl\/wp-content\/uploads\/onas-img2-1.jpg 659w, https:\/\/ferox.pl\/wp-content\/uploads\/onas-img2-1-561x550.jpg 561w\" sizes=\"auto, (max-width: 659px) 100vw, 659px\" \/><\/figure>\n<\/div>\n\n\n\n<div class=\"wp-block-column is-vertically-aligned-center is-layout-flow wp-block-column-is-layout-flow\" style=\"flex-basis:40%\">\n<h2 class=\"wp-block-heading\">What we do?<\/h2>\n\n\n\n<p class=\"text-justify\">Ferox Energy Systems Sp. z o.o. provides comprehensive management of projects and engineering works. We support clients at every stage of their investment &#8211; starting from a feasibility study, through system design, delivery of main components, to construction works, I&amp;C, technological systems and their service. Our competences also include the current service, system repairs as well as the performance of inspections and repairs of system components.<\/p>\n\n\n\n<p class=\"text-justify\">Thanks to continuous improvement processes, Ferox is able to provide not only the highest-class gas engines, but also to integrate them into one reliable system, tailored to the needs of the customer&#8217;s facility infrastructure, enabling not only the production of heat, but also cooling and water vapor or CO2 recovery.<\/p>\n<\/div>\n<\/div>\n\n\n\n<h2 class=\"wp-block-heading has-text-align-center pb-50 has-cyan-bluish-gray-color has-text-color\">What makes us different?<\/h2>\n\n\n\n<div class=\"wp-block-media-text alignwide is-stacked-on-mobile big-icon\" style=\"grid-template-columns:15% auto\"><figure class=\"wp-block-media-text__media\">\n<img loading=\"lazy\" decoding=\"async\" width=\"128\" height=\"129\" src=\"https:\/\/ferox.pl\/wp-content\/uploads\/onas-icon1.png\" alt=\"\" class=\"wp-image-697 size-full lred\"\/>\n<img decoding=\"async\" src=\"https:\/\/ferox.pl\/wp-content\/uploads\/onas-icon1-green.png\" alt=\"\" class=\"wp-image-697 size-full lgreen\"\/>\n<\/figure><div class=\"wp-block-media-text__content\">\n\n<h4 class=\"wp-block-heading\">Active development and continuous improvement<\/h4>\n\n\n<p class=\"text-justify\">Thanks to a INNIO Jenbacher DISTRIBUTOR status and cooperation with The National Centre for Research and Development and Institute of Aviation in Warsaw we are active participant in development and improvement of gas engines. Our customers are amongst the first to have access to new and tested technologies introduced by INNIO Jenbacher.<\/p>\n\n<\/div><\/div>\n\n\n\n<div class=\"wp-block-media-text alignwide is-stacked-on-mobile big-icon\" style=\"grid-template-columns:15% auto\"><figure class=\"wp-block-media-text__media\">\n<img loading=\"lazy\" decoding=\"async\" width=\"128\" height=\"129\" src=\"https:\/\/ferox.pl\/wp-content\/uploads\/onas-icon2.png\" alt=\"\" class=\"wp-image-699 size-full lred\"\/>\n<img decoding=\"async\" src=\"https:\/\/ferox.pl\/wp-content\/uploads\/onas-icon2-green.png\" alt=\"\" class=\"wp-image-699 size-full lgreen\"\/>\n<\/figure><div class=\"wp-block-media-text__content\">\n\n<h4 class=\"wp-block-heading\">Knowledge and longtime experience<\/h4>\n\n\n<p class=\"text-justify\">Innovative solutions, the use of high-quality components and high assembly culture enable the offered engines to be powered by various types of gases (from natural, through biogases, to hydrogen) in a wide range of their calorific value. Our knowledge, experience and competence are confirmed by numerous references of satisfied customers.<\/p>\n\n<\/div><\/div>\n\n\n\n<div class=\"wp-block-media-text alignwide is-stacked-on-mobile big-icon\" style=\"grid-template-columns:15% auto\"><figure class=\"wp-block-media-text__media\">\n<img loading=\"lazy\" decoding=\"async\" width=\"128\" height=\"129\" src=\"https:\/\/ferox.pl\/wp-content\/uploads\/onas-icon3.png\" alt=\"\" class=\"wp-image-701 size-full lred\"\/>\n<img decoding=\"async\" src=\"https:\/\/ferox.pl\/wp-content\/uploads\/onas-icon3-green.png\" alt=\"\" class=\"wp-image-701 size-full lgreen\"\/>\n<\/figure><div class=\"wp-block-media-text__content\">\n\n<h4 class=\"wp-block-heading\">Active and competent advisory<\/h4>\n\n\n<p class=\"text-justify\">We are active members of the Polish Heating Chamber of Commerce, the Chamber of the Gas Industry and the Chamber of Commerce for Energy and Environmental Protection. We actively participate in the role of experts and advisers.<\/p>\n\n<\/div><\/div>\n\n\n\n<div class=\"wp-block-media-text alignwide is-stacked-on-mobile big-icon\" style=\"grid-template-columns:15% auto\"><figure class=\"wp-block-media-text__media\">\n<img loading=\"lazy\" decoding=\"async\" width=\"128\" height=\"129\" src=\"https:\/\/ferox.pl\/wp-content\/uploads\/onas-icon4.png\" alt=\"\" class=\"wp-image-933 size-full lred\"\/>\n<img decoding=\"async\" src=\"https:\/\/ferox.pl\/wp-content\/uploads\/onas-icon4-green.png\" alt=\"\" class=\"wp-image-933 size-full lgreen\"\/>\n<\/figure><div class=\"wp-block-media-text__content\">\n\n<h4 class=\"wp-block-heading\">Ready for new challenges<\/h4>\n\n\n<p>It is worth mentioning that Ferox Energy Systems is a mother company for other associated businesses including Ferox Automation. That company focuses in designing and building electrical systems and controls for our solutions.<\/p>\n\n\n<p>Cogenerating of electricity, heat and cold allows for obtaining funds from EU, pro-eco institutions and organizations as well as public subsidies, what is the best recommendation for such systems. That comes to our strong side and competitive advantage, which is multi-field expertise allowing for tacking challenges in different energy generation aspects.<\/p>\n\n<\/div><\/div>\n","protected":false},"excerpt":{"rendered":"<p>Ferox Energy Systems &#8211; get to know us Ferox Energy Systems sp. z o. o. is a company that has been operating in the industry since 1997. We offer comprehensive solutions in the field of cogeneration and trigeneration systems based on INNIO Jenbacher gas engines. We focus on modern solutions supporting the heating industry, energy [&hellip;]<\/p>\n","protected":false},"author":3,"featured_media":0,"parent":0,"menu_order":0,"comment_status":"closed","ping_status":"closed","template":"","meta":{"_acf_changed":false,"footnotes":""},"class_list":["post-1477","page","type-page","status-publish","hentry"],"acf":[],"yoast_head":"<!-- This site is optimized with the Yoast SEO plugin v26.4 - https:\/\/yoast.com\/wordpress\/plugins\/seo\/ -->\n<title>About us | Ferox Energy Systems Sp. z o. o.<\/title>\n<meta name=\"robots\" content=\"index, follow, max-snippet:-1, max-image-preview:large, max-video-preview:-1\" \/>\n<link rel=\"canonical\" href=\"https:\/\/ferox.pl\/en\/about-us\/\" \/>\n<meta property=\"og:locale\" content=\"en_US\" \/>\n<meta property=\"og:type\" content=\"article\" \/>\n<meta property=\"og:title\" content=\"About us | Ferox Energy Systems Sp. z o. o.\" \/>\n<meta property=\"og:description\" content=\"Ferox Energy Systems &#8211; get to know us Ferox Energy Systems sp. z o. o. is a company that has been operating in the industry since 1997. We offer comprehensive solutions in the field of cogeneration and trigeneration systems based on INNIO Jenbacher gas engines. We focus on modern solutions supporting the heating industry, energy [&hellip;]\" \/>\n<meta property=\"og:url\" content=\"https:\/\/ferox.pl\/en\/about-us\/\" \/>\n<meta property=\"og:site_name\" content=\"Ferox Energy Systems Sp. z o. o.\" \/>\n<meta property=\"article:modified_time\" content=\"2023-04-25T12:18:51+00:00\" \/>\n<meta property=\"og:image\" content=\"https:\/\/ferox.pl\/wp-content\/uploads\/2022\/02\/innio-logo-start.png\" \/>\n<meta name=\"twitter:card\" content=\"summary_large_image\" \/>\n<meta name=\"twitter:label1\" content=\"Est. reading time\" \/>\n\t<meta name=\"twitter:data1\" content=\"5 minutes\" \/>\n<script type=\"application\/ld+json\" class=\"yoast-schema-graph\">{\"@context\":\"https:\/\/schema.org\",\"@graph\":[{\"@type\":\"WebPage\",\"@id\":\"https:\/\/ferox.pl\/en\/about-us\/\",\"url\":\"https:\/\/ferox.pl\/en\/about-us\/\",\"name\":\"About us | Ferox Energy Systems Sp. z o. o.\",\"isPartOf\":{\"@id\":\"https:\/\/ferox.pl\/#website\"},\"primaryImageOfPage\":{\"@id\":\"https:\/\/ferox.pl\/en\/about-us\/#primaryimage\"},\"image\":{\"@id\":\"https:\/\/ferox.pl\/en\/about-us\/#primaryimage\"},\"thumbnailUrl\":\"https:\/\/ferox.pl\/wp-content\/uploads\/2022\/02\/innio-logo-start.png\",\"datePublished\":\"2022-02-11T23:11:24+00:00\",\"dateModified\":\"2023-04-25T12:18:51+00:00\",\"breadcrumb\":{\"@id\":\"https:\/\/ferox.pl\/en\/about-us\/#breadcrumb\"},\"inLanguage\":\"en-US\",\"potentialAction\":[{\"@type\":\"ReadAction\",\"target\":[\"https:\/\/ferox.pl\/en\/about-us\/\"]}]},{\"@type\":\"ImageObject\",\"inLanguage\":\"en-US\",\"@id\":\"https:\/\/ferox.pl\/en\/about-us\/#primaryimage\",\"url\":\"https:\/\/ferox.pl\/wp-content\/uploads\/2022\/02\/innio-logo-start.png\",\"contentUrl\":\"https:\/\/ferox.pl\/wp-content\/uploads\/2022\/02\/innio-logo-start.png\"},{\"@type\":\"BreadcrumbList\",\"@id\":\"https:\/\/ferox.pl\/en\/about-us\/#breadcrumb\",\"itemListElement\":[{\"@type\":\"ListItem\",\"position\":1,\"name\":\"Home\",\"item\":\"https:\/\/ferox.pl\/en\/\"},{\"@type\":\"ListItem\",\"position\":2,\"name\":\"About us\"}]},{\"@type\":\"WebSite\",\"@id\":\"https:\/\/ferox.pl\/#website\",\"url\":\"https:\/\/ferox.pl\/\",\"name\":\"Ferox Energy Systems Sp. z o. o.\",\"description\":\"Ferox Energy Systems sp. z o. o. to firma dzia\u0142aj\u0105ca w bran\u017cy od 1997 roku. Oferujemy kompleksowe rozwi\u0105zania w zakresie uk\u0142ad\u00f3w kogeneracyjnych i trigeneracyjnych na bazie silnik\u00f3w gazowych firmy INNIO Jenbacher.\",\"potentialAction\":[{\"@type\":\"SearchAction\",\"target\":{\"@type\":\"EntryPoint\",\"urlTemplate\":\"https:\/\/ferox.pl\/?s={search_term_string}\"},\"query-input\":{\"@type\":\"PropertyValueSpecification\",\"valueRequired\":true,\"valueName\":\"search_term_string\"}}],\"inLanguage\":\"en-US\"}]}<\/script>\n<!-- \/ Yoast SEO plugin. -->","yoast_head_json":{"title":"About us | Ferox Energy Systems Sp. z o. o.","robots":{"index":"index","follow":"follow","max-snippet":"max-snippet:-1","max-image-preview":"max-image-preview:large","max-video-preview":"max-video-preview:-1"},"canonical":"https:\/\/ferox.pl\/en\/about-us\/","og_locale":"en_US","og_type":"article","og_title":"About us | Ferox Energy Systems Sp. z o. o.","og_description":"Ferox Energy Systems &#8211; get to know us Ferox Energy Systems sp. z o. o. is a company that has been operating in the industry since 1997. We offer comprehensive solutions in the field of cogeneration and trigeneration systems based on INNIO Jenbacher gas engines. We focus on modern solutions supporting the heating industry, energy [&hellip;]","og_url":"https:\/\/ferox.pl\/en\/about-us\/","og_site_name":"Ferox Energy Systems Sp. z o. o.","article_modified_time":"2023-04-25T12:18:51+00:00","og_image":[{"url":"https:\/\/ferox.pl\/wp-content\/uploads\/2022\/02\/innio-logo-start.png","type":"","width":"","height":""}],"twitter_card":"summary_large_image","twitter_misc":{"Est. reading time":"5 minutes"},"schema":{"@context":"https:\/\/schema.org","@graph":[{"@type":"WebPage","@id":"https:\/\/ferox.pl\/en\/about-us\/","url":"https:\/\/ferox.pl\/en\/about-us\/","name":"About us | Ferox Energy Systems Sp. z o. o.","isPartOf":{"@id":"https:\/\/ferox.pl\/#website"},"primaryImageOfPage":{"@id":"https:\/\/ferox.pl\/en\/about-us\/#primaryimage"},"image":{"@id":"https:\/\/ferox.pl\/en\/about-us\/#primaryimage"},"thumbnailUrl":"https:\/\/ferox.pl\/wp-content\/uploads\/2022\/02\/innio-logo-start.png","datePublished":"2022-02-11T23:11:24+00:00","dateModified":"2023-04-25T12:18:51+00:00","breadcrumb":{"@id":"https:\/\/ferox.pl\/en\/about-us\/#breadcrumb"},"inLanguage":"en-US","potentialAction":[{"@type":"ReadAction","target":["https:\/\/ferox.pl\/en\/about-us\/"]}]},{"@type":"ImageObject","inLanguage":"en-US","@id":"https:\/\/ferox.pl\/en\/about-us\/#primaryimage","url":"https:\/\/ferox.pl\/wp-content\/uploads\/2022\/02\/innio-logo-start.png","contentUrl":"https:\/\/ferox.pl\/wp-content\/uploads\/2022\/02\/innio-logo-start.png"},{"@type":"BreadcrumbList","@id":"https:\/\/ferox.pl\/en\/about-us\/#breadcrumb","itemListElement":[{"@type":"ListItem","position":1,"name":"Home","item":"https:\/\/ferox.pl\/en\/"},{"@type":"ListItem","position":2,"name":"About us"}]},{"@type":"WebSite","@id":"https:\/\/ferox.pl\/#website","url":"https:\/\/ferox.pl\/","name":"Ferox Energy Systems Sp. z o. o.","description":"Ferox Energy Systems sp. z o. o. to firma dzia\u0142aj\u0105ca w bran\u017cy od 1997 roku. Oferujemy kompleksowe rozwi\u0105zania w zakresie uk\u0142ad\u00f3w kogeneracyjnych i trigeneracyjnych na bazie silnik\u00f3w gazowych firmy INNIO Jenbacher.","potentialAction":[{"@type":"SearchAction","target":{"@type":"EntryPoint","urlTemplate":"https:\/\/ferox.pl\/?s={search_term_string}"},"query-input":{"@type":"PropertyValueSpecification","valueRequired":true,"valueName":"search_term_string"}}],"inLanguage":"en-US"}]}},"_links":{"self":[{"href":"https:\/\/ferox.pl\/en\/wp-json\/wp\/v2\/pages\/1477","targetHints":{"allow":["GET"]}}],"collection":[{"href":"https:\/\/ferox.pl\/en\/wp-json\/wp\/v2\/pages"}],"about":[{"href":"https:\/\/ferox.pl\/en\/wp-json\/wp\/v2\/types\/page"}],"author":[{"embeddable":true,"href":"https:\/\/ferox.pl\/en\/wp-json\/wp\/v2\/users\/3"}],"replies":[{"embeddable":true,"href":"https:\/\/ferox.pl\/en\/wp-json\/wp\/v2\/comments?post=1477"}],"version-history":[{"count":8,"href":"https:\/\/ferox.pl\/en\/wp-json\/wp\/v2\/pages\/1477\/revisions"}],"predecessor-version":[{"id":2711,"href":"https:\/\/ferox.pl\/en\/wp-json\/wp\/v2\/pages\/1477\/revisions\/2711"}],"wp:attachment":[{"href":"https:\/\/ferox.pl\/en\/wp-json\/wp\/v2\/media?parent=1477"}],"curies":[{"name":"wp","href":"https:\/\/api.w.org\/{rel}","templated":true}]}}