{"id":1472,"date":"2022-02-27T20:33:27","date_gmt":"2022-02-27T19:33:27","guid":{"rendered":"https:\/\/ferox.pl\/?page_id=1472"},"modified":"2022-03-31T21:58:21","modified_gmt":"2022-03-31T19:58:21","slug":"ferox-magazine","status":"publish","type":"page","link":"https:\/\/ferox.pl\/en\/autoryzowany-serwis\/ferox-magazine\/","title":{"rendered":"Ferox magazine"},"content":{"rendered":"\n<div class=\"wp-block-columns are-vertically-aligned-center is-layout-flex wp-container-core-columns-is-layout-9d6595d7 wp-block-columns-is-layout-flex\">\n<div class=\"wp-block-column is-vertically-aligned-center is-layout-flow wp-block-column-is-layout-flow\" style=\"flex-basis:40%\">\n<h2 class=\"wp-block-heading\">OEM spare sarts<\/h2>\n\n\n\n<p class=\"text-justify\">In addition to the workshop, we also have a warehouse of original spare parts, also located in Katowice. We are able to guarantee the delivery of components available in stock within 24 hours.<\/p>\n\n\n\n<p class=\"text-justify\">We offer professional technical advice on the selection and verification of spare parts, and our qualified company staff constantly monitors the degree of order fulfillment.<\/p>\n\n\n\n<p class=\"text-justify\">We take care of stock levels and make every effort to ensure that you always find what you need at Ferox. The quality of our services combined with competitive delivery conditions contribute to a fruitful, long-term cooperation with our customers.<\/p>\n<\/div>\n\n\n\n<div class=\"wp-block-column is-vertically-aligned-center is-layout-flow wp-block-column-is-layout-flow\">\n<figure class=\"wp-block-image size-full\"><img decoding=\"async\" src=\"https:\/\/ferox.pl\/wp-content\/uploads\/magazyn-podstrona-img2.jpg\" alt=\"\" class=\"wp-image-281\"\/><\/figure>\n<\/div>\n<\/div>\n","protected":false},"excerpt":{"rendered":"<p>OEM spare sarts In addition to the workshop, we also have a warehouse of original spare parts, also located in Katowice. We are able to guarantee the delivery of components available in stock within 24 hours. We offer professional technical advice on the selection and verification of spare parts, and our qualified company staff constantly [&hellip;]<\/p>\n","protected":false},"author":3,"featured_media":5044,"parent":1468,"menu_order":0,"comment_status":"closed","ping_status":"closed","template":"","meta":{"_acf_changed":false,"footnotes":""},"class_list":["post-1472","page","type-page","status-publish","has-post-thumbnail","hentry"],"acf":[],"yoast_head":"<!-- This site is optimized with the Yoast SEO plugin v26.4 - https:\/\/yoast.com\/wordpress\/plugins\/seo\/ -->\n<title>Ferox magazine | Ferox Energy Systems Sp. z o. o.<\/title>\n<meta name=\"robots\" content=\"index, follow, max-snippet:-1, max-image-preview:large, max-video-preview:-1\" \/>\n<link rel=\"canonical\" href=\"https:\/\/ferox.pl\/en\/autoryzowany-serwis\/ferox-magazine\/\" \/>\n<meta property=\"og:locale\" content=\"en_US\" \/>\n<meta property=\"og:type\" content=\"article\" \/>\n<meta property=\"og:title\" content=\"Ferox magazine | Ferox Energy Systems Sp. z o. o.\" \/>\n<meta property=\"og:description\" content=\"OEM spare sarts In addition to the workshop, we also have a warehouse of original spare parts, also located in Katowice. We are able to guarantee the delivery of components available in stock within 24 hours. We offer professional technical advice on the selection and verification of spare parts, and our qualified company staff constantly [&hellip;]\" \/>\n<meta property=\"og:url\" content=\"https:\/\/ferox.pl\/en\/autoryzowany-serwis\/ferox-magazine\/\" \/>\n<meta property=\"og:site_name\" content=\"Ferox Energy Systems Sp. z o. o.\" \/>\n<meta property=\"article:modified_time\" content=\"2022-03-31T19:58:21+00:00\" \/>\n<meta property=\"og:image\" content=\"https:\/\/ferox.pl\/wp-content\/uploads\/serwis-wejsciowa-img1.jpg\" \/>\n\t<meta property=\"og:image:width\" content=\"545\" \/>\n\t<meta property=\"og:image:height\" content=\"534\" \/>\n\t<meta property=\"og:image:type\" content=\"image\/jpeg\" \/>\n<meta name=\"twitter:card\" content=\"summary_large_image\" \/>\n<meta name=\"twitter:label1\" content=\"Est. reading time\" \/>\n\t<meta name=\"twitter:data1\" content=\"1 minute\" \/>\n<script type=\"application\/ld+json\" class=\"yoast-schema-graph\">{\"@context\":\"https:\/\/schema.org\",\"@graph\":[{\"@type\":\"WebPage\",\"@id\":\"https:\/\/ferox.pl\/en\/autoryzowany-serwis\/ferox-magazine\/\",\"url\":\"https:\/\/ferox.pl\/en\/autoryzowany-serwis\/ferox-magazine\/\",\"name\":\"Ferox magazine | Ferox Energy Systems Sp. z o. o.\",\"isPartOf\":{\"@id\":\"https:\/\/ferox.pl\/#website\"},\"primaryImageOfPage\":{\"@id\":\"https:\/\/ferox.pl\/en\/autoryzowany-serwis\/ferox-magazine\/#primaryimage\"},\"image\":{\"@id\":\"https:\/\/ferox.pl\/en\/autoryzowany-serwis\/ferox-magazine\/#primaryimage\"},\"thumbnailUrl\":\"https:\/\/ferox.pl\/wp-content\/uploads\/serwis-wejsciowa-img1-1.jpg\",\"datePublished\":\"2022-02-27T19:33:27+00:00\",\"dateModified\":\"2022-03-31T19:58:21+00:00\",\"breadcrumb\":{\"@id\":\"https:\/\/ferox.pl\/en\/autoryzowany-serwis\/ferox-magazine\/#breadcrumb\"},\"inLanguage\":\"en-US\",\"potentialAction\":[{\"@type\":\"ReadAction\",\"target\":[\"https:\/\/ferox.pl\/en\/autoryzowany-serwis\/ferox-magazine\/\"]}]},{\"@type\":\"ImageObject\",\"inLanguage\":\"en-US\",\"@id\":\"https:\/\/ferox.pl\/en\/autoryzowany-serwis\/ferox-magazine\/#primaryimage\",\"url\":\"https:\/\/ferox.pl\/wp-content\/uploads\/serwis-wejsciowa-img1-1.jpg\",\"contentUrl\":\"https:\/\/ferox.pl\/wp-content\/uploads\/serwis-wejsciowa-img1-1.jpg\",\"width\":545,\"height\":534},{\"@type\":\"BreadcrumbList\",\"@id\":\"https:\/\/ferox.pl\/en\/autoryzowany-serwis\/ferox-magazine\/#breadcrumb\",\"itemListElement\":[{\"@type\":\"ListItem\",\"position\":1,\"name\":\"Home\",\"item\":\"https:\/\/ferox.pl\/en\/\"},{\"@type\":\"ListItem\",\"position\":2,\"name\":\"Authorized service partner\",\"item\":\"https:\/\/ferox.pl\/en\/autoryzowany-serwis\/\"},{\"@type\":\"ListItem\",\"position\":3,\"name\":\"Ferox magazine\"}]},{\"@type\":\"WebSite\",\"@id\":\"https:\/\/ferox.pl\/#website\",\"url\":\"https:\/\/ferox.pl\/\",\"name\":\"Ferox Energy Systems Sp. z o. o.\",\"description\":\"Ferox Energy Systems sp. z o. o. to firma dzia\u0142aj\u0105ca w bran\u017cy od 1997 roku. Oferujemy kompleksowe rozwi\u0105zania w zakresie uk\u0142ad\u00f3w kogeneracyjnych i trigeneracyjnych na bazie silnik\u00f3w gazowych firmy INNIO Jenbacher.\",\"potentialAction\":[{\"@type\":\"SearchAction\",\"target\":{\"@type\":\"EntryPoint\",\"urlTemplate\":\"https:\/\/ferox.pl\/?s={search_term_string}\"},\"query-input\":{\"@type\":\"PropertyValueSpecification\",\"valueRequired\":true,\"valueName\":\"search_term_string\"}}],\"inLanguage\":\"en-US\"}]}<\/script>\n<!-- \/ Yoast SEO plugin. -->","yoast_head_json":{"title":"Ferox magazine | Ferox Energy Systems Sp. z o. o.","robots":{"index":"index","follow":"follow","max-snippet":"max-snippet:-1","max-image-preview":"max-image-preview:large","max-video-preview":"max-video-preview:-1"},"canonical":"https:\/\/ferox.pl\/en\/autoryzowany-serwis\/ferox-magazine\/","og_locale":"en_US","og_type":"article","og_title":"Ferox magazine | Ferox Energy Systems Sp. z o. o.","og_description":"OEM spare sarts In addition to the workshop, we also have a warehouse of original spare parts, also located in Katowice. We are able to guarantee the delivery of components available in stock within 24 hours. We offer professional technical advice on the selection and verification of spare parts, and our qualified company staff constantly [&hellip;]","og_url":"https:\/\/ferox.pl\/en\/autoryzowany-serwis\/ferox-magazine\/","og_site_name":"Ferox Energy Systems Sp. z o. o.","article_modified_time":"2022-03-31T19:58:21+00:00","og_image":[{"width":545,"height":534,"url":"https:\/\/ferox.pl\/wp-content\/uploads\/serwis-wejsciowa-img1.jpg","type":"image\/jpeg"}],"twitter_card":"summary_large_image","twitter_misc":{"Est. reading time":"1 minute"},"schema":{"@context":"https:\/\/schema.org","@graph":[{"@type":"WebPage","@id":"https:\/\/ferox.pl\/en\/autoryzowany-serwis\/ferox-magazine\/","url":"https:\/\/ferox.pl\/en\/autoryzowany-serwis\/ferox-magazine\/","name":"Ferox magazine | Ferox Energy Systems Sp. z o. o.","isPartOf":{"@id":"https:\/\/ferox.pl\/#website"},"primaryImageOfPage":{"@id":"https:\/\/ferox.pl\/en\/autoryzowany-serwis\/ferox-magazine\/#primaryimage"},"image":{"@id":"https:\/\/ferox.pl\/en\/autoryzowany-serwis\/ferox-magazine\/#primaryimage"},"thumbnailUrl":"https:\/\/ferox.pl\/wp-content\/uploads\/serwis-wejsciowa-img1-1.jpg","datePublished":"2022-02-27T19:33:27+00:00","dateModified":"2022-03-31T19:58:21+00:00","breadcrumb":{"@id":"https:\/\/ferox.pl\/en\/autoryzowany-serwis\/ferox-magazine\/#breadcrumb"},"inLanguage":"en-US","potentialAction":[{"@type":"ReadAction","target":["https:\/\/ferox.pl\/en\/autoryzowany-serwis\/ferox-magazine\/"]}]},{"@type":"ImageObject","inLanguage":"en-US","@id":"https:\/\/ferox.pl\/en\/autoryzowany-serwis\/ferox-magazine\/#primaryimage","url":"https:\/\/ferox.pl\/wp-content\/uploads\/serwis-wejsciowa-img1-1.jpg","contentUrl":"https:\/\/ferox.pl\/wp-content\/uploads\/serwis-wejsciowa-img1-1.jpg","width":545,"height":534},{"@type":"BreadcrumbList","@id":"https:\/\/ferox.pl\/en\/autoryzowany-serwis\/ferox-magazine\/#breadcrumb","itemListElement":[{"@type":"ListItem","position":1,"name":"Home","item":"https:\/\/ferox.pl\/en\/"},{"@type":"ListItem","position":2,"name":"Authorized service partner","item":"https:\/\/ferox.pl\/en\/autoryzowany-serwis\/"},{"@type":"ListItem","position":3,"name":"Ferox magazine"}]},{"@type":"WebSite","@id":"https:\/\/ferox.pl\/#website","url":"https:\/\/ferox.pl\/","name":"Ferox Energy Systems Sp. z o. o.","description":"Ferox Energy Systems sp. z o. o. to firma dzia\u0142aj\u0105ca w bran\u017cy od 1997 roku. Oferujemy kompleksowe rozwi\u0105zania w zakresie uk\u0142ad\u00f3w kogeneracyjnych i trigeneracyjnych na bazie silnik\u00f3w gazowych firmy INNIO Jenbacher.","potentialAction":[{"@type":"SearchAction","target":{"@type":"EntryPoint","urlTemplate":"https:\/\/ferox.pl\/?s={search_term_string}"},"query-input":{"@type":"PropertyValueSpecification","valueRequired":true,"valueName":"search_term_string"}}],"inLanguage":"en-US"}]}},"_links":{"self":[{"href":"https:\/\/ferox.pl\/en\/wp-json\/wp\/v2\/pages\/1472","targetHints":{"allow":["GET"]}}],"collection":[{"href":"https:\/\/ferox.pl\/en\/wp-json\/wp\/v2\/pages"}],"about":[{"href":"https:\/\/ferox.pl\/en\/wp-json\/wp\/v2\/types\/page"}],"author":[{"embeddable":true,"href":"https:\/\/ferox.pl\/en\/wp-json\/wp\/v2\/users\/3"}],"replies":[{"embeddable":true,"href":"https:\/\/ferox.pl\/en\/wp-json\/wp\/v2\/comments?post=1472"}],"version-history":[{"count":4,"href":"https:\/\/ferox.pl\/en\/wp-json\/wp\/v2\/pages\/1472\/revisions"}],"predecessor-version":[{"id":1827,"href":"https:\/\/ferox.pl\/en\/wp-json\/wp\/v2\/pages\/1472\/revisions\/1827"}],"up":[{"embeddable":true,"href":"https:\/\/ferox.pl\/en\/wp-json\/wp\/v2\/pages\/1468"}],"wp:featuredmedia":[{"embeddable":true,"href":"https:\/\/ferox.pl\/en\/wp-json\/wp\/v2\/media\/5044"}],"wp:attachment":[{"href":"https:\/\/ferox.pl\/en\/wp-json\/wp\/v2\/media?parent=1472"}],"curies":[{"name":"wp","href":"https:\/\/api.w.org\/{rel}","templated":true}]}}