{"id":1462,"date":"2022-02-28T19:02:04","date_gmt":"2022-02-28T18:02:04","guid":{"rendered":"https:\/\/ferox.pl\/?page_id=1462"},"modified":"2024-11-15T14:12:52","modified_gmt":"2024-11-15T13:12:52","slug":"warranty-and-post-warranty-service","status":"publish","type":"page","link":"https:\/\/ferox.pl\/en\/autoryzowany-serwis\/warranty-and-post-warranty-service\/","title":{"rendered":"Warranty and post-warranty service"},"content":{"rendered":"\n<div class=\"wp-block-columns are-vertically-aligned-center is-layout-flex wp-container-core-columns-is-layout-9d6595d7 wp-block-columns-is-layout-flex\">\n<div class=\"wp-block-column is-vertically-aligned-center is-layout-flow wp-block-column-is-layout-flow\" style=\"flex-basis:40%\">\n<h2 class=\"wp-block-heading\">Service<\/h2>\n\n\n\n<p class=\"text-justify\">Our service department offers 24-hour <strong>warranty and post-warranty service for gas engines<\/strong> and accompanying installations throughout the country. We carry out all activities individually, and we adjust the scope of the contract and commercial conditions to the expectations and needs of customers. We use our human and technical resources efficiently, which means that we not only offer efficient and effective operations, but also competitive prices.<\/p>\n\n\n\n<p class=\"text-justify\">By focusing on the continuous development of the <strong>service <\/strong>department, we make every effort to provide you with the highest quality of our services. Our specialists have completed many projects, which makes us the leader in the country in the energy industry related to cogeneration systems &#8211; from design, through implementation, to maintenance and service works.<\/p>\n<\/div>\n\n\n\n<div class=\"wp-block-column is-vertically-aligned-center is-layout-flow wp-block-column-is-layout-flow\">\n<figure class=\"wp-block-image size-full\"><img loading=\"lazy\" decoding=\"async\" width=\"659\" height=\"607\" src=\"https:\/\/ferox.pl\/wp-content\/uploads\/serwis-pogwarancyjny-1.jpg\" alt=\"\" class=\"wp-image-1681\" srcset=\"https:\/\/ferox.pl\/wp-content\/uploads\/serwis-pogwarancyjny-1.jpg 659w, https:\/\/ferox.pl\/wp-content\/uploads\/serwis-pogwarancyjny-1-597x550.jpg 597w\" sizes=\"auto, (max-width: 659px) 100vw, 659px\" \/><\/figure>\n<\/div>\n<\/div>\n\n\n\n<div class=\"wp-block-columns are-vertically-aligned-center bg-section is-layout-flex wp-container-core-columns-is-layout-9d6595d7 wp-block-columns-is-layout-flex\">\n<div class=\"wp-block-column is-vertically-aligned-center is-layout-flow wp-block-column-is-layout-flow\">\n<figure class=\"wp-block-image size-full\"><img loading=\"lazy\" decoding=\"async\" width=\"659\" height=\"643\" src=\"https:\/\/ferox.pl\/wp-content\/uploads\/serwis-pogwarancyjny-2.jpg\" alt=\"\" class=\"wp-image-1679\" srcset=\"https:\/\/ferox.pl\/wp-content\/uploads\/serwis-pogwarancyjny-2.jpg 659w, https:\/\/ferox.pl\/wp-content\/uploads\/serwis-pogwarancyjny-2-564x550.jpg 564w\" sizes=\"auto, (max-width: 659px) 100vw, 659px\" \/><\/figure>\n<\/div>\n\n\n\n<div class=\"wp-block-column is-vertically-aligned-center is-layout-flow wp-block-column-is-layout-flow\" style=\"flex-basis:40%\">\n<h2 class=\"wp-block-heading\">Authorized service of Jenbacher and Waukesha gas engines<\/h2>\n\n\n\n<p class=\"text-justify\">As the official distributor of the gas engine manufacturer, we are authorized to provide maintenance services for Jenbacher and Waukesha devices. We strive to ensure trouble-free operation of devices, however, when there is a problem with the engine, installation or accompanying devices, our service technicians, based on their knowledge and experience, will solve it quickly and efficiently.<\/p>\n\n\n\n<p class=\"text-justify\">When accepting <strong>Jenbacher and Waukesha<\/strong> gas engines for service, we conduct an expert opinion, diagnose the problem and establish an action plan. We use original spare parts, and each repair is done in accordance with the art and according to established procedures. In addition, as an <strong>authorized service of Jenbacher and Waukesha gas engines<\/strong>, we guarantee technical support and training for personnel in the proper use of devices.<br><br><strong>Details available on the website:<\/strong> <br><a href=\"https:\/\/www.jenbacher.com\/en\/gas-engines\"><\/a><a href=\"https:\/\/www.jenbacher.com\/en\/service-offerings\" target=\"_blank\" rel=\"noreferrer noopener\"><\/a><a href=\"https:\/\/www.jenbacher.com\/en\/service-offerings\" target=\"_blank\" rel=\"noreferrer noopener\">jenbacher.com\/service-offerings<\/a><\/p>\n<\/div>\n<\/div>\n\n\n\n<div class=\"wp-block-columns are-vertically-aligned-center is-layout-flex wp-container-core-columns-is-layout-9d6595d7 wp-block-columns-is-layout-flex\">\n<div class=\"wp-block-column is-vertically-aligned-center is-layout-flow wp-block-column-is-layout-flow\" style=\"flex-basis:410px\">\n<div class=\"wp-block-group adva__element adva__element--margin\"><div class=\"wp-block-group__inner-container is-layout-flow wp-block-group-is-layout-flow\">\n<h2 class=\"wp-block-heading\">Service of gas engines and accompanying installations<\/h2>\n<\/div><\/div>\n<\/div>\n\n\n\n<div class=\"wp-block-column is-vertically-aligned-center is-layout-flow wp-block-column-is-layout-flow\">\n<p class=\"text-justify\">At <strong>Ferox<\/strong>, we provide maintenance services not only for our own installations, but we also take care of each device or cogeneration system. We provide maintenance services on the basis of orders or permanent long-term maintenance contracts. <\/p>\n\n\n\n<h3 class=\"wp-block-heading has-text-color\" style=\"color:#1e243e\">As part of them, we provide:<\/h3>\n<\/div>\n<\/div>\n\n\n\n<ul class=\"wp-block-list card-list text-uppercase\">\n<li>\n<img loading=\"lazy\" decoding=\"async\" width=\"99\" height=\"99\" class=\"wp-image-1375 lred\" style=\"width: 99.73px;\" src=\"https:\/\/ferox.pl\/wp-content\/uploads\/serwis-pogwarancyjny-icon1.svg\" alt=\"\">\n<img decoding=\"async\" class=\"wp-image-1375 lgreen\" style=\"width: 99.73px;\" src=\"https:\/\/ferox.pl\/wp-content\/uploads\/serwis-pogwarancyjny-icon1-green.svg\" alt=\"\">\nComprehensive service of the entire installation<\/li>\n\n\n\n<li>\n<img loading=\"lazy\" decoding=\"async\" width=\"99\" height=\"75\" class=\"wp-image-1365 lred\" style=\"width: 99.87px;\" src=\"https:\/\/ferox.pl\/wp-content\/uploads\/serwis-pogwarancyjny-icon2.svg\" alt=\"\">\n<img decoding=\"async\" class=\"wp-image-1365 lgreen\" style=\"width: 99.87px;\" src=\"https:\/\/ferox.pl\/wp-content\/uploads\/serwis-pogwarancyjny-icon2-green.svg\" alt=\"\">\n24-hour service readiness and quick response time<\/li>\n\n\n\n<li>\n<img loading=\"lazy\" decoding=\"async\" width=\"99\" height=\"100\" class=\"wp-image-1367 lred\" style=\"width: 99.73px;\" src=\"https:\/\/ferox.pl\/wp-content\/uploads\/serwis-pogwarancyjny-icon3.svg\" alt=\"\">\n<img decoding=\"async\" class=\"wp-image-1367 lgreen\" style=\"width: 99.73px;\" src=\"https:\/\/ferox.pl\/wp-content\/uploads\/serwis-pogwarancyjny-icon3-green.svg\" alt=\"\">\n24\/7 telephone support<\/li>\n\n\n\n<li>\n<img loading=\"lazy\" decoding=\"async\" width=\"100\" height=\"100\" class=\"wp-image-1369 lred\" style=\"width: 100px;\" src=\"https:\/\/ferox.pl\/wp-content\/uploads\/serwis-pogwarancyjny-icon4.svg\" alt=\"\">\n<img decoding=\"async\" class=\"wp-image-1369 lgreen\" style=\"width: 100px;\" src=\"https:\/\/ferox.pl\/wp-content\/uploads\/serwis-pogwarancyjny-icon4-green.svg\" alt=\"\">\nMaintenance works and technical inspections<\/li>\n\n\n\n<li>\n<img loading=\"lazy\" decoding=\"async\" width=\"99\" height=\"81\" class=\"wp-image-1371 lred\" style=\"width: 99.95px;\" src=\"https:\/\/ferox.pl\/wp-content\/uploads\/serwis-pogwarancyjny-icon5.svg\" alt=\"\">\n<img decoding=\"async\" class=\"wp-image-1371 lgreen\" style=\"width: 99.95px;\" src=\"https:\/\/ferox.pl\/wp-content\/uploads\/serwis-pogwarancyjny-icon5-green.svg\" alt=\"\">\nTraining of technical personnel<\/li>\n\n\n\n<li>\n<img loading=\"lazy\" decoding=\"async\" width=\"100\" height=\"99\" class=\"wp-image-1373 lred\" style=\"width: 100px;\" src=\"https:\/\/ferox.pl\/wp-content\/uploads\/serwis-pogwarancyjny-icon6.svg\" alt=\"\">\n<img decoding=\"async\" class=\"wp-image-1373 lgreen\" style=\"width: 100px;\" src=\"https:\/\/ferox.pl\/wp-content\/uploads\/serwis-pogwarancyjny-icon6-green.svg\" alt=\"\">\nModernization works<\/li>\n<\/ul>\n","protected":false},"excerpt":{"rendered":"<p>Service Our service department offers 24-hour warranty and post-warranty service for gas engines and accompanying installations throughout the country. We carry out all activities individually, and we adjust the scope of the contract and commercial conditions to the expectations and needs of customers. We use our human and technical resources efficiently, which means that we [&hellip;]<\/p>\n","protected":false},"author":3,"featured_media":1675,"parent":1468,"menu_order":0,"comment_status":"closed","ping_status":"closed","template":"","meta":{"_acf_changed":false,"footnotes":""},"class_list":["post-1462","page","type-page","status-publish","has-post-thumbnail","hentry"],"acf":[],"yoast_head":"<!-- This site is optimized with the Yoast SEO plugin v26.4 - https:\/\/yoast.com\/wordpress\/plugins\/seo\/ -->\n<title>Warranty and post-warranty service | Ferox Energy Systems Sp. z o. o.<\/title>\n<meta name=\"robots\" content=\"index, follow, max-snippet:-1, max-image-preview:large, max-video-preview:-1\" \/>\n<link rel=\"canonical\" href=\"https:\/\/ferox.pl\/en\/autoryzowany-serwis\/warranty-and-post-warranty-service\/\" \/>\n<meta property=\"og:locale\" content=\"en_US\" \/>\n<meta property=\"og:type\" content=\"article\" \/>\n<meta property=\"og:title\" content=\"Warranty and post-warranty service | Ferox Energy Systems Sp. z o. o.\" \/>\n<meta property=\"og:description\" content=\"Service Our service department offers 24-hour warranty and post-warranty service for gas engines and accompanying installations throughout the country. We carry out all activities individually, and we adjust the scope of the contract and commercial conditions to the expectations and needs of customers. We use our human and technical resources efficiently, which means that we [&hellip;]\" \/>\n<meta property=\"og:url\" content=\"https:\/\/ferox.pl\/en\/autoryzowany-serwis\/warranty-and-post-warranty-service\/\" \/>\n<meta property=\"og:site_name\" content=\"Ferox Energy Systems Sp. z o. o.\" \/>\n<meta property=\"article:modified_time\" content=\"2024-11-15T13:12:52+00:00\" \/>\n<meta property=\"og:image\" content=\"https:\/\/ferox.pl\/wp-content\/uploads\/serwis-wejsciowa-img3-1.jpg\" \/>\n\t<meta property=\"og:image:width\" content=\"545\" \/>\n\t<meta property=\"og:image:height\" content=\"534\" \/>\n\t<meta property=\"og:image:type\" content=\"image\/jpeg\" \/>\n<meta name=\"twitter:card\" content=\"summary_large_image\" \/>\n<meta name=\"twitter:label1\" content=\"Est. reading time\" \/>\n\t<meta name=\"twitter:data1\" content=\"4 minutes\" \/>\n<script type=\"application\/ld+json\" class=\"yoast-schema-graph\">{\"@context\":\"https:\/\/schema.org\",\"@graph\":[{\"@type\":\"WebPage\",\"@id\":\"https:\/\/ferox.pl\/en\/autoryzowany-serwis\/warranty-and-post-warranty-service\/\",\"url\":\"https:\/\/ferox.pl\/en\/autoryzowany-serwis\/warranty-and-post-warranty-service\/\",\"name\":\"Warranty and post-warranty service | Ferox Energy Systems Sp. z o. o.\",\"isPartOf\":{\"@id\":\"https:\/\/ferox.pl\/#website\"},\"primaryImageOfPage\":{\"@id\":\"https:\/\/ferox.pl\/en\/autoryzowany-serwis\/warranty-and-post-warranty-service\/#primaryimage\"},\"image\":{\"@id\":\"https:\/\/ferox.pl\/en\/autoryzowany-serwis\/warranty-and-post-warranty-service\/#primaryimage\"},\"thumbnailUrl\":\"https:\/\/ferox.pl\/wp-content\/uploads\/serwis-wejsciowa-img3-1.jpg\",\"datePublished\":\"2022-02-28T18:02:04+00:00\",\"dateModified\":\"2024-11-15T13:12:52+00:00\",\"breadcrumb\":{\"@id\":\"https:\/\/ferox.pl\/en\/autoryzowany-serwis\/warranty-and-post-warranty-service\/#breadcrumb\"},\"inLanguage\":\"en-US\",\"potentialAction\":[{\"@type\":\"ReadAction\",\"target\":[\"https:\/\/ferox.pl\/en\/autoryzowany-serwis\/warranty-and-post-warranty-service\/\"]}]},{\"@type\":\"ImageObject\",\"inLanguage\":\"en-US\",\"@id\":\"https:\/\/ferox.pl\/en\/autoryzowany-serwis\/warranty-and-post-warranty-service\/#primaryimage\",\"url\":\"https:\/\/ferox.pl\/wp-content\/uploads\/serwis-wejsciowa-img3-1.jpg\",\"contentUrl\":\"https:\/\/ferox.pl\/wp-content\/uploads\/serwis-wejsciowa-img3-1.jpg\",\"width\":545,\"height\":534},{\"@type\":\"BreadcrumbList\",\"@id\":\"https:\/\/ferox.pl\/en\/autoryzowany-serwis\/warranty-and-post-warranty-service\/#breadcrumb\",\"itemListElement\":[{\"@type\":\"ListItem\",\"position\":1,\"name\":\"Home\",\"item\":\"https:\/\/ferox.pl\/en\/\"},{\"@type\":\"ListItem\",\"position\":2,\"name\":\"Authorized service partner\",\"item\":\"https:\/\/ferox.pl\/en\/autoryzowany-serwis\/\"},{\"@type\":\"ListItem\",\"position\":3,\"name\":\"Warranty and post-warranty service\"}]},{\"@type\":\"WebSite\",\"@id\":\"https:\/\/ferox.pl\/#website\",\"url\":\"https:\/\/ferox.pl\/\",\"name\":\"Ferox Energy Systems Sp. z o. o.\",\"description\":\"Ferox Energy Systems sp. z o. o. to firma dzia\u0142aj\u0105ca w bran\u017cy od 1997 roku. Oferujemy kompleksowe rozwi\u0105zania w zakresie uk\u0142ad\u00f3w kogeneracyjnych i trigeneracyjnych na bazie silnik\u00f3w gazowych firmy INNIO Jenbacher.\",\"potentialAction\":[{\"@type\":\"SearchAction\",\"target\":{\"@type\":\"EntryPoint\",\"urlTemplate\":\"https:\/\/ferox.pl\/?s={search_term_string}\"},\"query-input\":{\"@type\":\"PropertyValueSpecification\",\"valueRequired\":true,\"valueName\":\"search_term_string\"}}],\"inLanguage\":\"en-US\"}]}<\/script>\n<!-- \/ Yoast SEO plugin. -->","yoast_head_json":{"title":"Warranty and post-warranty service | Ferox Energy Systems Sp. z o. o.","robots":{"index":"index","follow":"follow","max-snippet":"max-snippet:-1","max-image-preview":"max-image-preview:large","max-video-preview":"max-video-preview:-1"},"canonical":"https:\/\/ferox.pl\/en\/autoryzowany-serwis\/warranty-and-post-warranty-service\/","og_locale":"en_US","og_type":"article","og_title":"Warranty and post-warranty service | Ferox Energy Systems Sp. z o. o.","og_description":"Service Our service department offers 24-hour warranty and post-warranty service for gas engines and accompanying installations throughout the country. We carry out all activities individually, and we adjust the scope of the contract and commercial conditions to the expectations and needs of customers. We use our human and technical resources efficiently, which means that we [&hellip;]","og_url":"https:\/\/ferox.pl\/en\/autoryzowany-serwis\/warranty-and-post-warranty-service\/","og_site_name":"Ferox Energy Systems Sp. z o. o.","article_modified_time":"2024-11-15T13:12:52+00:00","og_image":[{"width":545,"height":534,"url":"https:\/\/ferox.pl\/wp-content\/uploads\/serwis-wejsciowa-img3-1.jpg","type":"image\/jpeg"}],"twitter_card":"summary_large_image","twitter_misc":{"Est. reading time":"4 minutes"},"schema":{"@context":"https:\/\/schema.org","@graph":[{"@type":"WebPage","@id":"https:\/\/ferox.pl\/en\/autoryzowany-serwis\/warranty-and-post-warranty-service\/","url":"https:\/\/ferox.pl\/en\/autoryzowany-serwis\/warranty-and-post-warranty-service\/","name":"Warranty and post-warranty service | Ferox Energy Systems Sp. z o. o.","isPartOf":{"@id":"https:\/\/ferox.pl\/#website"},"primaryImageOfPage":{"@id":"https:\/\/ferox.pl\/en\/autoryzowany-serwis\/warranty-and-post-warranty-service\/#primaryimage"},"image":{"@id":"https:\/\/ferox.pl\/en\/autoryzowany-serwis\/warranty-and-post-warranty-service\/#primaryimage"},"thumbnailUrl":"https:\/\/ferox.pl\/wp-content\/uploads\/serwis-wejsciowa-img3-1.jpg","datePublished":"2022-02-28T18:02:04+00:00","dateModified":"2024-11-15T13:12:52+00:00","breadcrumb":{"@id":"https:\/\/ferox.pl\/en\/autoryzowany-serwis\/warranty-and-post-warranty-service\/#breadcrumb"},"inLanguage":"en-US","potentialAction":[{"@type":"ReadAction","target":["https:\/\/ferox.pl\/en\/autoryzowany-serwis\/warranty-and-post-warranty-service\/"]}]},{"@type":"ImageObject","inLanguage":"en-US","@id":"https:\/\/ferox.pl\/en\/autoryzowany-serwis\/warranty-and-post-warranty-service\/#primaryimage","url":"https:\/\/ferox.pl\/wp-content\/uploads\/serwis-wejsciowa-img3-1.jpg","contentUrl":"https:\/\/ferox.pl\/wp-content\/uploads\/serwis-wejsciowa-img3-1.jpg","width":545,"height":534},{"@type":"BreadcrumbList","@id":"https:\/\/ferox.pl\/en\/autoryzowany-serwis\/warranty-and-post-warranty-service\/#breadcrumb","itemListElement":[{"@type":"ListItem","position":1,"name":"Home","item":"https:\/\/ferox.pl\/en\/"},{"@type":"ListItem","position":2,"name":"Authorized service partner","item":"https:\/\/ferox.pl\/en\/autoryzowany-serwis\/"},{"@type":"ListItem","position":3,"name":"Warranty and post-warranty service"}]},{"@type":"WebSite","@id":"https:\/\/ferox.pl\/#website","url":"https:\/\/ferox.pl\/","name":"Ferox Energy Systems Sp. z o. o.","description":"Ferox Energy Systems sp. z o. o. to firma dzia\u0142aj\u0105ca w bran\u017cy od 1997 roku. Oferujemy kompleksowe rozwi\u0105zania w zakresie uk\u0142ad\u00f3w kogeneracyjnych i trigeneracyjnych na bazie silnik\u00f3w gazowych firmy INNIO Jenbacher.","potentialAction":[{"@type":"SearchAction","target":{"@type":"EntryPoint","urlTemplate":"https:\/\/ferox.pl\/?s={search_term_string}"},"query-input":{"@type":"PropertyValueSpecification","valueRequired":true,"valueName":"search_term_string"}}],"inLanguage":"en-US"}]}},"_links":{"self":[{"href":"https:\/\/ferox.pl\/en\/wp-json\/wp\/v2\/pages\/1462","targetHints":{"allow":["GET"]}}],"collection":[{"href":"https:\/\/ferox.pl\/en\/wp-json\/wp\/v2\/pages"}],"about":[{"href":"https:\/\/ferox.pl\/en\/wp-json\/wp\/v2\/types\/page"}],"author":[{"embeddable":true,"href":"https:\/\/ferox.pl\/en\/wp-json\/wp\/v2\/users\/3"}],"replies":[{"embeddable":true,"href":"https:\/\/ferox.pl\/en\/wp-json\/wp\/v2\/comments?post=1462"}],"version-history":[{"count":7,"href":"https:\/\/ferox.pl\/en\/wp-json\/wp\/v2\/pages\/1462\/revisions"}],"predecessor-version":[{"id":3542,"href":"https:\/\/ferox.pl\/en\/wp-json\/wp\/v2\/pages\/1462\/revisions\/3542"}],"up":[{"embeddable":true,"href":"https:\/\/ferox.pl\/en\/wp-json\/wp\/v2\/pages\/1468"}],"wp:featuredmedia":[{"embeddable":true,"href":"https:\/\/ferox.pl\/en\/wp-json\/wp\/v2\/media\/1675"}],"wp:attachment":[{"href":"https:\/\/ferox.pl\/en\/wp-json\/wp\/v2\/media?parent=1462"}],"curies":[{"name":"wp","href":"https:\/\/api.w.org\/{rel}","templated":true}]}}