{"id":1456,"date":"2022-03-02T19:26:07","date_gmt":"2022-03-02T18:26:07","guid":{"rendered":"https:\/\/ferox.pl\/?page_id=1456"},"modified":"2022-03-31T21:39:33","modified_gmt":"2022-03-31T19:39:33","slug":"container-heat-and-power-plants","status":"publish","type":"page","link":"https:\/\/ferox.pl\/en\/container-heat-and-power-plants\/","title":{"rendered":"Container heat and power plants"},"content":{"rendered":"\n<div class=\"wp-block-columns are-vertically-aligned-center is-layout-flex wp-container-core-columns-is-layout-9d6595d7 wp-block-columns-is-layout-flex\">\n<div class=\"wp-block-column is-vertically-aligned-center is-layout-flow wp-block-column-is-layout-flow\" style=\"flex-basis:40%\">\n<h2 class=\"wp-block-heading\">Compact solution improving power suppy<\/h2>\n\n\n\n<p><strong>Container heat and power plants<\/strong> are a response to the modern needs of investors. It is a compact solution that optimizes not only costs, but also the space used &#8211; 1MW cogeneration systems are located on an area of \u200b\u200bonly 36 m\u00b2. <strong>Containers<\/strong> are a response to the urgent need to increase the supply of electricity or heat without the need to invest in cubature facilities.<\/p>\n\n\n\n<p class=\"text-justify\">It is possible to create a <strong>container heat and power plant<\/strong> in the range from 0.5 MW to 10 MW, which gives a wide range of application possibilities. <strong>The implementation of such a solution turns out to be particularly practical<\/strong> in locations that are difficult to access for system heat or electricity suppliers, as well as in places excluded from system supplies for high power connections due to industrialization or urbanization.<\/p>\n<\/div>\n\n\n\n<div class=\"wp-block-column is-vertically-aligned-center is-layout-flow wp-block-column-is-layout-flow\">\n<figure class=\"wp-block-image size-full\"><img loading=\"lazy\" decoding=\"async\" width=\"659\" height=\"607\" src=\"https:\/\/ferox.pl\/wp-content\/uploads\/elektrocieplownie-img1-1.jpg\" alt=\"\" class=\"wp-image-1687\" srcset=\"https:\/\/ferox.pl\/wp-content\/uploads\/elektrocieplownie-img1-1.jpg 659w, https:\/\/ferox.pl\/wp-content\/uploads\/elektrocieplownie-img1-1-597x550.jpg 597w\" sizes=\"auto, (max-width: 659px) 100vw, 659px\" \/><\/figure>\n<\/div>\n<\/div>\n\n\n\n<div class=\"wp-block-columns are-vertically-aligned-center bg-section is-layout-flex wp-container-core-columns-is-layout-9d6595d7 wp-block-columns-is-layout-flex\">\n<div class=\"wp-block-column is-vertically-aligned-center is-layout-flow wp-block-column-is-layout-flow\">\n<figure class=\"wp-block-image size-full\"><img loading=\"lazy\" decoding=\"async\" width=\"659\" height=\"607\" src=\"https:\/\/ferox.pl\/wp-content\/uploads\/elektrocieplownie-img2-2.jpg\" alt=\"\" class=\"wp-image-1689\" srcset=\"https:\/\/ferox.pl\/wp-content\/uploads\/elektrocieplownie-img2-2.jpg 659w, https:\/\/ferox.pl\/wp-content\/uploads\/elektrocieplownie-img2-2-597x550.jpg 597w\" sizes=\"auto, (max-width: 659px) 100vw, 659px\" \/><\/figure>\n<\/div>\n\n\n\n<div class=\"wp-block-column is-vertically-aligned-center is-layout-flow wp-block-column-is-layout-flow\" style=\"flex-basis:40%\">\n<h2 class=\"has-cyan-bluish-gray-color has-text-color wp-block-heading\">Comprehensive cogeneration facilities<\/h2>\n\n\n\n<p class=\"text-justify\">The use of a cogeneration system in conjunction with a container gives the opportunity to create a functional modular system. Installation becomes flexible and is not tied to a specific location, so it can be used in various environments, adequately to the needs. Moreover, such a solution, through the optimal foundation and soundproofing of the container, guarantees compliance with the noise standards at the boundary of the investor&#8217;s plot. Container systems provide an unlimited possibility of further expansion of production capacity along with the increasing demand for energy.<\/p>\n\n\n\n<p class=\"text-justify\">Entrepreneurs from various industries decide on <strong>container heat and power plants<\/strong>, including manufacturing industry, heating industry and horticulture. The investment has many functions, incl. it reduces production costs, increases production capacity, and also supports existing energy sources or an alternative to inefficient and costly systems.<\/p>\n<\/div>\n<\/div>\n\n\n\n<div class=\"wp-block-columns are-vertically-aligned-center is-layout-flex wp-container-core-columns-is-layout-9d6595d7 wp-block-columns-is-layout-flex\">\n<div class=\"wp-block-column is-vertically-aligned-center is-layout-flow wp-block-column-is-layout-flow\" style=\"flex-basis:40%\">\n<h2 class=\"wp-block-heading\">Container heat and power plants from Ferox<\/h2>\n\n\n\n<p class=\"text-justify\">Precise definition of needs and local possibilities allows you to create a tailor-made solution for a given company or institution. At Ferox, we specialize in creating concepts for the <strong>installation of cogeneration systems in heating <\/strong>and industry. We carry out technical and economic analyzes so that the cogeneration systems in container housing or soundproofing housings are individually designed for specific conditions, characteristic for the client&#8217;s business profile. We also offer the integration of cogeneration systems with traditional technology or innovative solutions, which will translate into optimization of energy efficiency.<\/p>\n<\/div>\n\n\n\n<div class=\"wp-block-column is-vertically-aligned-center is-layout-flow wp-block-column-is-layout-flow\">\n<figure class=\"wp-block-image size-full\"><img loading=\"lazy\" decoding=\"async\" width=\"659\" height=\"517\" src=\"https:\/\/ferox.pl\/wp-content\/uploads\/elektrocieplownie-img3.jpg\" alt=\"\" class=\"wp-image-529\"\/><\/figure>\n<\/div>\n<\/div>\n","protected":false},"excerpt":{"rendered":"<p>Compact solution improving power suppy Container heat and power plants are a response to the modern needs of investors. It is a compact solution that optimizes not only costs, but also the space used &#8211; 1MW cogeneration systems are located on an area of \u200b\u200bonly 36 m\u00b2. Containers are a response to the urgent need [&hellip;]<\/p>\n","protected":false},"author":3,"featured_media":1386,"parent":0,"menu_order":0,"comment_status":"closed","ping_status":"closed","template":"","meta":{"_acf_changed":false,"footnotes":""},"class_list":["post-1456","page","type-page","status-publish","has-post-thumbnail","hentry"],"acf":[],"yoast_head":"<!-- This site is optimized with the Yoast SEO plugin v26.4 - https:\/\/yoast.com\/wordpress\/plugins\/seo\/ -->\n<title>Container heat and power plants | Ferox Energy Systems Sp. z o. o.<\/title>\n<meta name=\"robots\" content=\"index, follow, max-snippet:-1, max-image-preview:large, max-video-preview:-1\" \/>\n<link rel=\"canonical\" href=\"https:\/\/ferox.pl\/en\/container-heat-and-power-plants\/\" \/>\n<meta property=\"og:locale\" content=\"en_US\" \/>\n<meta property=\"og:type\" content=\"article\" \/>\n<meta property=\"og:title\" content=\"Container heat and power plants | Ferox Energy Systems Sp. z o. o.\" \/>\n<meta property=\"og:description\" content=\"Compact solution improving power suppy Container heat and power plants are a response to the modern needs of investors. It is a compact solution that optimizes not only costs, but also the space used &#8211; 1MW cogeneration systems are located on an area of \u200b\u200bonly 36 m\u00b2. Containers are a response to the urgent need [&hellip;]\" \/>\n<meta property=\"og:url\" content=\"https:\/\/ferox.pl\/en\/container-heat-and-power-plants\/\" \/>\n<meta property=\"og:site_name\" content=\"Ferox Energy Systems Sp. z o. o.\" \/>\n<meta property=\"article:modified_time\" content=\"2022-03-31T19:39:33+00:00\" \/>\n<meta property=\"og:image\" content=\"https:\/\/ferox.pl\/wp-content\/uploads\/start-kontenerowe-elektrocieplownie-1.jpg\" \/>\n\t<meta property=\"og:image:width\" content=\"545\" \/>\n\t<meta property=\"og:image:height\" content=\"534\" \/>\n\t<meta property=\"og:image:type\" content=\"image\/jpeg\" \/>\n<meta name=\"twitter:card\" content=\"summary_large_image\" \/>\n<meta name=\"twitter:label1\" content=\"Est. reading time\" \/>\n\t<meta name=\"twitter:data1\" content=\"3 minutes\" \/>\n<script type=\"application\/ld+json\" class=\"yoast-schema-graph\">{\"@context\":\"https:\/\/schema.org\",\"@graph\":[{\"@type\":\"WebPage\",\"@id\":\"https:\/\/ferox.pl\/en\/container-heat-and-power-plants\/\",\"url\":\"https:\/\/ferox.pl\/en\/container-heat-and-power-plants\/\",\"name\":\"Container heat and power plants | Ferox Energy Systems Sp. z o. o.\",\"isPartOf\":{\"@id\":\"https:\/\/ferox.pl\/#website\"},\"primaryImageOfPage\":{\"@id\":\"https:\/\/ferox.pl\/en\/container-heat-and-power-plants\/#primaryimage\"},\"image\":{\"@id\":\"https:\/\/ferox.pl\/en\/container-heat-and-power-plants\/#primaryimage\"},\"thumbnailUrl\":\"https:\/\/ferox.pl\/wp-content\/uploads\/start-kontenerowe-elektrocieplownie-1.jpg\",\"datePublished\":\"2022-03-02T18:26:07+00:00\",\"dateModified\":\"2022-03-31T19:39:33+00:00\",\"breadcrumb\":{\"@id\":\"https:\/\/ferox.pl\/en\/container-heat-and-power-plants\/#breadcrumb\"},\"inLanguage\":\"en-US\",\"potentialAction\":[{\"@type\":\"ReadAction\",\"target\":[\"https:\/\/ferox.pl\/en\/container-heat-and-power-plants\/\"]}]},{\"@type\":\"ImageObject\",\"inLanguage\":\"en-US\",\"@id\":\"https:\/\/ferox.pl\/en\/container-heat-and-power-plants\/#primaryimage\",\"url\":\"https:\/\/ferox.pl\/wp-content\/uploads\/start-kontenerowe-elektrocieplownie-1.jpg\",\"contentUrl\":\"https:\/\/ferox.pl\/wp-content\/uploads\/start-kontenerowe-elektrocieplownie-1.jpg\",\"width\":545,\"height\":534},{\"@type\":\"BreadcrumbList\",\"@id\":\"https:\/\/ferox.pl\/en\/container-heat-and-power-plants\/#breadcrumb\",\"itemListElement\":[{\"@type\":\"ListItem\",\"position\":1,\"name\":\"Home\",\"item\":\"https:\/\/ferox.pl\/en\/\"},{\"@type\":\"ListItem\",\"position\":2,\"name\":\"Container heat and power plants\"}]},{\"@type\":\"WebSite\",\"@id\":\"https:\/\/ferox.pl\/#website\",\"url\":\"https:\/\/ferox.pl\/\",\"name\":\"Ferox Energy Systems Sp. z o. o.\",\"description\":\"Ferox Energy Systems sp. z o. o. to firma dzia\u0142aj\u0105ca w bran\u017cy od 1997 roku. Oferujemy kompleksowe rozwi\u0105zania w zakresie uk\u0142ad\u00f3w kogeneracyjnych i trigeneracyjnych na bazie silnik\u00f3w gazowych firmy INNIO Jenbacher.\",\"potentialAction\":[{\"@type\":\"SearchAction\",\"target\":{\"@type\":\"EntryPoint\",\"urlTemplate\":\"https:\/\/ferox.pl\/?s={search_term_string}\"},\"query-input\":{\"@type\":\"PropertyValueSpecification\",\"valueRequired\":true,\"valueName\":\"search_term_string\"}}],\"inLanguage\":\"en-US\"}]}<\/script>\n<!-- \/ Yoast SEO plugin. -->","yoast_head_json":{"title":"Container heat and power plants | Ferox Energy Systems Sp. z o. o.","robots":{"index":"index","follow":"follow","max-snippet":"max-snippet:-1","max-image-preview":"max-image-preview:large","max-video-preview":"max-video-preview:-1"},"canonical":"https:\/\/ferox.pl\/en\/container-heat-and-power-plants\/","og_locale":"en_US","og_type":"article","og_title":"Container heat and power plants | Ferox Energy Systems Sp. z o. o.","og_description":"Compact solution improving power suppy Container heat and power plants are a response to the modern needs of investors. It is a compact solution that optimizes not only costs, but also the space used &#8211; 1MW cogeneration systems are located on an area of \u200b\u200bonly 36 m\u00b2. Containers are a response to the urgent need [&hellip;]","og_url":"https:\/\/ferox.pl\/en\/container-heat-and-power-plants\/","og_site_name":"Ferox Energy Systems Sp. z o. o.","article_modified_time":"2022-03-31T19:39:33+00:00","og_image":[{"width":545,"height":534,"url":"https:\/\/ferox.pl\/wp-content\/uploads\/start-kontenerowe-elektrocieplownie-1.jpg","type":"image\/jpeg"}],"twitter_card":"summary_large_image","twitter_misc":{"Est. reading time":"3 minutes"},"schema":{"@context":"https:\/\/schema.org","@graph":[{"@type":"WebPage","@id":"https:\/\/ferox.pl\/en\/container-heat-and-power-plants\/","url":"https:\/\/ferox.pl\/en\/container-heat-and-power-plants\/","name":"Container heat and power plants | Ferox Energy Systems Sp. z o. o.","isPartOf":{"@id":"https:\/\/ferox.pl\/#website"},"primaryImageOfPage":{"@id":"https:\/\/ferox.pl\/en\/container-heat-and-power-plants\/#primaryimage"},"image":{"@id":"https:\/\/ferox.pl\/en\/container-heat-and-power-plants\/#primaryimage"},"thumbnailUrl":"https:\/\/ferox.pl\/wp-content\/uploads\/start-kontenerowe-elektrocieplownie-1.jpg","datePublished":"2022-03-02T18:26:07+00:00","dateModified":"2022-03-31T19:39:33+00:00","breadcrumb":{"@id":"https:\/\/ferox.pl\/en\/container-heat-and-power-plants\/#breadcrumb"},"inLanguage":"en-US","potentialAction":[{"@type":"ReadAction","target":["https:\/\/ferox.pl\/en\/container-heat-and-power-plants\/"]}]},{"@type":"ImageObject","inLanguage":"en-US","@id":"https:\/\/ferox.pl\/en\/container-heat-and-power-plants\/#primaryimage","url":"https:\/\/ferox.pl\/wp-content\/uploads\/start-kontenerowe-elektrocieplownie-1.jpg","contentUrl":"https:\/\/ferox.pl\/wp-content\/uploads\/start-kontenerowe-elektrocieplownie-1.jpg","width":545,"height":534},{"@type":"BreadcrumbList","@id":"https:\/\/ferox.pl\/en\/container-heat-and-power-plants\/#breadcrumb","itemListElement":[{"@type":"ListItem","position":1,"name":"Home","item":"https:\/\/ferox.pl\/en\/"},{"@type":"ListItem","position":2,"name":"Container heat and power plants"}]},{"@type":"WebSite","@id":"https:\/\/ferox.pl\/#website","url":"https:\/\/ferox.pl\/","name":"Ferox Energy Systems Sp. z o. o.","description":"Ferox Energy Systems sp. z o. o. to firma dzia\u0142aj\u0105ca w bran\u017cy od 1997 roku. Oferujemy kompleksowe rozwi\u0105zania w zakresie uk\u0142ad\u00f3w kogeneracyjnych i trigeneracyjnych na bazie silnik\u00f3w gazowych firmy INNIO Jenbacher.","potentialAction":[{"@type":"SearchAction","target":{"@type":"EntryPoint","urlTemplate":"https:\/\/ferox.pl\/?s={search_term_string}"},"query-input":{"@type":"PropertyValueSpecification","valueRequired":true,"valueName":"search_term_string"}}],"inLanguage":"en-US"}]}},"_links":{"self":[{"href":"https:\/\/ferox.pl\/en\/wp-json\/wp\/v2\/pages\/1456","targetHints":{"allow":["GET"]}}],"collection":[{"href":"https:\/\/ferox.pl\/en\/wp-json\/wp\/v2\/pages"}],"about":[{"href":"https:\/\/ferox.pl\/en\/wp-json\/wp\/v2\/types\/page"}],"author":[{"embeddable":true,"href":"https:\/\/ferox.pl\/en\/wp-json\/wp\/v2\/users\/3"}],"replies":[{"embeddable":true,"href":"https:\/\/ferox.pl\/en\/wp-json\/wp\/v2\/comments?post=1456"}],"version-history":[{"count":7,"href":"https:\/\/ferox.pl\/en\/wp-json\/wp\/v2\/pages\/1456\/revisions"}],"predecessor-version":[{"id":1814,"href":"https:\/\/ferox.pl\/en\/wp-json\/wp\/v2\/pages\/1456\/revisions\/1814"}],"wp:featuredmedia":[{"embeddable":true,"href":"https:\/\/ferox.pl\/en\/wp-json\/wp\/v2\/media\/1386"}],"wp:attachment":[{"href":"https:\/\/ferox.pl\/en\/wp-json\/wp\/v2\/media?parent=1456"}],"curies":[{"name":"wp","href":"https:\/\/api.w.org\/{rel}","templated":true}]}}