{"id":1447,"date":"2022-03-02T19:27:37","date_gmt":"2022-03-02T18:27:37","guid":{"rendered":"https:\/\/ferox.pl\/?page_id=1447"},"modified":"2023-04-07T11:20:24","modified_gmt":"2023-04-07T09:20:24","slug":"cogeneration-facilities","status":"publish","type":"page","link":"https:\/\/ferox.pl\/en\/cogeneration-facilities\/","title":{"rendered":"Cogeneration facilities"},"content":{"rendered":"\n<div class=\"wp-block-columns are-vertically-aligned-center is-layout-flex wp-container-core-columns-is-layout-9d6595d7 wp-block-columns-is-layout-flex\">\n<div class=\"wp-block-column is-vertically-aligned-center is-layout-flow wp-block-column-is-layout-flow\" style=\"flex-basis:40%\">\n<h2 class=\"wp-block-heading\">Ideal solution for local energy sources<\/h2>\n\n\n\n<p class=\"text-justify\"><strong>Object-based cogeneration installations<\/strong> are dedicated solutions for independent, local energy sources. Adapting them to the individual needs and capabilities of the investor is a key element of the efficient operation of the system, as well as the high degree of use of the potential of our co-, tri- and multi-generation systems, suitable both for use in new generation units and for the expansion of existing ones.<\/p>\n\n\n\n<p class=\"text-justify\"><strong>Before starting the design of a cogeneration facility<\/strong>, we conduct a feasibility study, which ensures comprehensive optimization at the design and execution stage. We calculate the demand for properly parameterized thermal energy, analyze the method of energy transmission and set energy production priorities. All this helps to ensure appropriate conditions for the proper operation of the installation, taking into account local needs and spatial possibilities.<\/p>\n<\/div>\n\n\n\n<div class=\"wp-block-column is-vertically-aligned-center is-layout-flow wp-block-column-is-layout-flow\">\n<figure class=\"wp-block-image size-full\"><img decoding=\"async\" src=\"https:\/\/ferox.pl\/wp-content\/uploads\/obiekty-img1.jpg\" alt=\"\" class=\"wp-image-533\"\/><\/figure>\n<\/div>\n<\/div>\n\n\n\n<div class=\"wp-block-columns are-vertically-aligned-center bg-section bg-section--bottom-stick is-layout-flex wp-container-core-columns-is-layout-9d6595d7 wp-block-columns-is-layout-flex\">\n<div class=\"wp-block-column is-vertically-aligned-center is-layout-flow wp-block-column-is-layout-flow\">\n<figure class=\"wp-block-image size-full\"><img loading=\"lazy\" decoding=\"async\" width=\"659\" height=\"454\" src=\"https:\/\/ferox.pl\/wp-content\/uploads\/obiekty-img2.jpg\" alt=\"\" class=\"wp-image-537\"\/><\/figure>\n<\/div>\n\n\n\n<div class=\"wp-block-column is-vertically-aligned-center is-layout-flow wp-block-column-is-layout-flow\" style=\"flex-basis:40%\">\n<h2 class=\"wp-block-heading\">Object cogeneration installations<\/h2>\n\n\n\n<p class=\"text-justify\">The essence of <strong>facility-based cogeneration installations<\/strong> is the ability to respond to the balance of energy economy needs in the field of: electricity, heat, cold or steam. Dedicated solutions guarantee efficient and long life of the investment with precise adjustment of the installation operation to the needs of the workplace. Due to the availability of fuel, <strong>site-based cogeneration installations<\/strong> powered by network natural gas are most often implemented, although sometimes gaseous alternative fuels or hydrogen are also used.<\/p>\n<\/div>\n<\/div>\n\n\n\n<\/div><figure class=\"wp-block-image size-full parallax-section ovh\"><img decoding=\"async\" loading=\"lazy\" src=\"https:\/\/ferox.pl\/wp-content\/uploads\/obiekty-img3.jpg\" alt=\"\" class=\"wp-image-541\" srcset=\"https:\/\/ferox.pl\/wp-content\/uploads\/obiekty-img3.jpg 1920w, https:\/\/ferox.pl\/wp-content\/uploads\/obiekty-img3-750x514.jpg 750w, https:\/\/ferox.pl\/wp-content\/uploads\/obiekty-img3-1024x702.jpg 1024w, https:\/\/ferox.pl\/wp-content\/uploads\/obiekty-img3-768x527.jpg 768w, https:\/\/ferox.pl\/wp-content\/uploads\/obiekty-img3-1536x1054.jpg 1536w\" sizes=\"auto, (max-width: 1920px) 100vw, 1920px\" width=\"1920\" height=\"1317\" data-parallax=\"{&quot;y&quot;:200}\"><\/figure><div class=\"container\">\n\n\n\n<h3 class=\"wp-block-heading has-text-align-center pt-6 pb-3 has-text-color\" style=\"color:#1e243e\">There are many advantages of this solution:<\/h3>\n\n\n\n<ul class=\"list-simple wp-block-list\">\n<li>\n<img loading=\"lazy\" decoding=\"async\" width=\"80\" height=\"80\" class=\"wp-image-552 lred\" style=\"width: 80px;\" src=\"https:\/\/ferox.pl\/wp-content\/uploads\/obiekty-icon1.png\" alt=\"\">\n<img decoding=\"async\" class=\"wp-image-552 lgreen\" style=\"width: 80px;\" src=\"https:\/\/ferox.pl\/wp-content\/uploads\/obiekty-icon1-green.png\" alt=\"\">\nHigh efficiency in the production of electricity<\/li>\n\n\n\n<li>\n<img loading=\"lazy\" decoding=\"async\" width=\"80\" height=\"80\" class=\"wp-image-554 lred\" style=\"width: 80px;\" src=\"https:\/\/ferox.pl\/wp-content\/uploads\/obiekty-icon2.png\" alt=\"\">\n<img decoding=\"async\" class=\"wp-image-554 lgreen\" style=\"width: 80px;\" src=\"https:\/\/ferox.pl\/wp-content\/uploads\/obiekty-icon2-green.png\" alt=\"\">\nPossibility of heat energy output in the form of hot water or steam with the option of producing cold<\/li>\n\n\n\n<li>\n<img loading=\"lazy\" decoding=\"async\" width=\"80\" height=\"80\" class=\"wp-image-556 lred\" style=\"width: 80px;\" src=\"https:\/\/ferox.pl\/wp-content\/uploads\/obiekty-icon3.png\" alt=\"\">\n<img decoding=\"async\" class=\"wp-image-556 lgreen\" style=\"width: 80px;\" src=\"https:\/\/ferox.pl\/wp-content\/uploads\/obiekty-icon3-green.png\" alt=\"\">\nThe possibility of capturing CO2 from the exhaust gas, used for fertilizing greenhouse crops<\/li>\n\n\n\n<li>\n<img loading=\"lazy\" decoding=\"async\" width=\"80\" height=\"80\" class=\"wp-image-558 lred\" style=\"width: 80px;\" src=\"https:\/\/ferox.pl\/wp-content\/uploads\/obiekty-icon4.png\" alt=\"\">\n<img decoding=\"async\" class=\"wp-image-558 lgreen\" style=\"width: 80px;\" src=\"https:\/\/ferox.pl\/wp-content\/uploads\/obiekty-icon4-green.png\" alt=\"\">\nHigh total efficiency at the level of 80-90%<\/li>\n\n\n\n<li>\n<img loading=\"lazy\" decoding=\"async\" width=\"99\" height=\"80\" class=\"wp-image-561 lred\" style=\"width: 99px;\" src=\"https:\/\/ferox.pl\/wp-content\/uploads\/obiekty-icon5.png\" alt=\"\">\n<img decoding=\"async\" class=\"wp-image-561 lgreen\" style=\"width: 99px;\" src=\"https:\/\/ferox.pl\/wp-content\/uploads\/obiekty-icon5-green.png\" alt=\"\">\nIndependence from external suppliers of electricity and heat<\/li>\n\n\n\n<li>\n<img loading=\"lazy\" decoding=\"async\" width=\"93\" height=\"80\" class=\"wp-image-563 lred\" style=\"width: 93px;\" src=\"https:\/\/ferox.pl\/wp-content\/uploads\/obiekty-icon6.png\" alt=\"\">\n<img decoding=\"async\" class=\"wp-image-563 lgreen\" style=\"width: 93px;\" src=\"https:\/\/ferox.pl\/wp-content\/uploads\/obiekty-icon6-green.png\" alt=\"\">\nCompact design with the option of container development<\/li>\n\n\n\n<li>\n<img loading=\"lazy\" decoding=\"async\" width=\"111\" height=\"80\" class=\"wp-image-565 lred\" style=\"width: 111px;\" src=\"https:\/\/ferox.pl\/wp-content\/uploads\/obiekty-icon7.png\" alt=\"\">\n<img decoding=\"async\" class=\"wp-image-565 lgreen\" style=\"width: 111px;\" src=\"https:\/\/ferox.pl\/wp-content\/uploads\/obiekty-icon7-green.png\" alt=\"\">\nThe possibility of using various gaseous fuels, i.e. natural gas, biogas, gas accompanying the extraction of crude oil, mine gas<\/li>\n\n\n\n<li>\n<img loading=\"lazy\" decoding=\"async\" width=\"96\" height=\"80\" class=\"wp-image-567 lred\" style=\"width: 96px;\" src=\"https:\/\/ferox.pl\/wp-content\/uploads\/obiekty-icon8.png\" alt=\"\">\n<img decoding=\"async\" class=\"wp-image-567 lgreen\" style=\"width: 96px;\" src=\"https:\/\/ferox.pl\/wp-content\/uploads\/obiekty-icon8-green.png\" alt=\"\">\nLow emission levels and positive environmental effect<\/li>\n\n\n\n<li>\n<img loading=\"lazy\" decoding=\"async\" width=\"80\" height=\"80\" class=\"wp-image-569 lred\" style=\"width: 80px;\" src=\"https:\/\/ferox.pl\/wp-content\/uploads\/obiekty-icon9.png\" alt=\"\">\n<img decoding=\"async\" class=\"wp-image-569 lgreen\" style=\"width: 80px;\" src=\"https:\/\/ferox.pl\/wp-content\/uploads\/obiekty-icon9-green.png\" alt=\"\">\nThe possibility of obtaining funding under programs aimed at improving energy efficiency and reducing CO2 emissions<\/li>\n\n\n\n<li>\n<img loading=\"lazy\" decoding=\"async\" width=\"80\" height=\"80\" class=\"wp-image-571 lred\" style=\"width: 80px;\" src=\"https:\/\/ferox.pl\/wp-content\/uploads\/obiekty-icon10.png\" alt=\"\">\n<img decoding=\"async\" class=\"wp-image-571 lgreen\" style=\"width: 80px;\" src=\"https:\/\/ferox.pl\/wp-content\/uploads\/obiekty-icon10-green.png\" alt=\"\">\nReliability<\/li>\n<\/ul>\n\n\n\n<div class=\"wp-block-columns are-vertically-aligned-center pt-7 is-layout-flex wp-container-core-columns-is-layout-9d6595d7 wp-block-columns-is-layout-flex\">\n<div class=\"wp-block-column is-vertically-aligned-center is-layout-flow wp-block-column-is-layout-flow\" style=\"flex-basis:40%\">\n<h2 class=\"wp-block-heading has-cyan-bluish-gray-color has-text-color\">Ferox \u2013 specialists in cogeneration systems<\/h2>\n\n\n\n<p class=\"text-justify\">We are specialized in building cogeneration systems. We possess many years of experience and have been performing projects in many areas like CHP, industry, horticulture, landfills, powerplants, sewage treatment plants, biogas plants and others.<\/p>\n\n\n\n<p class=\"text-justify\">We start project execution with analyzing customer need an technical and economical possibilities. We help with securing external financing or subsidies. We prepare design and apply for all required permits. We build turn-key cogeneration systems and train customer\u2019s personnel. We provide advice and assistance on every step of the process and take care of high reliability and durability with our maintenance services. We offer 24\/7 <a href=\"https:\/\/ferox.pl\/en\/autoryzowany-serwis\/warranty-and-post-warranty-service\/\">warranty and post warranty services.<\/a><\/p>\n<\/div>\n\n\n\n<div class=\"wp-block-column is-vertically-aligned-center is-layout-flow wp-block-column-is-layout-flow\">\n<figure class=\"wp-block-image size-full\"><img loading=\"lazy\" decoding=\"async\" width=\"659\" height=\"695\" src=\"https:\/\/ferox.pl\/wp-content\/uploads\/obiekty-img4.jpg\" alt=\"\" class=\"wp-image-544\" srcset=\"https:\/\/ferox.pl\/wp-content\/uploads\/obiekty-img4.jpg 659w, https:\/\/ferox.pl\/wp-content\/uploads\/obiekty-img4-522x550.jpg 522w\" sizes=\"auto, (max-width: 659px) 100vw, 659px\" \/><\/figure>\n<\/div>\n<\/div>\n","protected":false},"excerpt":{"rendered":"<p>Ideal solution for local energy sources Object-based cogeneration installations are dedicated solutions for independent, local energy sources. Adapting them to the individual needs and capabilities of the investor is a key element of the efficient operation of the system, as well as the high degree of use of the potential of our co-, tri- and [&hellip;]<\/p>\n","protected":false},"author":3,"featured_media":1678,"parent":0,"menu_order":0,"comment_status":"closed","ping_status":"closed","template":"","meta":{"_acf_changed":false,"footnotes":""},"class_list":["post-1447","page","type-page","status-publish","has-post-thumbnail","hentry"],"acf":[],"yoast_head":"<!-- This site is optimized with the Yoast SEO plugin v26.4 - https:\/\/yoast.com\/wordpress\/plugins\/seo\/ -->\n<title>Cogeneration facilities | Ferox Energy Systems Sp. z o. o.<\/title>\n<meta name=\"robots\" content=\"index, follow, max-snippet:-1, max-image-preview:large, max-video-preview:-1\" \/>\n<link rel=\"canonical\" href=\"https:\/\/ferox.pl\/en\/cogeneration-facilities\/\" \/>\n<meta property=\"og:locale\" content=\"en_US\" \/>\n<meta property=\"og:type\" content=\"article\" \/>\n<meta property=\"og:title\" content=\"Cogeneration facilities | Ferox Energy Systems Sp. z o. o.\" \/>\n<meta property=\"og:description\" content=\"Ideal solution for local energy sources Object-based cogeneration installations are dedicated solutions for independent, local energy sources. Adapting them to the individual needs and capabilities of the investor is a key element of the efficient operation of the system, as well as the high degree of use of the potential of our co-, tri- and [&hellip;]\" \/>\n<meta property=\"og:url\" content=\"https:\/\/ferox.pl\/en\/cogeneration-facilities\/\" \/>\n<meta property=\"og:site_name\" content=\"Ferox Energy Systems Sp. z o. o.\" \/>\n<meta property=\"article:modified_time\" content=\"2023-04-07T09:20:24+00:00\" \/>\n<meta property=\"og:image\" content=\"https:\/\/ferox.pl\/wp-content\/uploads\/start-obiekty-kogeneracyjne-2.jpg\" \/>\n\t<meta property=\"og:image:width\" content=\"545\" \/>\n\t<meta property=\"og:image:height\" content=\"534\" \/>\n\t<meta property=\"og:image:type\" content=\"image\/jpeg\" \/>\n<meta name=\"twitter:card\" content=\"summary_large_image\" \/>\n<meta name=\"twitter:label1\" content=\"Est. reading time\" \/>\n\t<meta name=\"twitter:data1\" content=\"6 minutes\" \/>\n<script type=\"application\/ld+json\" class=\"yoast-schema-graph\">{\"@context\":\"https:\/\/schema.org\",\"@graph\":[{\"@type\":\"WebPage\",\"@id\":\"https:\/\/ferox.pl\/en\/cogeneration-facilities\/\",\"url\":\"https:\/\/ferox.pl\/en\/cogeneration-facilities\/\",\"name\":\"Cogeneration facilities | Ferox Energy Systems Sp. z o. o.\",\"isPartOf\":{\"@id\":\"https:\/\/ferox.pl\/#website\"},\"primaryImageOfPage\":{\"@id\":\"https:\/\/ferox.pl\/en\/cogeneration-facilities\/#primaryimage\"},\"image\":{\"@id\":\"https:\/\/ferox.pl\/en\/cogeneration-facilities\/#primaryimage\"},\"thumbnailUrl\":\"https:\/\/ferox.pl\/wp-content\/uploads\/start-obiekty-kogeneracyjne-2.jpg\",\"datePublished\":\"2022-03-02T18:27:37+00:00\",\"dateModified\":\"2023-04-07T09:20:24+00:00\",\"breadcrumb\":{\"@id\":\"https:\/\/ferox.pl\/en\/cogeneration-facilities\/#breadcrumb\"},\"inLanguage\":\"en-US\",\"potentialAction\":[{\"@type\":\"ReadAction\",\"target\":[\"https:\/\/ferox.pl\/en\/cogeneration-facilities\/\"]}]},{\"@type\":\"ImageObject\",\"inLanguage\":\"en-US\",\"@id\":\"https:\/\/ferox.pl\/en\/cogeneration-facilities\/#primaryimage\",\"url\":\"https:\/\/ferox.pl\/wp-content\/uploads\/start-obiekty-kogeneracyjne-2.jpg\",\"contentUrl\":\"https:\/\/ferox.pl\/wp-content\/uploads\/start-obiekty-kogeneracyjne-2.jpg\",\"width\":545,\"height\":534},{\"@type\":\"BreadcrumbList\",\"@id\":\"https:\/\/ferox.pl\/en\/cogeneration-facilities\/#breadcrumb\",\"itemListElement\":[{\"@type\":\"ListItem\",\"position\":1,\"name\":\"Home\",\"item\":\"https:\/\/ferox.pl\/en\/\"},{\"@type\":\"ListItem\",\"position\":2,\"name\":\"Cogeneration facilities\"}]},{\"@type\":\"WebSite\",\"@id\":\"https:\/\/ferox.pl\/#website\",\"url\":\"https:\/\/ferox.pl\/\",\"name\":\"Ferox Energy Systems Sp. z o. o.\",\"description\":\"Ferox Energy Systems sp. z o. o. to firma dzia\u0142aj\u0105ca w bran\u017cy od 1997 roku. Oferujemy kompleksowe rozwi\u0105zania w zakresie uk\u0142ad\u00f3w kogeneracyjnych i trigeneracyjnych na bazie silnik\u00f3w gazowych firmy INNIO Jenbacher.\",\"potentialAction\":[{\"@type\":\"SearchAction\",\"target\":{\"@type\":\"EntryPoint\",\"urlTemplate\":\"https:\/\/ferox.pl\/?s={search_term_string}\"},\"query-input\":{\"@type\":\"PropertyValueSpecification\",\"valueRequired\":true,\"valueName\":\"search_term_string\"}}],\"inLanguage\":\"en-US\"}]}<\/script>\n<!-- \/ Yoast SEO plugin. -->","yoast_head_json":{"title":"Cogeneration facilities | Ferox Energy Systems Sp. z o. o.","robots":{"index":"index","follow":"follow","max-snippet":"max-snippet:-1","max-image-preview":"max-image-preview:large","max-video-preview":"max-video-preview:-1"},"canonical":"https:\/\/ferox.pl\/en\/cogeneration-facilities\/","og_locale":"en_US","og_type":"article","og_title":"Cogeneration facilities | Ferox Energy Systems Sp. z o. o.","og_description":"Ideal solution for local energy sources Object-based cogeneration installations are dedicated solutions for independent, local energy sources. Adapting them to the individual needs and capabilities of the investor is a key element of the efficient operation of the system, as well as the high degree of use of the potential of our co-, tri- and [&hellip;]","og_url":"https:\/\/ferox.pl\/en\/cogeneration-facilities\/","og_site_name":"Ferox Energy Systems Sp. z o. o.","article_modified_time":"2023-04-07T09:20:24+00:00","og_image":[{"width":545,"height":534,"url":"https:\/\/ferox.pl\/wp-content\/uploads\/start-obiekty-kogeneracyjne-2.jpg","type":"image\/jpeg"}],"twitter_card":"summary_large_image","twitter_misc":{"Est. reading time":"6 minutes"},"schema":{"@context":"https:\/\/schema.org","@graph":[{"@type":"WebPage","@id":"https:\/\/ferox.pl\/en\/cogeneration-facilities\/","url":"https:\/\/ferox.pl\/en\/cogeneration-facilities\/","name":"Cogeneration facilities | Ferox Energy Systems Sp. z o. o.","isPartOf":{"@id":"https:\/\/ferox.pl\/#website"},"primaryImageOfPage":{"@id":"https:\/\/ferox.pl\/en\/cogeneration-facilities\/#primaryimage"},"image":{"@id":"https:\/\/ferox.pl\/en\/cogeneration-facilities\/#primaryimage"},"thumbnailUrl":"https:\/\/ferox.pl\/wp-content\/uploads\/start-obiekty-kogeneracyjne-2.jpg","datePublished":"2022-03-02T18:27:37+00:00","dateModified":"2023-04-07T09:20:24+00:00","breadcrumb":{"@id":"https:\/\/ferox.pl\/en\/cogeneration-facilities\/#breadcrumb"},"inLanguage":"en-US","potentialAction":[{"@type":"ReadAction","target":["https:\/\/ferox.pl\/en\/cogeneration-facilities\/"]}]},{"@type":"ImageObject","inLanguage":"en-US","@id":"https:\/\/ferox.pl\/en\/cogeneration-facilities\/#primaryimage","url":"https:\/\/ferox.pl\/wp-content\/uploads\/start-obiekty-kogeneracyjne-2.jpg","contentUrl":"https:\/\/ferox.pl\/wp-content\/uploads\/start-obiekty-kogeneracyjne-2.jpg","width":545,"height":534},{"@type":"BreadcrumbList","@id":"https:\/\/ferox.pl\/en\/cogeneration-facilities\/#breadcrumb","itemListElement":[{"@type":"ListItem","position":1,"name":"Home","item":"https:\/\/ferox.pl\/en\/"},{"@type":"ListItem","position":2,"name":"Cogeneration facilities"}]},{"@type":"WebSite","@id":"https:\/\/ferox.pl\/#website","url":"https:\/\/ferox.pl\/","name":"Ferox Energy Systems Sp. z o. o.","description":"Ferox Energy Systems sp. z o. o. to firma dzia\u0142aj\u0105ca w bran\u017cy od 1997 roku. Oferujemy kompleksowe rozwi\u0105zania w zakresie uk\u0142ad\u00f3w kogeneracyjnych i trigeneracyjnych na bazie silnik\u00f3w gazowych firmy INNIO Jenbacher.","potentialAction":[{"@type":"SearchAction","target":{"@type":"EntryPoint","urlTemplate":"https:\/\/ferox.pl\/?s={search_term_string}"},"query-input":{"@type":"PropertyValueSpecification","valueRequired":true,"valueName":"search_term_string"}}],"inLanguage":"en-US"}]}},"_links":{"self":[{"href":"https:\/\/ferox.pl\/en\/wp-json\/wp\/v2\/pages\/1447","targetHints":{"allow":["GET"]}}],"collection":[{"href":"https:\/\/ferox.pl\/en\/wp-json\/wp\/v2\/pages"}],"about":[{"href":"https:\/\/ferox.pl\/en\/wp-json\/wp\/v2\/types\/page"}],"author":[{"embeddable":true,"href":"https:\/\/ferox.pl\/en\/wp-json\/wp\/v2\/users\/3"}],"replies":[{"embeddable":true,"href":"https:\/\/ferox.pl\/en\/wp-json\/wp\/v2\/comments?post=1447"}],"version-history":[{"count":10,"href":"https:\/\/ferox.pl\/en\/wp-json\/wp\/v2\/pages\/1447\/revisions"}],"predecessor-version":[{"id":2295,"href":"https:\/\/ferox.pl\/en\/wp-json\/wp\/v2\/pages\/1447\/revisions\/2295"}],"wp:featuredmedia":[{"embeddable":true,"href":"https:\/\/ferox.pl\/en\/wp-json\/wp\/v2\/media\/1678"}],"wp:attachment":[{"href":"https:\/\/ferox.pl\/en\/wp-json\/wp\/v2\/media?parent=1447"}],"curies":[{"name":"wp","href":"https:\/\/api.w.org\/{rel}","templated":true}]}}